{"id":734277,"date":"2025-08-27T22:25:14","date_gmt":"2025-08-27T19:25:14","guid":{"rendered":"https:\/\/roveyayinevi.com.tr\/index.php\/urun\/kim-bu-ciltli\/"},"modified":"2026-04-16T02:42:03","modified_gmt":"2026-04-15T23:42:03","slug":"kim-bu-ciltli","status":"publish","type":"product","link":"https:\/\/roveyayinevi.com.tr\/index.php\/urun\/kim-bu-ciltli\/","title":{"rendered":"Kim Bu (Ciltli)"},"content":{"rendered":"<p>T\u00fcrkiye&#8217;de pek de s\u0131radan olmayan bir ya\u015fam&#8230; T\u00fcrk\u00e7e ve \u0130ngilizce bask\u0131lar\u0131 e\u015fzamanl\u0131 yay\u0131mlanan Kim Bu \/ Lady Who, 1959&#8217;da hen\u00fcz yirmi iki ya\u015f\u0131ndayken Galler&#8217;den ayr\u0131l\u0131p, \u00f6nce \u0130stanbul&#8217;a sonra Ayd\u0131n&#8217;a yerle\u015fen Joan Kim Erkan&#8217;\u0131n T\u00fcrkiye&#8217;deki altm\u0131\u015f y\u0131ll\u0131k hik\u00e2yesine odaklan\u0131yor.  Yabanc\u0131 gelin olarak geldi\u011fi ve hi\u00e7 tan\u0131mad\u0131\u011f\u0131 bir \u00fclkede b\u00fcy\u00fcleyici bir hayat s\u00fcren Erkan&#8217;\u0131n ki\u015fisel an\u0131lar\u0131na dayanan eser; Avrupa ve Asya&#8217;n\u0131n kav\u015fa\u011f\u0131ndaki T\u00fcrkiye&#8217;nin ge\u00e7irdi\u011fi h\u0131zl\u0131 de\u011fi\u015fimi, siyasal ve k\u00fclt\u00fcrel d\u00f6n\u00fcm noktalar\u0131n\u0131 da incelikle yans\u0131t\u0131yor.B\u00fcy\u00fck bir a\u015fkla, fedak\u00e2rl\u0131kla ve adanm\u0131\u015fl\u0131kla mutlulu\u011funu sa\u011flam temeller \u00fczerine in\u015fa eden Kim, sevdi\u011fi adam u\u011fruna ailesini geride b\u0131rak\u0131p binlerce kilometre \u00f6tedeki yeni yuvas\u0131na ula\u015ft\u0131\u011f\u0131nda i\u00e7i i\u00e7ine s\u0131\u011fmayan bir \u00e7ocuktan farks\u0131zd\u0131r. Hi\u00e7 al\u0131\u015f\u0131k olmad\u0131\u011f\u0131 k\u00fclt\u00fcr, \u00f6rf ve \u00e2detlere h\u0131zl\u0131ca ayak uydursa da; ki\u015fili\u011finden asla taviz vermeyecektir. Kendisini \u015fefkatle ba\u011fr\u0131na basan T\u00fcrkiye&#8217;deki ya\u015fant\u0131s\u0131ndan ziyadesiyle ho\u015fnuttur. Oysa zaman hep de onun hayal etti\u011fi gibi tozpembe ak\u0131p gitmeyecektir&#8230; Kalbi her daim \u201cbizimle\u201d birlikte \u00e7arpan Galli bir kad\u0131n\u0131n refah i\u00e7inde ge\u00e7en g\u00fcnleri kadar k\u0131tl\u0131klarla, kaos ve asker\u00ee darbelerle sars\u0131lan zor g\u00fcnlerini de anlatan Kim Bu \/ Lady Who, an\u0131larda ya\u015fayan ve belleklerden hi\u00e7 silinmeyen nostaljik bir T\u00fcrkiye panoramas\u0131 \u00e7iziyor.  Kitap ayr\u0131ca, Erkan&#8217;\u0131n ge\u00e7ti\u011fimiz altm\u0131\u015f y\u0131lda k\u00fclt\u00fcr, sanat, siyaset ve i\u015f d\u00fcnyas\u0131ndan tan\u0131\u015ft\u0131\u011f\u0131 \u00f6nemli ki\u015filerle ya\u015fad\u0131\u011f\u0131 an\u0131lar\u0131n\u0131 samimi bir dille payla\u015f\u0131yor. \u201cYirminci y\u00fczy\u0131l\u0131n ikinci yar\u0131s\u0131nda T\u00fcrkiye&#8217;deki ya\u015fam\u0131 anlatan bu kitap bir hazine de\u011ferinde. Bence e\u015fi benzeri yok. Kitaptaki bak\u0131\u015f a\u00e7\u0131s\u0131 d\u0131\u015far\u0131dan bir g\u00f6zlem gibi dursa da bir\u00e7ok b\u00f6l\u00fcm, karakter ve olay asl\u0131nda i\u00e7eriden birinin g\u00f6zlemi olarak aktar\u0131l\u0131yor.\u201dRoger Norman<\/p>\n","protected":false},"excerpt":{"rendered":"<p>T\u00fcrkiye&#8217;de pek de s\u0131radan olmayan bir ya\u015fam&#8230; T\u00fcrk\u00e7e ve \u0130ngilizce bask\u0131lar\u0131 e\u015fzamanl\u0131 yay\u0131mlanan Kim Bu \/ Lady Who, 1959&#8217;da hen\u00fcz yirmi iki ya\u015f\u0131ndayken Galler&#8217;den ayr\u0131l\u0131p, \u00f6nce<span class=\"excerpt-hellip\"> [\u2026]<\/span><\/p>\n","protected":false},"featured_media":0,"template":"","meta":{"_monsterinsights_skip_tracking":false,"_monsterinsights_sitenote_active":false,"_monsterinsights_sitenote_note":"","_monsterinsights_sitenote_category":0},"product_brand":[],"product_cat":[12291,12711],"product_tag":[],"class_list":{"0":"post-734277","1":"product","2":"type-product","3":"status-publish","5":"product_cat-edebiyat","6":"product_cat-roman-oyku","7":"pa_cilt-ciltli","8":"pa_tur-kitap","9":"pa_yayinevi-delidolu","10":"pa_yazar-joan-kim-erkan","12":"first","13":"instock","14":"sale","15":"shipping-taxable","16":"purchasable","17":"product-type-simple"},"_links":{"self":[{"href":"https:\/\/roveyayinevi.com.tr\/index.php\/wp-json\/wp\/v2\/product\/734277","targetHints":{"allow":["GET"]}}],"collection":[{"href":"https:\/\/roveyayinevi.com.tr\/index.php\/wp-json\/wp\/v2\/product"}],"about":[{"href":"https:\/\/roveyayinevi.com.tr\/index.php\/wp-json\/wp\/v2\/types\/product"}],"wp:attachment":[{"href":"https:\/\/roveyayinevi.com.tr\/index.php\/wp-json\/wp\/v2\/media?parent=734277"}],"wp:term":[{"taxonomy":"product_brand","embeddable":true,"href":"https:\/\/roveyayinevi.com.tr\/index.php\/wp-json\/wp\/v2\/product_brand?post=734277"},{"taxonomy":"product_cat","embeddable":true,"href":"https:\/\/roveyayinevi.com.tr\/index.php\/wp-json\/wp\/v2\/product_cat?post=734277"},{"taxonomy":"product_tag","embeddable":true,"href":"https:\/\/roveyayinevi.com.tr\/index.php\/wp-json\/wp\/v2\/product_tag?post=734277"}],"curies":[{"name":"wp","href":"https:\/\/api.w.org\/{rel}","templated":true}]}}