{"id":734276,"date":"2025-08-27T22:25:13","date_gmt":"2025-08-27T19:25:13","guid":{"rendered":"https:\/\/roveyayinevi.com.tr\/index.php\/urun\/agroekoloji-baska-bir-tarim-mumkun\/"},"modified":"2026-04-16T02:42:03","modified_gmt":"2026-04-15T23:42:03","slug":"agroekoloji-baska-bir-tarim-mumkun","status":"publish","type":"product","link":"https:\/\/roveyayinevi.com.tr\/index.php\/urun\/agroekoloji-baska-bir-tarim-mumkun\/","title":{"rendered":"Agroekoloji Ba\u015fka Bir Tar\u0131m M\u00fcmk\u00fcn"},"content":{"rendered":"<p>Bir bilim, uygulama ve hareket olarak 1980\u2019lerde d\u00fcnya sahnesine \u00e7\u0131kan agroekoloji g\u00fcn\u00fcm\u00fczde, end\u00fcstriyelle\u015fmi\u015f, tek tip \u00fcr\u00fcne dayanan, do\u011faya zarar veren, k\u00e2r rasyonalitesini temel alan \u015firket tipi \u00fcretim kar\u015f\u0131s\u0131nda g\u00fc\u00e7l\u00fc bir alternatif haline gelmektedir. Agroekoloji organik tar\u0131m, permak\u00fclt\u00fcr, onar\u0131c\u0131 tar\u0131m, do\u011fal tar\u0131m gibi de\u011fi\u015fik yakla\u015f\u0131mlar\u0131 bir araya toplar ama bunlardan daha fazlas\u0131d\u0131r: Ay\u0131rt edici hedefleri aras\u0131nda \u00e7ift\u00e7ilerin girdi ba\u011f\u0131ml\u0131l\u0131\u011f\u0131n\u0131 ortadan kald\u0131rmak, g\u0131da \u00fcretimine bir ekonomi-politik meselesi olarak bakarak gelir da\u011f\u0131l\u0131m\u0131n\u0131n daha adil hale gelmesine \u00e7al\u0131\u015fmak, zararl\u0131lar\u0131n ve hastal\u0131klar\u0131n polik\u00fclt\u00fcr, do\u011fal \u015feritler, do\u011fal tarla s\u0131n\u0131rlar\u0131 vb. uygulamalarla kontrol alt\u0131na al\u0131nmas\u0131, \u00e7ift\u00e7iden \u00e7ift\u00e7iye bilgi aktar\u0131m\u0131n\u0131 hayata ge\u00e7irmek, tar\u0131msal sorunlar\u0131n \u00e7\u00f6z\u00fcm\u00fc i\u00e7in geleneksel kadim bilgiyi g\u00fcn\u00fcm\u00fcz\u00fcn bilimsel tar\u0131m bilgisiyle b\u00fct\u00fcnle\u015ftirmek, genel ge\u00e7erli re\u00e7eteler yerine, yerele odaklanan bir bilgi birikimini ve payla\u015f\u0131m\u0131n\u0131 te\u015fvik etmektir. \u0130yi haber: D\u00fcnya \u00e7ap\u0131ndaki g\u0131da \u015firketlerinin b\u00fct\u00fcn bask\u0131lar\u0131na ra\u011fmen g\u00fcn\u00fcm\u00fczde g\u0131da \u00fcretiminin %70\u2019i h\u00e2l\u00e2 k\u00fc\u00e7\u00fck \u00e7ift\u00e7ilikle yap\u0131l\u0131yor. Bunun anlam\u0131, sa\u011fl\u0131kl\u0131 g\u0131dalar i\u00e7in h\u00e2l\u00e2 \u00e7ok ge\u00e7 de\u011fil. Bu kitapta s\u00f6z alan yazarlar agroekolojinin \u00e7e\u015fitli ve\u00e7helerini \u2013yayg\u0131nla\u015fmas\u0131n\u0131n \u00f6n\u00fcndeki engeller ve imk\u00e2nlar da dahil\u2013 ele al\u0131rken bu \u00fcmidi korumaya ve geli\u015ftirmeye \u00e7al\u0131\u015f\u0131yorlar: Ba\u015fka bir tar\u0131m m\u00fcmk\u00fcn, ba\u015fka bir d\u00fcnya m\u00fcmk\u00fcn.<\/p>\n","protected":false},"excerpt":{"rendered":"<p>Bir bilim, uygulama ve hareket olarak 1980\u2019lerde d\u00fcnya sahnesine \u00e7\u0131kan agroekoloji g\u00fcn\u00fcm\u00fczde, end\u00fcstriyelle\u015fmi\u015f, tek tip \u00fcr\u00fcne dayanan, do\u011faya zarar veren, k\u00e2r rasyonalitesini temel alan \u015firket tipi<span class=\"excerpt-hellip\"> [\u2026]<\/span><\/p>\n","protected":false},"featured_media":0,"template":"","meta":{"_monsterinsights_skip_tracking":false,"_monsterinsights_sitenote_active":false,"_monsterinsights_sitenote_note":"","_monsterinsights_sitenote_category":0},"product_brand":[],"product_cat":[13005,13010],"product_tag":[],"class_list":{"0":"post-734276","1":"product","2":"type-product","3":"status-publish","5":"product_cat-bilim-muhendislik","6":"product_cat-doga-bilimleri","7":"pa_cilt-ciltsiz","8":"pa_tur-kitap","9":"pa_yayinevi-metis-yayinlari","10":"pa_yazar-metis-yayinlari-kolektif","12":"first","13":"instock","14":"sale","15":"shipping-taxable","16":"purchasable","17":"product-type-simple"},"_links":{"self":[{"href":"https:\/\/roveyayinevi.com.tr\/index.php\/wp-json\/wp\/v2\/product\/734276","targetHints":{"allow":["GET"]}}],"collection":[{"href":"https:\/\/roveyayinevi.com.tr\/index.php\/wp-json\/wp\/v2\/product"}],"about":[{"href":"https:\/\/roveyayinevi.com.tr\/index.php\/wp-json\/wp\/v2\/types\/product"}],"wp:attachment":[{"href":"https:\/\/roveyayinevi.com.tr\/index.php\/wp-json\/wp\/v2\/media?parent=734276"}],"wp:term":[{"taxonomy":"product_brand","embeddable":true,"href":"https:\/\/roveyayinevi.com.tr\/index.php\/wp-json\/wp\/v2\/product_brand?post=734276"},{"taxonomy":"product_cat","embeddable":true,"href":"https:\/\/roveyayinevi.com.tr\/index.php\/wp-json\/wp\/v2\/product_cat?post=734276"},{"taxonomy":"product_tag","embeddable":true,"href":"https:\/\/roveyayinevi.com.tr\/index.php\/wp-json\/wp\/v2\/product_tag?post=734276"}],"curies":[{"name":"wp","href":"https:\/\/api.w.org\/{rel}","templated":true}]}}