{"id":734273,"date":"2025-08-27T22:25:10","date_gmt":"2025-08-27T19:25:10","guid":{"rendered":"https:\/\/roveyayinevi.com.tr\/index.php\/urun\/kazma-kurek-defter-kitap\/"},"modified":"2026-04-16T02:42:03","modified_gmt":"2026-04-15T23:42:03","slug":"kazma-kurek-defter-kitap","status":"publish","type":"product","link":"https:\/\/roveyayinevi.com.tr\/index.php\/urun\/kazma-kurek-defter-kitap\/","title":{"rendered":"Kazma &#8211; K\u00fcrek, Defter &#8211; Kitap"},"content":{"rendered":"<p>\u201cK\u00f6y Enstit\u00fcleri\u2019ndeki romantik milliyet\u00e7ilik, \u2018tabiat anayla k\u00f6yl\u00fc baban\u0131n\u2019aras\u0131n\u0131n d\u00fczelmesi, ayn\u0131 zamanda k\u00f6y\u00fcn cumhuriyet rejimini i\u00e7selle\u015ftirmesiile do\u011fru orant\u0131l\u0131 olmu\u015ftur. Romantik milliyet\u00e7ilikteki, do\u011fa ve tarihsellikvurgusu cumhuriyetin ulus-devlet in\u015fas\u0131yla bu orant\u0131yla b\u00fct\u00fcnle\u015fmi\u015ftir.Toplumlar\u0131n e\u011fitildik\u00e7e ulusla\u015fmas\u0131 ile topraklar\u0131n i\u015flendik\u00e7e yurtla\u015fmas\u0131,tabiata h\u00e2kim olan ve ileri cemiyetler yaratmay\u0131 ama\u00e7layan K\u00f6yEnstit\u00fcleri\u2019nin en \u00f6nemli s\u00f6ylemi olmu\u015ftur.\u201dEmre Ate\u015f, cumhuriyet tarihinin en tart\u0131\u015fmal\u0131 konular\u0131ndan birinin, K\u00f6yEnstit\u00fcleri\u2019nin ger\u00e7ekli\u011fine taze bir bak\u0131\u015fla e\u011filiyor. Hem \u201cEnstit\u00fc nostaljisine\u201dkap\u0131lmadan, hem bu \u00f6zg\u00fcn tarihsel deneyimin hakk\u0131n\u0131 vererek\u2026 Kitabaad\u0131n\u0131 veren Kazma-K\u00fcrek, Defter-Kitap beraberli\u011fi, Enstit\u00fcler\u2019in \u201ci\u015f i\u00e7indee\u011fitim\u201d (ve \u201cimece\u201d) y\u00f6ntemlerine verdi\u011fi asli \u00f6nemi anlat\u0131yor. K\u00f6yl\u00fcn\u00fcn\u00e7al\u0131\u015farak \u00f6\u011frenmesini ve bu deneyim i\u00e7inde vatanda\u015fla\u015fmas\u0131n\u0131 \u00f6ng\u00f6renbir ayd\u0131nlanma ve kalk\u0131nma projesi&#8230; Bu i\u015flevselci yakla\u015f\u0131m\u0131n, \u201cvazifea\u015fk\u0131\u201d ile \u201cvatan a\u015fk\u0131n\u0131\u201d birle\u015ftirerek, ulus-devlet in\u015fas\u0131nda toplumsalmotivasyonu art\u0131ran bir t\u00fcr \u201csek\u00fcler din\u201d olu\u015fumunu temellendirdi\u011finig\u00f6r\u00fcyoruz. Bu sek\u00fcler din, tarihsel ge\u00e7mi\u015fe reddiye, entelekt\u00fcalizmlebo\u011fu\u015fma, k\u00f6y-\u015fehir ikili\u011fi ve pastoral kooperativizme dayanan bir romantiks\u00f6ylemle \u015fekilleniyor. Bu s\u00f6ylem, yazar\u0131n Bertrand Russell\u2019dan aktard\u0131\u011f\u0131,\u201cAyd\u0131nlanman\u0131n rasyonalizmini, faydac\u0131lar\u0131n pratikli\u011fini, pozitivistlerinmateryalizmini ve bilimciliklerini, sosyalistlerin kolektivizmini ve ekonomikdeterminizmini\u201d yans\u0131tan bir ufka a\u00e7\u0131l\u0131yor. K\u00f6y Enstit\u00fcl\u00fcler\u2019le yap\u0131lang\u00f6r\u00fc\u015fmelerle de zenginle\u015fen, titiz ve canl\u0131 bir \u00e7al\u0131\u015fma.<\/p>\n","protected":false},"excerpt":{"rendered":"<p>\u201cK\u00f6y Enstit\u00fcleri\u2019ndeki romantik milliyet\u00e7ilik, \u2018tabiat anayla k\u00f6yl\u00fc baban\u0131n\u2019aras\u0131n\u0131n d\u00fczelmesi, ayn\u0131 zamanda k\u00f6y\u00fcn cumhuriyet rejimini i\u00e7selle\u015ftirmesiile do\u011fru orant\u0131l\u0131 olmu\u015ftur. Romantik milliyet\u00e7ilikteki, do\u011fa ve tarihsellikvurgusu cumhuriyetin ulus-devlet in\u015fas\u0131yla<span class=\"excerpt-hellip\"> [\u2026]<\/span><\/p>\n","protected":false},"featured_media":0,"template":"","meta":{"_monsterinsights_skip_tracking":false,"_monsterinsights_sitenote_active":false,"_monsterinsights_sitenote_note":"","_monsterinsights_sitenote_category":0},"product_brand":[],"product_cat":[12370,12304],"product_tag":[],"class_list":{"0":"post-734273","1":"product","2":"type-product","3":"status-publish","5":"product_cat-arastirma-inceleme","6":"product_cat-tarih","7":"pa_cilt-ciltsiz","8":"pa_tur-kitap","9":"pa_yayinevi-iletisim-yayinlari","10":"pa_yazar-ahmet-emre-ates","12":"first","13":"instock","14":"sale","15":"shipping-taxable","16":"purchasable","17":"product-type-simple"},"_links":{"self":[{"href":"https:\/\/roveyayinevi.com.tr\/index.php\/wp-json\/wp\/v2\/product\/734273","targetHints":{"allow":["GET"]}}],"collection":[{"href":"https:\/\/roveyayinevi.com.tr\/index.php\/wp-json\/wp\/v2\/product"}],"about":[{"href":"https:\/\/roveyayinevi.com.tr\/index.php\/wp-json\/wp\/v2\/types\/product"}],"wp:attachment":[{"href":"https:\/\/roveyayinevi.com.tr\/index.php\/wp-json\/wp\/v2\/media?parent=734273"}],"wp:term":[{"taxonomy":"product_brand","embeddable":true,"href":"https:\/\/roveyayinevi.com.tr\/index.php\/wp-json\/wp\/v2\/product_brand?post=734273"},{"taxonomy":"product_cat","embeddable":true,"href":"https:\/\/roveyayinevi.com.tr\/index.php\/wp-json\/wp\/v2\/product_cat?post=734273"},{"taxonomy":"product_tag","embeddable":true,"href":"https:\/\/roveyayinevi.com.tr\/index.php\/wp-json\/wp\/v2\/product_tag?post=734273"}],"curies":[{"name":"wp","href":"https:\/\/api.w.org\/{rel}","templated":true}]}}