{"id":734272,"date":"2025-08-27T22:25:09","date_gmt":"2025-08-27T19:25:09","guid":{"rendered":"https:\/\/roveyayinevi.com.tr\/index.php\/urun\/duserken-2\/"},"modified":"2026-04-16T02:42:03","modified_gmt":"2026-04-15T23:42:03","slug":"duserken-2","status":"publish","type":"product","link":"https:\/\/roveyayinevi.com.tr\/index.php\/urun\/duserken-2\/","title":{"rendered":"D\u00fc\u015ferken"},"content":{"rendered":"<p>Deneme ve \u015fiirlerden olu\u015fan kitapta hayata dair \u00e7ok somut ipu\u00e7lar\u0131yla ezberleriniz bozulacak; bildi\u011finiz ama neredeyse unuttu\u011funuz bu ipu\u00e7lar\u0131yla tatl\u0131 bir yolculu\u011fa \u00e7\u0131kacaks\u0131n\u0131z.<\/p>\n","protected":false},"excerpt":{"rendered":"<p>Deneme ve \u015fiirlerden olu\u015fan kitapta hayata dair \u00e7ok somut ipu\u00e7lar\u0131yla ezberleriniz bozulacak; bildi\u011finiz ama neredeyse unuttu\u011funuz bu ipu\u00e7lar\u0131yla tatl\u0131 bir yolculu\u011fa \u00e7\u0131kacaks\u0131n\u0131z.<\/p>\n","protected":false},"featured_media":0,"template":"","meta":{"_monsterinsights_skip_tracking":false,"_monsterinsights_sitenote_active":false,"_monsterinsights_sitenote_note":"","_monsterinsights_sitenote_category":0},"product_brand":[],"product_cat":[12777,12291],"product_tag":[],"class_list":{"0":"post-734272","1":"product","2":"type-product","3":"status-publish","5":"product_cat-deneme","6":"product_cat-edebiyat","7":"pa_cilt-ciltsiz","8":"pa_tur-kitap","9":"pa_yayinevi-fa-yayinlari","10":"pa_yazar-serdar-epozdemir","12":"first","13":"instock","14":"sale","15":"shipping-taxable","16":"purchasable","17":"product-type-simple"},"_links":{"self":[{"href":"https:\/\/roveyayinevi.com.tr\/index.php\/wp-json\/wp\/v2\/product\/734272","targetHints":{"allow":["GET"]}}],"collection":[{"href":"https:\/\/roveyayinevi.com.tr\/index.php\/wp-json\/wp\/v2\/product"}],"about":[{"href":"https:\/\/roveyayinevi.com.tr\/index.php\/wp-json\/wp\/v2\/types\/product"}],"wp:attachment":[{"href":"https:\/\/roveyayinevi.com.tr\/index.php\/wp-json\/wp\/v2\/media?parent=734272"}],"wp:term":[{"taxonomy":"product_brand","embeddable":true,"href":"https:\/\/roveyayinevi.com.tr\/index.php\/wp-json\/wp\/v2\/product_brand?post=734272"},{"taxonomy":"product_cat","embeddable":true,"href":"https:\/\/roveyayinevi.com.tr\/index.php\/wp-json\/wp\/v2\/product_cat?post=734272"},{"taxonomy":"product_tag","embeddable":true,"href":"https:\/\/roveyayinevi.com.tr\/index.php\/wp-json\/wp\/v2\/product_tag?post=734272"}],"curies":[{"name":"wp","href":"https:\/\/api.w.org\/{rel}","templated":true}]}}