{"id":734270,"date":"2025-08-27T22:25:07","date_gmt":"2025-08-27T19:25:07","guid":{"rendered":"https:\/\/roveyayinevi.com.tr\/index.php\/urun\/egitime-cozum\/"},"modified":"2026-04-16T02:42:03","modified_gmt":"2026-04-15T23:42:03","slug":"egitime-cozum","status":"publish","type":"product","link":"https:\/\/roveyayinevi.com.tr\/index.php\/urun\/egitime-cozum\/","title":{"rendered":"E\u011fitime \u00c7\u00f6z\u00fcm"},"content":{"rendered":"<p>Ge\u00e7mi\u015ften g\u00fcn\u00fcm\u00fcze zeki ve ba\u015far\u0131l\u0131 insanlar\u0131n, hayatlar\u0131n\u0131, ald\u0131klar\u0131 e\u011fitim ile k\u00f6kten de\u011fi\u015ftirdi\u011fini bilirsiniz. Kitab\u0131 okuduktan sonra d\u00fcnyan\u0131z\u0131 de\u011fi\u015ftirecek en b\u00fcy\u00fck fikrin ne olaca\u011f\u0131na siz karar verin! \u0130leti\u015fim \u00e7a\u011f\u0131n\u0131 ya\u015fad\u0131\u011f\u0131m\u0131z bu zaman diliminde 19. y\u00fczy\u0131l e\u011fitim anlay\u0131\u015f\u0131m\u0131zla \u00e7a\u011f\u0131 yakalama \u015fans\u0131n\u0131 kaybediyoruz. \u00d6z\u00fc itibariyle bize ait olmayan d\u00fcnyevile\u015ftirme projesiyle birlikte s\u0131radan bir insan\u0131n d\u00fcnya tasavvuru ve alg\u0131s\u0131 b\u00fcy\u00fck \u00f6l\u00e7\u00fcde de\u011fi\u015fti. Bu dejenerasyonun etkisiyle &#8220;k\u00f6\u015feyi d\u00f6n de nas\u0131l d\u00f6nersen d\u00f6n&#8221; zihniyeti h\u00e2kim k\u0131l\u0131nd\u0131\u011f\u0131 i\u00e7in e\u011fitimin \u00f6z\u00fcndeki g\u00fczel ahlakl\u0131 olabilmeyi b\u00fcy\u00fck \u00f6l\u00e7\u00fcde kaybettik. \u0130radenizle karar vererek yapt\u0131\u011f\u0131n\u0131z i\u015fler beyninizi \u00f6zg\u00fcr sizi de mutlu k\u0131lar. Allah insano\u011flunu, mutlulu\u011fu anlayabilecek k\u0131ratta yaratm\u0131\u015ft\u0131r. Beyninizin anahtar\u0131 sizin elinizde, alaca\u011f\u0131n\u0131z &#8220;mesleki e\u011fitim&#8221; ile d\u00fc\u015f\u00fcnce yap\u0131n\u0131z bi\u00e7imlenecektir. \u00c7\u00fcnk\u00fc olumlu veya olumsuz tercih ki\u015finin kim oldu\u011funu belirler. Verdi\u011finiz kararlar zihninizin b\u00fcy\u00fckl\u00fc\u011f\u00fcn\u00fc ortaya koyar. Kitap i\u00e7eri\u011finde d\u00fcnyam\u0131z\u0131 g\u00fczelle\u015ftirmeye y\u00f6nelik, &#8220;Deryaya Bir Damla Su&#8221; bab\u0131nda de\u011fi\u015fik fikirler var. Bilirsiniz, fikirler tohum gibidir. Her tohum her yerde ye\u015fermez. Zaman ve zemini olu\u015funca da bir an i\u00e7in ye\u015fermek ve tomurcuk vermek i\u00e7in de beklemez. Bu kitab\u0131n yay\u0131mlanmas\u0131ndaki ama\u00e7 da e\u011fitim d\u00fcnyas\u0131na bir nebze olsun \u0131\u015f\u0131k tutabilmektir. <\/p>\n","protected":false},"excerpt":{"rendered":"<p>Ge\u00e7mi\u015ften g\u00fcn\u00fcm\u00fcze zeki ve ba\u015far\u0131l\u0131 insanlar\u0131n, hayatlar\u0131n\u0131, ald\u0131klar\u0131 e\u011fitim ile k\u00f6kten de\u011fi\u015ftirdi\u011fini bilirsiniz. Kitab\u0131 okuduktan sonra d\u00fcnyan\u0131z\u0131 de\u011fi\u015ftirecek en b\u00fcy\u00fck fikrin ne olaca\u011f\u0131na siz karar verin!<span class=\"excerpt-hellip\"> [\u2026]<\/span><\/p>\n","protected":false},"featured_media":0,"template":"","meta":{"_monsterinsights_skip_tracking":false,"_monsterinsights_sitenote_active":false,"_monsterinsights_sitenote_note":"","_monsterinsights_sitenote_category":0},"product_brand":[],"product_cat":[12573,12566],"product_tag":[],"class_list":{"0":"post-734270","1":"product","2":"type-product","3":"status-publish","5":"product_cat-akademik-kitaplar","6":"product_cat-egitim","7":"pa_cilt-ciltsiz","8":"pa_tur-kitap","9":"pa_yayinevi-bilge-kultur-sanat","10":"pa_yazar-fuat-bas","12":"first","13":"instock","14":"sale","15":"shipping-taxable","16":"purchasable","17":"product-type-simple"},"_links":{"self":[{"href":"https:\/\/roveyayinevi.com.tr\/index.php\/wp-json\/wp\/v2\/product\/734270","targetHints":{"allow":["GET"]}}],"collection":[{"href":"https:\/\/roveyayinevi.com.tr\/index.php\/wp-json\/wp\/v2\/product"}],"about":[{"href":"https:\/\/roveyayinevi.com.tr\/index.php\/wp-json\/wp\/v2\/types\/product"}],"wp:attachment":[{"href":"https:\/\/roveyayinevi.com.tr\/index.php\/wp-json\/wp\/v2\/media?parent=734270"}],"wp:term":[{"taxonomy":"product_brand","embeddable":true,"href":"https:\/\/roveyayinevi.com.tr\/index.php\/wp-json\/wp\/v2\/product_brand?post=734270"},{"taxonomy":"product_cat","embeddable":true,"href":"https:\/\/roveyayinevi.com.tr\/index.php\/wp-json\/wp\/v2\/product_cat?post=734270"},{"taxonomy":"product_tag","embeddable":true,"href":"https:\/\/roveyayinevi.com.tr\/index.php\/wp-json\/wp\/v2\/product_tag?post=734270"}],"curies":[{"name":"wp","href":"https:\/\/api.w.org\/{rel}","templated":true}]}}