{"id":734269,"date":"2025-08-27T22:25:06","date_gmt":"2025-08-27T19:25:06","guid":{"rendered":"https:\/\/roveyayinevi.com.tr\/index.php\/urun\/kelime-gezgini\/"},"modified":"2026-04-16T02:42:03","modified_gmt":"2026-04-15T23:42:03","slug":"kelime-gezgini","status":"publish","type":"product","link":"https:\/\/roveyayinevi.com.tr\/index.php\/urun\/kelime-gezgini\/","title":{"rendered":"Kelime Gezgini"},"content":{"rendered":"<p>Kelime Gezgini bizleri s\u00f6zc\u00fcklerin pe\u015fine tak\u0131p k\u00fclt\u00fcrleraras\u0131 bir seyahate davet ediyor. Bir taraftan uzayda gezegenden gezegene macera dolu heyecanl\u0131 bir yolculuk yaparken bir taraftan da metnin i\u00e7ine ustal\u0131kla yerle\u015ftirilmi\u015f kelimelerin k\u00f6kenlerini \u00f6\u011freniyoruz. Macera boyunca Atat\u00fcrk\u2019\u00fcn dilimize kazand\u0131rd\u0131\u011f\u0131 kelimelerden, gezegenlere, jelibondan k\u00f6fteye kadar uzanan geni\u015f yelpazedeki s\u00f6zc\u00fcklerin etimolojik a\u00e7\u0131klamas\u0131 ile ba\u015f ba\u015fa kal\u0131yoruz. Dertlerini uzun uzun konu\u015fmak yerine k\u0131salt\u0131lm\u0131\u015f kelimeler ve emojilerle anlatan \u00e7ocuklar\u0131m\u0131z ve gen\u00e7lerimizin toplumla do\u011fru bir ileti\u015fim kurabilmesi i\u00e7in dilimizi bilmesi \u00e7ok k\u0131ymetli. Etimoloji alan\u0131na ilgi duyan \u00e7ocuk ve yeti\u015fkinler i\u00e7in ilk kaynak say\u0131labilecek olan eser, ayn\u0131 zamanda bir ba\u015fucu ve ba\u015fvuru kitab\u0131 olma \u00f6zelli\u011fine de sahip. E\u011flendirirken \u00f6\u011fretme y\u00f6nteminin ba\u015far\u0131l\u0131 bir \u00f6rne\u011fi olan Kelime Gezgini, s\u00fcr\u00fckleyici bir kurgu i\u00e7inde ustaca i\u015flenmi\u015f kelimelerin k\u00f6kenleri, bulmacalar\u0131 ve g\u00f6z al\u0131c\u0131 \u00e7izimleriyle ailece elinizden b\u0131rakamayaca\u011f\u0131n\u0131z bir eser.   D\u00f6nd\u00fc \u0130\u00e7\u00f6z \u00c7ocuk Geli\u015fim Uzman\u0131 <\/p>\n","protected":false},"excerpt":{"rendered":"<p>Kelime Gezgini bizleri s\u00f6zc\u00fcklerin pe\u015fine tak\u0131p k\u00fclt\u00fcrleraras\u0131 bir seyahate davet ediyor. Bir taraftan uzayda gezegenden gezegene macera dolu heyecanl\u0131 bir yolculuk yaparken bir taraftan da metnin<span class=\"excerpt-hellip\"> [\u2026]<\/span><\/p>\n","protected":false},"featured_media":0,"template":"","meta":{"_monsterinsights_skip_tracking":false,"_monsterinsights_sitenote_active":false,"_monsterinsights_sitenote_note":"","_monsterinsights_sitenote_category":0},"product_brand":[],"product_cat":[12275,12274],"product_tag":[],"class_list":{"0":"post-734269","1":"product","2":"type-product","3":"status-publish","5":"product_cat-6-12-yas-kitaplari","6":"product_cat-cocuk-ve-genclik-kitaplari","7":"pa_cilt-ciltsiz","8":"pa_tur-kitap","9":"pa_yayinevi-bilge-kultur-sanat","10":"pa_yazar-mehmet-emin-katirci","12":"first","13":"instock","14":"sale","15":"shipping-taxable","16":"purchasable","17":"product-type-simple"},"_links":{"self":[{"href":"https:\/\/roveyayinevi.com.tr\/index.php\/wp-json\/wp\/v2\/product\/734269","targetHints":{"allow":["GET"]}}],"collection":[{"href":"https:\/\/roveyayinevi.com.tr\/index.php\/wp-json\/wp\/v2\/product"}],"about":[{"href":"https:\/\/roveyayinevi.com.tr\/index.php\/wp-json\/wp\/v2\/types\/product"}],"wp:attachment":[{"href":"https:\/\/roveyayinevi.com.tr\/index.php\/wp-json\/wp\/v2\/media?parent=734269"}],"wp:term":[{"taxonomy":"product_brand","embeddable":true,"href":"https:\/\/roveyayinevi.com.tr\/index.php\/wp-json\/wp\/v2\/product_brand?post=734269"},{"taxonomy":"product_cat","embeddable":true,"href":"https:\/\/roveyayinevi.com.tr\/index.php\/wp-json\/wp\/v2\/product_cat?post=734269"},{"taxonomy":"product_tag","embeddable":true,"href":"https:\/\/roveyayinevi.com.tr\/index.php\/wp-json\/wp\/v2\/product_tag?post=734269"}],"curies":[{"name":"wp","href":"https:\/\/api.w.org\/{rel}","templated":true}]}}