{"id":734267,"date":"2025-08-27T22:25:04","date_gmt":"2025-08-27T19:25:04","guid":{"rendered":"https:\/\/roveyayinevi.com.tr\/index.php\/urun\/siir-sarki-haiku\/"},"modified":"2026-04-16T02:42:03","modified_gmt":"2026-04-15T23:42:03","slug":"siir-sarki-haiku","status":"publish","type":"product","link":"https:\/\/roveyayinevi.com.tr\/index.php\/urun\/siir-sarki-haiku\/","title":{"rendered":"\u015eiir \u015eark\u0131 Haiku"},"content":{"rendered":"<p>Siyah Sanatlar Hareketi\u2019nin kurucular\u0131 aras\u0131nda yer alan Sanchez, ki\u015fisel ve kolektif tinsel b\u00f6l\u00fcnm\u00fc\u015fl\u00fcklerden s\u0131n\u0131fsal \u00e7at\u0131\u015fmalara, Vietnam Sava\u015f\u0131\u2019ndan AIDS kurbanlar\u0131n\u0131n dram\u0131na, ya\u011fmur ormanlar\u0131n\u0131n katledili\u015finden k\u00fcresel \u0131s\u0131nmaya kadar bir\u00e7ok sorunu \u015fiirlerinde, oyunlar\u0131nda ve caz m\u00fczisyenleriyle ger\u00e7ekle\u015ftirdi\u011fi sahne performanslar\u0131nda cesurca i\u015fledi. Haiku, do\u011frudan s\u00f6zellik, blues, balad, teatral epik gibi farkl\u0131 \u015fiirsel bi\u00e7imler alt\u0131nda geni\u015f okur, dinleyici ve izleyici \u00e7evrelerinin dikkatini \u00fczerinde toplad\u0131, yeni ku\u015fak \u015fairleri ve m\u00fczisyenleri etkiledi. Maya Angelou\u2019nun \u201cEdebiyat orman\u0131nda bir aslan\u201d, Toni Morrison\u2019un \u201cBize \u015fark\u0131lar s\u00f6ylediniz, size bor\u00e7luyuz\u201d diye selamlad\u0131\u011f\u0131 Sonia Sanchez \u00e7ok say\u0131da sayg\u0131n \u00f6d\u00fclle onurland\u0131r\u0131lm\u0131\u015ft\u0131r. <\/p>\n","protected":false},"excerpt":{"rendered":"<p>Siyah Sanatlar Hareketi\u2019nin kurucular\u0131 aras\u0131nda yer alan Sanchez, ki\u015fisel ve kolektif tinsel b\u00f6l\u00fcnm\u00fc\u015fl\u00fcklerden s\u0131n\u0131fsal \u00e7at\u0131\u015fmalara, Vietnam Sava\u015f\u0131\u2019ndan AIDS kurbanlar\u0131n\u0131n dram\u0131na, ya\u011fmur ormanlar\u0131n\u0131n katledili\u015finden k\u00fcresel \u0131s\u0131nmaya kadar<span class=\"excerpt-hellip\"> [\u2026]<\/span><\/p>\n","protected":false},"featured_media":0,"template":"","meta":{"_monsterinsights_skip_tracking":false,"_monsterinsights_sitenote_active":false,"_monsterinsights_sitenote_note":"","_monsterinsights_sitenote_category":0},"product_brand":[],"product_cat":[12291,12509],"product_tag":[],"class_list":{"0":"post-734267","1":"product","2":"type-product","3":"status-publish","5":"product_cat-edebiyat","6":"product_cat-siir","7":"pa_cilt-ciltsiz","8":"pa_tur-kitap","9":"pa_yayinevi-ayrinti-yayinlari","10":"pa_yazar-sonia-sanchez","12":"first","13":"instock","14":"sale","15":"shipping-taxable","16":"purchasable","17":"product-type-simple"},"_links":{"self":[{"href":"https:\/\/roveyayinevi.com.tr\/index.php\/wp-json\/wp\/v2\/product\/734267","targetHints":{"allow":["GET"]}}],"collection":[{"href":"https:\/\/roveyayinevi.com.tr\/index.php\/wp-json\/wp\/v2\/product"}],"about":[{"href":"https:\/\/roveyayinevi.com.tr\/index.php\/wp-json\/wp\/v2\/types\/product"}],"wp:attachment":[{"href":"https:\/\/roveyayinevi.com.tr\/index.php\/wp-json\/wp\/v2\/media?parent=734267"}],"wp:term":[{"taxonomy":"product_brand","embeddable":true,"href":"https:\/\/roveyayinevi.com.tr\/index.php\/wp-json\/wp\/v2\/product_brand?post=734267"},{"taxonomy":"product_cat","embeddable":true,"href":"https:\/\/roveyayinevi.com.tr\/index.php\/wp-json\/wp\/v2\/product_cat?post=734267"},{"taxonomy":"product_tag","embeddable":true,"href":"https:\/\/roveyayinevi.com.tr\/index.php\/wp-json\/wp\/v2\/product_tag?post=734267"}],"curies":[{"name":"wp","href":"https:\/\/api.w.org\/{rel}","templated":true}]}}