{"id":734266,"date":"2025-08-27T22:25:03","date_gmt":"2025-08-27T19:25:03","guid":{"rendered":"https:\/\/roveyayinevi.com.tr\/index.php\/urun\/eyvah-dijital-kimligim-calindi\/"},"modified":"2026-04-16T02:42:03","modified_gmt":"2026-04-15T23:42:03","slug":"eyvah-dijital-kimligim-calindi","status":"publish","type":"product","link":"https:\/\/roveyayinevi.com.tr\/index.php\/urun\/eyvah-dijital-kimligim-calindi\/","title":{"rendered":"Eyvah Dijital Kimli\u011fim \u00c7al\u0131nd\u0131"},"content":{"rendered":"<p>Dikkat! Dikkat! \u015eehre yeni kahramanlar geldi!   Bilgisayar kurtlar\u0131 \u00e7etesi   A\u015f\u0131r\u0131 zeki, her daim \u00e7evrim i\u00e7i ve \u00e7ok bilin\u00e7li bir \u00e7ete! \u0130nternetteki haks\u0131zl\u0131klara son vermek, siber zorbalar\u0131 durdurmak, Du\u0308zeni ve adaleti yeniden sa\u011flamak i\u00e7in burada!   Ya sen? Sen de bilin\u00e7li, dikkatil ve sorgulayan bir bilgisayar kurdu musun? Hik\u00e2yeyi oku ve kendini s\u0131na! <\/p>\n","protected":false},"excerpt":{"rendered":"<p>Dikkat! Dikkat! \u015eehre yeni kahramanlar geldi! Bilgisayar kurtlar\u0131 \u00e7etesi A\u015f\u0131r\u0131 zeki, her daim \u00e7evrim i\u00e7i ve \u00e7ok bilin\u00e7li bir \u00e7ete! \u0130nternetteki haks\u0131zl\u0131klara son vermek, siber zorbalar\u0131<span class=\"excerpt-hellip\"> [\u2026]<\/span><\/p>\n","protected":false},"featured_media":0,"template":"","meta":{"_monsterinsights_skip_tracking":false,"_monsterinsights_sitenote_active":false,"_monsterinsights_sitenote_note":"","_monsterinsights_sitenote_category":0},"product_brand":[],"product_cat":[12275,12274],"product_tag":[],"class_list":{"0":"post-734266","1":"product","2":"type-product","3":"status-publish","5":"product_cat-6-12-yas-kitaplari","6":"product_cat-cocuk-ve-genclik-kitaplari","7":"pa_cilt-ciltsiz","8":"pa_tur-kitap","9":"pa_yayinevi-dinozor-cocuk","10":"pa_yazar-anna-fogarolo","12":"first","13":"instock","14":"sale","15":"shipping-taxable","16":"purchasable","17":"product-type-simple"},"_links":{"self":[{"href":"https:\/\/roveyayinevi.com.tr\/index.php\/wp-json\/wp\/v2\/product\/734266","targetHints":{"allow":["GET"]}}],"collection":[{"href":"https:\/\/roveyayinevi.com.tr\/index.php\/wp-json\/wp\/v2\/product"}],"about":[{"href":"https:\/\/roveyayinevi.com.tr\/index.php\/wp-json\/wp\/v2\/types\/product"}],"wp:attachment":[{"href":"https:\/\/roveyayinevi.com.tr\/index.php\/wp-json\/wp\/v2\/media?parent=734266"}],"wp:term":[{"taxonomy":"product_brand","embeddable":true,"href":"https:\/\/roveyayinevi.com.tr\/index.php\/wp-json\/wp\/v2\/product_brand?post=734266"},{"taxonomy":"product_cat","embeddable":true,"href":"https:\/\/roveyayinevi.com.tr\/index.php\/wp-json\/wp\/v2\/product_cat?post=734266"},{"taxonomy":"product_tag","embeddable":true,"href":"https:\/\/roveyayinevi.com.tr\/index.php\/wp-json\/wp\/v2\/product_tag?post=734266"}],"curies":[{"name":"wp","href":"https:\/\/api.w.org\/{rel}","templated":true}]}}