{"id":734265,"date":"2025-08-27T22:25:02","date_gmt":"2025-08-27T19:25:02","guid":{"rendered":"https:\/\/roveyayinevi.com.tr\/index.php\/urun\/super-hero-girls-guc-kesintisi\/"},"modified":"2026-04-16T02:42:03","modified_gmt":"2026-04-15T23:42:03","slug":"super-hero-girls-guc-kesintisi","status":"publish","type":"product","link":"https:\/\/roveyayinevi.com.tr\/index.php\/urun\/super-hero-girls-guc-kesintisi\/","title":{"rendered":"S\u00fcper Hero Girls &#8211; G\u00fc\u00e7 Kesintisi"},"content":{"rendered":"<p>Elektrik \u015febekesi ve Gotham\u2019\u0131n bulut bili\u015fim teknolojisi ayn\u0131 gecede \u00e7\u00f6ku\u0308nce Metropolis Lisesi sakinlerinin hayat\u0131 altu\u0308st oldu. Kantinde bile i\u015fler sarpa sard\u0131. Du\u0308\u015fu\u0308nu\u0308n ki yaln\u0131zca nakit para kabul eden bir kantin!? Kartlar \u00e7al\u0131\u015fmadan yemek bile alamazs\u0131n! \u00dcstelik baz\u0131 k\u0131zlar bu durumdan daha fazla etkilendi. \u00d6rne\u011fin Batgirl, ak\u0131ll\u0131 telefonu olmadan dersleri nas\u0131l takip edecek? Bu arada arkada\u015flar\u0131n\u0131 gu\u0308vende tutmay\u0131 kafaya koyan Green Lantern bunu ba\u015farabilecek mi? Sahi, Bumblebee\u2019yi g\u00f6ren oldu mu, o nerelerde? Tak\u0131m\u0131n yar\u0131s\u0131 \u201coffline\u201d olmu\u015fken k\u0131zlar sorunun kayna\u011f\u0131n\u0131 bulabilecek mi? En \u00f6nemlisi, Sweet Justice\u2019teki tatl\u0131lar eriyip bitmeden problemi \u00e7\u00f6zebilecekler mi? Amy Wolfram (Teen Titans, Teen Titans Go!) ve Agnes Garbowska (DC Super Hero Girls) serinin yeni maceras\u0131yla kar\u015f\u0131m\u0131zda<\/p>\n","protected":false},"excerpt":{"rendered":"<p>Elektrik \u015febekesi ve Gotham\u2019\u0131n bulut bili\u015fim teknolojisi ayn\u0131 gecede \u00e7\u00f6ku\u0308nce Metropolis Lisesi sakinlerinin hayat\u0131 altu\u0308st oldu. Kantinde bile i\u015fler sarpa sard\u0131. Du\u0308\u015fu\u0308nu\u0308n ki yaln\u0131zca nakit para<span class=\"excerpt-hellip\"> [\u2026]<\/span><\/p>\n","protected":false},"featured_media":0,"template":"","meta":{"_monsterinsights_skip_tracking":false,"_monsterinsights_sitenote_active":false,"_monsterinsights_sitenote_note":"","_monsterinsights_sitenote_category":0},"product_brand":[],"product_cat":[12275,12274],"product_tag":[],"class_list":{"0":"post-734265","1":"product","2":"type-product","3":"status-publish","5":"product_cat-6-12-yas-kitaplari","6":"product_cat-cocuk-ve-genclik-kitaplari","7":"pa_cilt-ciltsiz","8":"pa_tur-kitap","9":"pa_yayinevi-dinozor-cocuk","10":"pa_yazar-amy-wolfram","12":"first","13":"instock","14":"sale","15":"shipping-taxable","16":"purchasable","17":"product-type-simple"},"_links":{"self":[{"href":"https:\/\/roveyayinevi.com.tr\/index.php\/wp-json\/wp\/v2\/product\/734265","targetHints":{"allow":["GET"]}}],"collection":[{"href":"https:\/\/roveyayinevi.com.tr\/index.php\/wp-json\/wp\/v2\/product"}],"about":[{"href":"https:\/\/roveyayinevi.com.tr\/index.php\/wp-json\/wp\/v2\/types\/product"}],"wp:attachment":[{"href":"https:\/\/roveyayinevi.com.tr\/index.php\/wp-json\/wp\/v2\/media?parent=734265"}],"wp:term":[{"taxonomy":"product_brand","embeddable":true,"href":"https:\/\/roveyayinevi.com.tr\/index.php\/wp-json\/wp\/v2\/product_brand?post=734265"},{"taxonomy":"product_cat","embeddable":true,"href":"https:\/\/roveyayinevi.com.tr\/index.php\/wp-json\/wp\/v2\/product_cat?post=734265"},{"taxonomy":"product_tag","embeddable":true,"href":"https:\/\/roveyayinevi.com.tr\/index.php\/wp-json\/wp\/v2\/product_tag?post=734265"}],"curies":[{"name":"wp","href":"https:\/\/api.w.org\/{rel}","templated":true}]}}