{"id":734264,"date":"2025-08-27T22:25:01","date_gmt":"2025-08-27T19:25:01","guid":{"rendered":"https:\/\/roveyayinevi.com.tr\/index.php\/urun\/ayakta-bir-hayat\/"},"modified":"2026-04-16T02:42:03","modified_gmt":"2026-04-15T23:42:03","slug":"ayakta-bir-hayat","status":"publish","type":"product","link":"https:\/\/roveyayinevi.com.tr\/index.php\/urun\/ayakta-bir-hayat\/","title":{"rendered":"Ayakta Bir Hayat"},"content":{"rendered":"<p>Mohammed Harbi gen\u00e7 ya\u015fta Kurtulu\u015f Sava\u015f\u0131na kat\u0131lm\u0131\u015f, m\u00fccadele i\u00e7inde olgunla\u015fm\u0131\u015f, geni\u015f vizyonlu, \u00f6zy\u00f6netimi, antikapitalizmi ve enternasyonalizmi savunan bir devrimciydi. Boumedien onlar\u0131 durdurdu\u011funda d\u00fcnya \u00e7ap\u0131nda Ulusal Kurtulu\u015f hareketleriyle yak\u0131n ili\u015fkileri olan insanlard\u0131. Harbi 1973\u2019te yeniden \u00f6zg\u00fcrl\u00fc\u011f\u00fcne kavu\u015fup fikirlerini ifade etme olana\u011f\u0131na kavu\u015funca yenilgiyi zafere d\u00f6n\u00fc\u015ft\u00fcrmeyi bilmi\u015f, Cezayirlilere kendisinin de oyuncusu oldu\u011fu \u00e7a\u011fda\u015f tarihlerini b\u00fct\u00fcn a\u00e7\u0131kl\u0131\u011f\u0131yla kazand\u0131ran en b\u00fcy\u00fck tarih\u00e7i olmu\u015ftur. Ben onunla 1975\u2019te Beyrut\u2019ta g\u00f6r\u00fc\u015ft\u00fcm. L\u00fcbnan\u2019da i\u00e7 sava\u015f ba\u015flam\u0131\u015f, ba\u015fkentte yo\u011fun siyasi tart\u0131\u015fmalar\u0131n ve askeri haz\u0131rl\u0131klar\u0131n oldu\u011fu bir y\u0131ld\u0131. O siyasi olaylar\u0131n geli\u015fimi ve siyasi \u00e7evrelerle eski ili\u015fkileri tazeleme turu yap\u0131yordu. Bunlar\u0131n i\u00e7inde Filistinliler de vard\u0131. Harbi onlar\u0131 iyi tan\u0131yordu. \u00c7\u00fcnk\u00fc iktidarda iken Filistin Kurtulu\u015f Hareketini resmen tan\u0131m\u0131\u015flar, Cezayir\u2019de bir b\u00fcro a\u00e7ma dile\u011fini ileten Yaser Arafat\u2019a bu olana\u011f\u0131 vermi\u015fler, onlar\u0131 resmen tan\u0131yan ilk Arap \u00fclkesi olmu\u015flard\u0131. Daha sonra bu b\u00fcroyu y\u00f6neten Abu Cihad (Halil Al-Wazir) oradan d\u00fcnya kurtulu\u015f hareketleriyle, \u00c7in\u2019le, K\u00fcba\u2019yla, Che Guevara ile ili\u015fki kurmu\u015ftu. Ayr\u0131l\u0131rken Sorbonne\u2019da ne \u00f6\u011fretti\u011fini sordu\u011fumda \u201cb\u00fcy\u00fc\u201d demi\u015fti. B\u00fcy\u00fcn\u00fcn iki t\u00fcr\u00fc oldu\u011funu, birinin kara, di\u011ferinin ise beyaz oldu\u011funu, beyaz b\u00fcy\u00fcn\u00fcn de siyaset oldu\u011funu s\u00f6ylemi\u015fti. Ben onu ve onlar\u0131 tan\u0131maktan onur duydum. San\u0131r\u0131m Cezayir halk\u0131 da b\u00f6ylesi devrimcilere sahip olmaktan gurur duyuyordur. G\u00fclten Sava\u015f\u00e7\u0131 (\u00c7ayan) \/ 21 Temmuz 2021 <\/p>\n","protected":false},"excerpt":{"rendered":"<p>Mohammed Harbi gen\u00e7 ya\u015fta Kurtulu\u015f Sava\u015f\u0131na kat\u0131lm\u0131\u015f, m\u00fccadele i\u00e7inde olgunla\u015fm\u0131\u015f, geni\u015f vizyonlu, \u00f6zy\u00f6netimi, antikapitalizmi ve enternasyonalizmi savunan bir devrimciydi. Boumedien onlar\u0131 durdurdu\u011funda d\u00fcnya \u00e7ap\u0131nda Ulusal Kurtulu\u015f<span class=\"excerpt-hellip\"> [\u2026]<\/span><\/p>\n","protected":false},"featured_media":0,"template":"","meta":{"_monsterinsights_skip_tracking":false,"_monsterinsights_sitenote_active":false,"_monsterinsights_sitenote_note":"","_monsterinsights_sitenote_category":0},"product_brand":[],"product_cat":[13701,12291],"product_tag":[],"class_list":{"0":"post-734264","1":"product","2":"type-product","3":"status-publish","5":"product_cat-ani-mektup-gunluk","6":"product_cat-edebiyat","7":"pa_cilt-ciltsiz","8":"pa_tur-kitap","9":"pa_yayinevi-ayrinti-yayinlari","10":"pa_yazar-mohammed-harbi","12":"first","13":"instock","14":"sale","15":"shipping-taxable","16":"purchasable","17":"product-type-simple"},"_links":{"self":[{"href":"https:\/\/roveyayinevi.com.tr\/index.php\/wp-json\/wp\/v2\/product\/734264","targetHints":{"allow":["GET"]}}],"collection":[{"href":"https:\/\/roveyayinevi.com.tr\/index.php\/wp-json\/wp\/v2\/product"}],"about":[{"href":"https:\/\/roveyayinevi.com.tr\/index.php\/wp-json\/wp\/v2\/types\/product"}],"wp:attachment":[{"href":"https:\/\/roveyayinevi.com.tr\/index.php\/wp-json\/wp\/v2\/media?parent=734264"}],"wp:term":[{"taxonomy":"product_brand","embeddable":true,"href":"https:\/\/roveyayinevi.com.tr\/index.php\/wp-json\/wp\/v2\/product_brand?post=734264"},{"taxonomy":"product_cat","embeddable":true,"href":"https:\/\/roveyayinevi.com.tr\/index.php\/wp-json\/wp\/v2\/product_cat?post=734264"},{"taxonomy":"product_tag","embeddable":true,"href":"https:\/\/roveyayinevi.com.tr\/index.php\/wp-json\/wp\/v2\/product_tag?post=734264"}],"curies":[{"name":"wp","href":"https:\/\/api.w.org\/{rel}","templated":true}]}}