{"id":734263,"date":"2025-08-27T22:25:00","date_gmt":"2025-08-27T19:25:00","guid":{"rendered":"https:\/\/roveyayinevi.com.tr\/index.php\/urun\/sosyolojiye-giris-3\/"},"modified":"2026-04-16T02:42:03","modified_gmt":"2026-04-15T23:42:03","slug":"sosyolojiye-giris-3","status":"publish","type":"product","link":"https:\/\/roveyayinevi.com.tr\/index.php\/urun\/sosyolojiye-giris-3\/","title":{"rendered":"Sosyolojiye Giri\u015f"},"content":{"rendered":"<p>\u00c7a\u011f\u0131m\u0131z\u0131n \u00f6nde gelen sosyologlar\u0131ndan Ritzer bu kitapla, \u00f6\u011frencilere ve sosyoloji hakk\u0131nda fikir sahibi olmak isteyen herkese, toplumsal d\u00fcnyaya sosyolojik bir perspektifle bakabilme f\u0131rsat\u0131 sunmaktad\u0131r. Kavramlar\u0131n ve teorilerin i\u00e7ini bo\u015faltmadan, herkesin rahat\u00e7a anlayabilece\u011fi \u015fekilde sadele\u015ftirilmi\u015f bir dille okurun rahatl\u0131kla sosyoloji alan\u0131na \u201cgiri\u015f\u201d yapmas\u0131na imk\u00e2n vermektedir. Kitap boyunca verilen bilgiler, okurun ki\u015fisel ve toplumsal deneyimleriyle sorgulat\u0131larak interaktif bir \u00f6\u011frenme s\u00fcreci ya\u015fatmaktad\u0131r. Kitab\u0131n genel ak\u0131\u015f\u0131n\u0131n sosyolojinin en temel konular\u0131 \u00fczerinden ilerlemesi, geleneksel sosyoloji teorileri ve erken sosyologlar \u00fcretti\u011fi kavramlarla, g\u00fcncel meseleler ve bu meselelere y\u00f6nelik \u00fcretilmi\u015f kavram ve teorilerin b\u00fct\u00fcnl\u00fckl\u00fc bir \u015fekilde sunulmas\u0131n\u0131 sa\u011flamaktad\u0131r. Bu sayede, bir yandan toplumun ve sosyolojinin s\u00fcrekli de\u011fi\u015fen do\u011fas\u0131, \u00f6te yandan baz\u0131 de\u011fi\u015fmeyen temel yap\u0131lar, antagonizmalar ve toplumsal ili\u015fkiler sunulmaktad\u0131r. Kitab\u0131n ba\u015fl\u0131ca konular\u0131, hem g\u00fcn\u00fcm\u00fcz sosyolojisinin hem de g\u00fcn\u00fcm\u00fcz bireylerinin temel ilgi alanlar\u0131 olan k\u00fcreselle\u015fme, t\u00fcketim ve internettir. Ancak kitap boyunca, bireyin zihninden toplumsal yap\u0131lara, hatta k\u00fcresel \u00f6l\u00e7ekteki \u00f6rg\u00fct, yap\u0131 ve kurumlara kadar uzanan mikro-makro s\u00fcreklili\u011fi \u00fczerindeki neredeyse her alana de\u011finilmi\u015ftir. <\/p>\n","protected":false},"excerpt":{"rendered":"<p>\u00c7a\u011f\u0131m\u0131z\u0131n \u00f6nde gelen sosyologlar\u0131ndan Ritzer bu kitapla, \u00f6\u011frencilere ve sosyoloji hakk\u0131nda fikir sahibi olmak isteyen herkese, toplumsal d\u00fcnyaya sosyolojik bir perspektifle bakabilme f\u0131rsat\u0131 sunmaktad\u0131r. Kavramlar\u0131n ve<span class=\"excerpt-hellip\"> [\u2026]<\/span><\/p>\n","protected":false},"featured_media":0,"template":"","meta":{"_monsterinsights_skip_tracking":false,"_monsterinsights_sitenote_active":false,"_monsterinsights_sitenote_note":"","_monsterinsights_sitenote_category":0},"product_brand":[],"product_cat":[12324,27533],"product_tag":[],"class_list":{"0":"post-734263","1":"product","2":"type-product","3":"status-publish","5":"product_cat-sosyoloji","6":"product_cat-sosyolojiye-giris","7":"pa_cilt-ciltsiz","8":"pa_tur-kitap","9":"pa_yayinevi-ayrinti-yayinlari","10":"pa_yazar-george-ritzer","12":"first","13":"instock","14":"sale","15":"shipping-taxable","16":"purchasable","17":"product-type-simple"},"_links":{"self":[{"href":"https:\/\/roveyayinevi.com.tr\/index.php\/wp-json\/wp\/v2\/product\/734263","targetHints":{"allow":["GET"]}}],"collection":[{"href":"https:\/\/roveyayinevi.com.tr\/index.php\/wp-json\/wp\/v2\/product"}],"about":[{"href":"https:\/\/roveyayinevi.com.tr\/index.php\/wp-json\/wp\/v2\/types\/product"}],"wp:attachment":[{"href":"https:\/\/roveyayinevi.com.tr\/index.php\/wp-json\/wp\/v2\/media?parent=734263"}],"wp:term":[{"taxonomy":"product_brand","embeddable":true,"href":"https:\/\/roveyayinevi.com.tr\/index.php\/wp-json\/wp\/v2\/product_brand?post=734263"},{"taxonomy":"product_cat","embeddable":true,"href":"https:\/\/roveyayinevi.com.tr\/index.php\/wp-json\/wp\/v2\/product_cat?post=734263"},{"taxonomy":"product_tag","embeddable":true,"href":"https:\/\/roveyayinevi.com.tr\/index.php\/wp-json\/wp\/v2\/product_tag?post=734263"}],"curies":[{"name":"wp","href":"https:\/\/api.w.org\/{rel}","templated":true}]}}