{"id":734262,"date":"2025-08-27T22:24:59","date_gmt":"2025-08-27T19:24:59","guid":{"rendered":"https:\/\/roveyayinevi.com.tr\/index.php\/urun\/kardinalin-gizli-misyonu\/"},"modified":"2026-04-16T02:42:03","modified_gmt":"2026-04-15T23:42:03","slug":"kardinalin-gizli-misyonu","status":"publish","type":"product","link":"https:\/\/roveyayinevi.com.tr\/index.php\/urun\/kardinalin-gizli-misyonu\/","title":{"rendered":"Kardinalin Gizli Misyonu"},"content":{"rendered":"<p>Suriye\u2019de hen\u00fcz bar\u0131\u015f h\u00e2kim. \u0130talya\u2019n\u0131n \u015eam B\u00fcy\u00fckel\u00e7ili\u011fi\u2019ne zeytinya\u011f\u0131yla dolu bir f\u0131\u00e7\u0131 getiriliyor, f\u0131\u00e7\u0131n\u0131n i\u00e7inde bir kardinalin cesedi var. Vaka komiser Barudi\u2019ye veriliyor; Roma\u2019dan ona yard\u0131m etmesi i\u00e7in g\u00f6nderilen meslekta\u015f\u0131 Mancini arkada\u015f\u0131 oluyor. Kardinal hangi gizli misyondayd\u0131? Kardinal, kendisini \u0130sa\u2019ya dayand\u0131ran M\u00fcsl\u00fcman Da\u011f Azizi ile nas\u0131l bir ili\u015fki i\u00e7erisindeydi? \u0130ki komiser soru\u015fturmalar s\u0131ras\u0131nda silahl\u0131 \u0130slamc\u0131lar\u0131n eline d\u00fc\u015f\u00fcyor. Rafik Schami\u2019nin yeni roman\u0131 inan\u0131\u015f, a\u015fk, bat\u0131l inan\u00e7 ve cinayeti anlat\u0131rken bizi Suriye toplumunun derin \u00e7at\u0131\u015fmalar\u0131na ve d\u00fcr\u00fcst bir komiserin mesleki ak\u0131betinin ve a\u015fk\u0131n\u0131n i\u00e7ine s\u00fcr\u00fckl\u00fcyor. <\/p>\n","protected":false},"excerpt":{"rendered":"<p>Suriye\u2019de hen\u00fcz bar\u0131\u015f h\u00e2kim. \u0130talya\u2019n\u0131n \u015eam B\u00fcy\u00fckel\u00e7ili\u011fi\u2019ne zeytinya\u011f\u0131yla dolu bir f\u0131\u00e7\u0131 getiriliyor, f\u0131\u00e7\u0131n\u0131n i\u00e7inde bir kardinalin cesedi var. Vaka komiser Barudi\u2019ye veriliyor; Roma\u2019dan ona yard\u0131m etmesi<span class=\"excerpt-hellip\"> [\u2026]<\/span><\/p>\n","protected":false},"featured_media":0,"template":"","meta":{"_monsterinsights_skip_tracking":false,"_monsterinsights_sitenote_active":false,"_monsterinsights_sitenote_note":"","_monsterinsights_sitenote_category":0},"product_brand":[],"product_cat":[12291,12711],"product_tag":[],"class_list":{"0":"post-734262","1":"product","2":"type-product","3":"status-publish","5":"product_cat-edebiyat","6":"product_cat-roman-oyku","7":"pa_cilt-ciltsiz","8":"pa_tur-kitap","9":"pa_yayinevi-ayrinti-yayinlari","10":"pa_yazar-rafik-schami","12":"first","13":"instock","14":"sale","15":"shipping-taxable","16":"purchasable","17":"product-type-simple"},"_links":{"self":[{"href":"https:\/\/roveyayinevi.com.tr\/index.php\/wp-json\/wp\/v2\/product\/734262","targetHints":{"allow":["GET"]}}],"collection":[{"href":"https:\/\/roveyayinevi.com.tr\/index.php\/wp-json\/wp\/v2\/product"}],"about":[{"href":"https:\/\/roveyayinevi.com.tr\/index.php\/wp-json\/wp\/v2\/types\/product"}],"wp:attachment":[{"href":"https:\/\/roveyayinevi.com.tr\/index.php\/wp-json\/wp\/v2\/media?parent=734262"}],"wp:term":[{"taxonomy":"product_brand","embeddable":true,"href":"https:\/\/roveyayinevi.com.tr\/index.php\/wp-json\/wp\/v2\/product_brand?post=734262"},{"taxonomy":"product_cat","embeddable":true,"href":"https:\/\/roveyayinevi.com.tr\/index.php\/wp-json\/wp\/v2\/product_cat?post=734262"},{"taxonomy":"product_tag","embeddable":true,"href":"https:\/\/roveyayinevi.com.tr\/index.php\/wp-json\/wp\/v2\/product_tag?post=734262"}],"curies":[{"name":"wp","href":"https:\/\/api.w.org\/{rel}","templated":true}]}}