{"id":734261,"date":"2025-08-27T22:24:58","date_gmt":"2025-08-27T19:24:58","guid":{"rendered":"https:\/\/roveyayinevi.com.tr\/index.php\/urun\/yikici-film\/"},"modified":"2026-04-16T02:42:03","modified_gmt":"2026-04-15T23:42:03","slug":"yikici-film","status":"publish","type":"product","link":"https:\/\/roveyayinevi.com.tr\/index.php\/urun\/yikici-film\/","title":{"rendered":"Y\u0131k\u0131c\u0131 Film"},"content":{"rendered":"<p>\u201cAnahtar S\u00f6zc\u00fckler, umuda esin veren kavramlar\u0131n neredeyse Borges\u00e7i bir karnaval\u0131. Bu sayfalar, en parlak ve en tutkulu d\u00fc\u015f\u00fcn\u00fcrlerin ve d\u00fc\u015f\u00e7\u00fclerin sahici bir toplumsal de\u011fi\u015fim arac\u0131 olarak ele\u015ftirel muhayyilenin rol\u00fcn\u00fc \u00f6vmek i\u00e7in topland\u0131klar\u0131 bir \u015fenlikte olmaya benziyor.\u201d James Schamus, Oscar\u2019a aday g\u00f6sterilmi\u015f senarist ve Profes\u00f6r, Columbia \u00dcniversitesi \u201cAnahtar S\u00f6zc\u00fckler, radikal estetik ve filme dair harikulade bir sohbet sunuyor. Kitap, hem keyifli hem bilgilendirici bir entelekt\u00fcel deneyimin i\u00e7inde ola\u011fan co\u011frafi ve disipliner s\u0131n\u0131rlar\u0131 \u00e7aprazlamas\u0131na kesen y\u00fczlerce ayd\u0131nlat\u0131c\u0131 kavram ve filmsel \u00f6rnek \u00fczerinden g\u00f6r\u00fcn\u00fc\u015fte zahmetsiz bir bilgelikle okura k\u0131lavuzluk ediyor. Y\u0131k\u0131c\u0131 bir \u00fcst\u00fcn ba\u015far\u0131.\u201d Stephen Duncombe, Do\u00e7ent Doktor, New York \u00dcniversitesi \u201cBu \u00e7arp\u0131c\u0131 kitab\u0131n heyecan verici bir \u015fekilde geni\u015f bak\u0131\u015f a\u00e7\u0131s\u0131, k\u00fclt\u00fcrel ve tarihsel d\u00f6nemi nihai hedefi tam da sanat ve sinema \u00fczerinden b\u00fcy\u00fck bir toplumsal de\u011fi\u015fim projesinin par\u00e7as\u0131 olarak bir araya getiriyor.\u201d Girish Shambu, sinema blog yazar\u0131 ve Do\u00e7ent Doktor, Canisius \u00dcniversitesi Y\u0131k\u0131c\u0131 Film \u2013 Medya Esteti\u011finde Anahtar S\u00f6zc\u00fckler, politik olarak adanm\u0131\u015f sanat ve sanatsal olarak adanm\u0131\u015f politikan\u0131n birbiriyle \u00f6rt\u00fc\u015fen alanlar\u0131 \u00fczerinden etkile\u015fimli bir yolculuk. Ayn\u0131 anda hem bilimsel hem de e\u011flendirici olan kitap, y\u0131k\u0131c\u0131 estetik \u00fczerine b\u00fcy\u00fck bir anlat\u0131m\u0131, radikal film stratejilerinin inceleni\u015fini ve kapsaml\u0131 kavramlar s\u00f6zl\u00fc\u011f\u00fcn\u00fc birle\u015ftiriyor. ROBERT STAM Yazar New York \u00dcniversitesi Sinema \u00c7al\u0131\u015fmalar\u0131 B\u00f6l\u00fcm\u00fc\u2019nde \u00f6\u011fretim \u00fcyesidir. Bir\u00e7ok kitab\u0131 aras\u0131nda Tropical Multiculturism: A Comparative History of Race in Brasilian Cinema and Culture (1997), Ella Shohat ile birlikte yazd\u0131klar\u0131 ve Katherine Singer Kovocs \u201cEn \u0130yi Sinema Kitab\u0131 \u00d6d\u00fcl\u00fc\u201d kazanan Unthinking Eurocentrism: Multiculturalism and the Media (1994) ve Subversive Pleasures: Bakhtin, Cultural Criticism, and Film (1992) yer almaktad\u0131r. Blackwell Yay\u0131nlar\u0131\u2019ndan bas\u0131lan A Companion to Film Theory (1999) ile Film and Theory: An Anthology (1999) kitaplar\u0131n\u0131n da edit\u00f6rl\u00fc\u011f\u00fcn\u00fc Toby Miller ile birlikte \u00fcstlenmi\u015ftir. <\/p>\n","protected":false},"excerpt":{"rendered":"<p>\u201cAnahtar S\u00f6zc\u00fckler, umuda esin veren kavramlar\u0131n neredeyse Borges\u00e7i bir karnaval\u0131. Bu sayfalar, en parlak ve en tutkulu d\u00fc\u015f\u00fcn\u00fcrlerin ve d\u00fc\u015f\u00e7\u00fclerin sahici bir toplumsal de\u011fi\u015fim arac\u0131 olarak<span class=\"excerpt-hellip\"> [\u2026]<\/span><\/p>\n","protected":false},"featured_media":0,"template":"","meta":{"_monsterinsights_skip_tracking":false,"_monsterinsights_sitenote_active":false,"_monsterinsights_sitenote_note":"","_monsterinsights_sitenote_category":0},"product_brand":[],"product_cat":[12409,12408],"product_tag":[],"class_list":{"0":"post-734261","1":"product","2":"type-product","3":"status-publish","5":"product_cat-fotograf-sinema-tiyatro","6":"product_cat-sanat","7":"pa_cilt-ciltsiz","8":"pa_tur-kitap","9":"pa_yayinevi-ayrinti-yayinlari","10":"pa_yazar-robert-stam","12":"first","13":"instock","14":"sale","15":"shipping-taxable","16":"purchasable","17":"product-type-simple"},"_links":{"self":[{"href":"https:\/\/roveyayinevi.com.tr\/index.php\/wp-json\/wp\/v2\/product\/734261","targetHints":{"allow":["GET"]}}],"collection":[{"href":"https:\/\/roveyayinevi.com.tr\/index.php\/wp-json\/wp\/v2\/product"}],"about":[{"href":"https:\/\/roveyayinevi.com.tr\/index.php\/wp-json\/wp\/v2\/types\/product"}],"wp:attachment":[{"href":"https:\/\/roveyayinevi.com.tr\/index.php\/wp-json\/wp\/v2\/media?parent=734261"}],"wp:term":[{"taxonomy":"product_brand","embeddable":true,"href":"https:\/\/roveyayinevi.com.tr\/index.php\/wp-json\/wp\/v2\/product_brand?post=734261"},{"taxonomy":"product_cat","embeddable":true,"href":"https:\/\/roveyayinevi.com.tr\/index.php\/wp-json\/wp\/v2\/product_cat?post=734261"},{"taxonomy":"product_tag","embeddable":true,"href":"https:\/\/roveyayinevi.com.tr\/index.php\/wp-json\/wp\/v2\/product_tag?post=734261"}],"curies":[{"name":"wp","href":"https:\/\/api.w.org\/{rel}","templated":true}]}}