{"id":734260,"date":"2025-08-27T22:24:57","date_gmt":"2025-08-27T19:24:57","guid":{"rendered":"https:\/\/roveyayinevi.com.tr\/index.php\/urun\/yeni-baslayanlar-icin-siyaset-teorisi\/"},"modified":"2026-04-16T02:42:03","modified_gmt":"2026-04-15T23:42:03","slug":"yeni-baslayanlar-icin-siyaset-teorisi","status":"publish","type":"product","link":"https:\/\/roveyayinevi.com.tr\/index.php\/urun\/yeni-baslayanlar-icin-siyaset-teorisi\/","title":{"rendered":"Yeni Ba\u015flayanlar \u0130\u00e7in Siyaset Teorisi"},"content":{"rendered":"<p>Demokrasi en iyi y\u00f6netim \u015fekli midir? \u00d6zg\u00fcr olmak ne anlama gelir? \u0130nsanlar her anlamda e\u015fit olmal\u0131 m\u0131d\u0131r? Adil bir toplum yap\u0131s\u0131 nas\u0131l ortaya \u00e7\u0131kar\u0131labilir? M\u00fclkiyet hakk\u0131n\u0131n do\u011furdu\u011fu adaletsizlik giderilebilir mi? Devlet y\u00f6netiminde etik yakla\u015f\u0131mlar g\u00f6z ard\u0131 edilebilir mi? \u0130nsan do\u011fu\u015ftan iyi midir, k\u00f6t\u00fc m\u00fcd\u00fcr? Kapitalizm, sosyalizm, fa\u015fizm nedir, kimlere hizmet eder? Yazar Pete Woodcock, siyaset teorisinin bu temel sorular\u0131n\u0131 ge\u00e7mi\u015ften g\u00fcn\u00fcm\u00fcze d\u00fcnya d\u00fc\u015f\u00fcnce tarihine y\u00f6n vermi\u015f filozoflar\u0131n yakla\u015f\u0131mlar\u0131 \u00e7er\u00e7evesinde ele al\u0131yor; Sokrates\u2019i, Platon\u2019u, John Locke\u2019u, Thomas Hobbes\u2019u, Jean Jacques Rousseau\u2019yu, Nietzsche\u2019yi ve daha nice b\u00fcy\u00fck d\u00fc\u015f\u00fcn\u00fcr\u00fc birbirleriyle tart\u0131\u015fmaya sokarak ve yakla\u015f\u0131mlar\u0131n\u0131 temel unsurlar\u0131yla aktararak bu sorular\u0131n yan\u0131tlar\u0131n\u0131 ve siyasetin do\u011fas\u0131n\u0131 g\u00f6zler \u00f6n\u00fcne seriyor. Siyaset teorisini ve d\u00fcnyan\u0131n bug\u00fcn bulundu\u011fu durumu anlamak ve yorumlamak a\u00e7\u0131s\u0131ndan ge\u00e7mi\u015ften g\u00fcn\u00fcm\u00fcze temel kabul edilen siyasi \u00f6\u011fretiler, bu kitapta sade, anla\u015f\u0131l\u0131r ve \u00e7arp\u0131c\u0131 bi\u00e7imde okura sunuluyor. <\/p>\n","protected":false},"excerpt":{"rendered":"<p>Demokrasi en iyi y\u00f6netim \u015fekli midir? \u00d6zg\u00fcr olmak ne anlama gelir? \u0130nsanlar her anlamda e\u015fit olmal\u0131 m\u0131d\u0131r? Adil bir toplum yap\u0131s\u0131 nas\u0131l ortaya \u00e7\u0131kar\u0131labilir? M\u00fclkiyet hakk\u0131n\u0131n<span class=\"excerpt-hellip\"> [\u2026]<\/span><\/p>\n","protected":false},"featured_media":0,"template":"","meta":{"_monsterinsights_skip_tracking":false,"_monsterinsights_sitenote_active":false,"_monsterinsights_sitenote_note":"","_monsterinsights_sitenote_category":0},"product_brand":[],"product_cat":[13059,12337],"product_tag":[],"class_list":{"0":"post-734260","1":"product","2":"type-product","3":"status-publish","5":"product_cat-diger-politika-siyaset","6":"product_cat-politika-siyaset","7":"pa_cilt-ciltsiz","8":"pa_tur-kitap","9":"pa_yayinevi-ayrinti-yayinlari","10":"pa_yazar-pete-woodcock","12":"first","13":"instock","14":"sale","15":"shipping-taxable","16":"purchasable","17":"product-type-simple"},"_links":{"self":[{"href":"https:\/\/roveyayinevi.com.tr\/index.php\/wp-json\/wp\/v2\/product\/734260","targetHints":{"allow":["GET"]}}],"collection":[{"href":"https:\/\/roveyayinevi.com.tr\/index.php\/wp-json\/wp\/v2\/product"}],"about":[{"href":"https:\/\/roveyayinevi.com.tr\/index.php\/wp-json\/wp\/v2\/types\/product"}],"wp:attachment":[{"href":"https:\/\/roveyayinevi.com.tr\/index.php\/wp-json\/wp\/v2\/media?parent=734260"}],"wp:term":[{"taxonomy":"product_brand","embeddable":true,"href":"https:\/\/roveyayinevi.com.tr\/index.php\/wp-json\/wp\/v2\/product_brand?post=734260"},{"taxonomy":"product_cat","embeddable":true,"href":"https:\/\/roveyayinevi.com.tr\/index.php\/wp-json\/wp\/v2\/product_cat?post=734260"},{"taxonomy":"product_tag","embeddable":true,"href":"https:\/\/roveyayinevi.com.tr\/index.php\/wp-json\/wp\/v2\/product_tag?post=734260"}],"curies":[{"name":"wp","href":"https:\/\/api.w.org\/{rel}","templated":true}]}}