{"id":734259,"date":"2025-08-27T22:24:57","date_gmt":"2025-08-27T19:24:57","guid":{"rendered":"https:\/\/roveyayinevi.com.tr\/index.php\/urun\/ataturk-ve-turkiye-cumhuriyeti-tarihi\/"},"modified":"2026-04-16T02:42:02","modified_gmt":"2026-04-15T23:42:02","slug":"ataturk-ve-turkiye-cumhuriyeti-tarihi","status":"publish","type":"product","link":"https:\/\/roveyayinevi.com.tr\/index.php\/urun\/ataturk-ve-turkiye-cumhuriyeti-tarihi\/","title":{"rendered":"Atat\u00fcrk ve T\u00fcrkiye Cumhuriyeti Tarihi"},"content":{"rendered":"<p>Ben, manevi miras\u0131m olarak hi\u00e7bir ayet,hi\u00e7bir dogma, hi\u00e7bir donmu\u015f vekal\u0131pla\u015fm\u0131\u015f kural b\u0131rakm\u0131yorum.Benim manevi miras\u0131m, ilim ve ak\u0131ld\u0131r.Zaman s\u00fcratle ilerliyor, milletlerin,toplumlar\u0131n, ki\u015filerin mutluluk ve mutsuzluk anlay\u0131\u015flar\u0131 bile de\u011fi\u015fiyor.B\u00f6yle bir d\u00fcnyada,asla de\u011fi\u015fmeyecek h\u00fck\u00fcmler getirdi\u011fini iddia etmek, akl\u0131n ve ilmin geli\u015fimini ink\u00e2r etmek olur.Benim T\u00fcrk Milleti i\u00e7in yapmak istediklerim veba\u015farmaya \u00e7al\u0131\u015ft\u0131klar\u0131m ortadad\u0131r.Benden sonra, beni benimsemek isteyenler,bu temel mihver \u00fczerinde, ak\u0131l ve ilmin rehberli\u011fini kabul ederlerse, manevi miras\u00e7\u0131lar\u0131m olurlar.Mustafa Kemal Atat\u00fcrk<\/p>\n","protected":false},"excerpt":{"rendered":"<p>Ben, manevi miras\u0131m olarak hi\u00e7bir ayet,hi\u00e7bir dogma, hi\u00e7bir donmu\u015f vekal\u0131pla\u015fm\u0131\u015f kural b\u0131rakm\u0131yorum.Benim manevi miras\u0131m, ilim ve ak\u0131ld\u0131r.Zaman s\u00fcratle ilerliyor, milletlerin,toplumlar\u0131n, ki\u015filerin mutluluk ve mutsuzluk anlay\u0131\u015flar\u0131 bile<span class=\"excerpt-hellip\"> [\u2026]<\/span><\/p>\n","protected":false},"featured_media":0,"template":"","meta":{"_monsterinsights_skip_tracking":false,"_monsterinsights_sitenote_active":false,"_monsterinsights_sitenote_note":"","_monsterinsights_sitenote_category":0},"product_brand":[],"product_cat":[12304,13493],"product_tag":[],"class_list":{"0":"post-734259","1":"product","2":"type-product","3":"status-publish","5":"product_cat-tarih","6":"product_cat-turkiye-ve-cumhuriyet-tarihi","7":"pa_cilt-ciltsiz","8":"pa_tur-kitap","9":"pa_yayinevi-siyasal-kitabevi-akademik-kitaplar","10":"pa_yazar-seyfi-yildirim-sadik-erbas","12":"first","13":"instock","14":"sale","15":"shipping-taxable","16":"purchasable","17":"product-type-simple"},"_links":{"self":[{"href":"https:\/\/roveyayinevi.com.tr\/index.php\/wp-json\/wp\/v2\/product\/734259","targetHints":{"allow":["GET"]}}],"collection":[{"href":"https:\/\/roveyayinevi.com.tr\/index.php\/wp-json\/wp\/v2\/product"}],"about":[{"href":"https:\/\/roveyayinevi.com.tr\/index.php\/wp-json\/wp\/v2\/types\/product"}],"wp:attachment":[{"href":"https:\/\/roveyayinevi.com.tr\/index.php\/wp-json\/wp\/v2\/media?parent=734259"}],"wp:term":[{"taxonomy":"product_brand","embeddable":true,"href":"https:\/\/roveyayinevi.com.tr\/index.php\/wp-json\/wp\/v2\/product_brand?post=734259"},{"taxonomy":"product_cat","embeddable":true,"href":"https:\/\/roveyayinevi.com.tr\/index.php\/wp-json\/wp\/v2\/product_cat?post=734259"},{"taxonomy":"product_tag","embeddable":true,"href":"https:\/\/roveyayinevi.com.tr\/index.php\/wp-json\/wp\/v2\/product_tag?post=734259"}],"curies":[{"name":"wp","href":"https:\/\/api.w.org\/{rel}","templated":true}]}}