{"id":734257,"date":"2025-08-27T22:24:54","date_gmt":"2025-08-27T19:24:54","guid":{"rendered":"https:\/\/roveyayinevi.com.tr\/index.php\/urun\/bunu-bi-dusun\/"},"modified":"2026-04-16T02:42:02","modified_gmt":"2026-04-15T23:42:02","slug":"bunu-bi-dusun","status":"publish","type":"product","link":"https:\/\/roveyayinevi.com.tr\/index.php\/urun\/bunu-bi-dusun\/","title":{"rendered":"Bunu Bi&#8217; D\u00fc\u015f\u00fcn"},"content":{"rendered":"<p>Kurmacada devinim nas\u0131l ba\u015flat\u0131l\u0131r? Muhte\u015fem bir diyalo\u011fun s\u0131rr\u0131 nedir? Anlat\u0131da gerilim nas\u0131l yarat\u0131l\u0131r ve s\u00fcrd\u00fcr\u00fcl\u00fcr? Chuck Palahniuk\u2019in kitabevlerindeki etkinliklerde hayranlar\u0131na f\u0131rlatt\u0131\u011f\u0131 en tedirgin edici \u015fey nedir? Yazar\u0131n \u201cGuts\u201d adl\u0131 hik\u00e2yesi okunurken ka\u00e7 ki\u015fi bayg\u0131nl\u0131k ge\u00e7irmi\u015ftir? Palahniuk, an\u0131larla sezginin i\u00e7 i\u00e7e ge\u00e7ti\u011fi bu b\u00fcy\u00fcleyici eserde, yazarl\u0131\u011f\u0131 g\u00fc\u00e7lendiren ve g\u00fc\u00e7l\u00fc bir anlat\u0131ya yolu a\u00e7an \u015feylere dair hik\u00e2yeler payla\u015f\u0131p c\u00f6mert\u00e7e tavsiyelerde bulunuyor. Titiz bir \u00e7al\u0131\u015fma ve yo\u011fun bir g\u00f6zlemle ge\u00e7en y\u0131llardan ald\u0131\u011f\u0131 g\u00fc\u00e7le okura pratik tavsiyeler veriyor. Bunu yaparken de klasiklerden, kendi eserlerinden, sevilen yazarlarla sanat\u00e7\u0131lardan olu\u015fan ve s\u00fcrekli geli\u015fen bir \u00e7evrenin bir araya geldi\u011fi \u201cmutfak masalar\u0131nda\u201d edindi\u011fi g\u00fczel sanatlar e\u011fitiminden yararlan\u0131yor. Anekdotlar, yol hik\u00e2yeleri, dokunakl\u0131 methiyeler ve \u00e7ok daha fazlas\u0131yla bezeli Bunu Bi\u2019 D\u00fc\u015f\u00fcn, Chuck Palahniuk\u2019in hik\u00e2yelere ve hik\u00e2yecilere, kitaplara ve kitap\u00e7\u0131lara, yazarlara ve okurlara hitaben yazd\u0131\u011f\u0131 zek\u00e2, bilgi ve duygu y\u00fckl\u00fc bir a\u015fk mektubu. \u00c7etin okurlara ve \u00e7a\u011fda\u015f kurmacan\u0131n b\u0131\u00e7ak s\u0131rt\u0131nda yazmaya dair canl\u0131 bir tefekk\u00fcr sunan Bunu Bi\u2019 D\u00fc\u015f\u00fcn, her yazar\u0131n alet \u00e7antas\u0131na ve her okurun koleksiyonuna m\u00fckemmel bir katk\u0131 ayn\u0131 zamanda.<\/p>\n","protected":false},"excerpt":{"rendered":"<p>Kurmacada devinim nas\u0131l ba\u015flat\u0131l\u0131r? Muhte\u015fem bir diyalo\u011fun s\u0131rr\u0131 nedir? Anlat\u0131da gerilim nas\u0131l yarat\u0131l\u0131r ve s\u00fcrd\u00fcr\u00fcl\u00fcr? Chuck Palahniuk\u2019in kitabevlerindeki etkinliklerde hayranlar\u0131na f\u0131rlatt\u0131\u011f\u0131 en tedirgin edici \u015fey nedir?<span class=\"excerpt-hellip\"> [\u2026]<\/span><\/p>\n","protected":false},"featured_media":0,"template":"","meta":{"_monsterinsights_skip_tracking":false,"_monsterinsights_sitenote_active":false,"_monsterinsights_sitenote_note":"","_monsterinsights_sitenote_category":0},"product_brand":[],"product_cat":[13701,12291],"product_tag":[],"class_list":{"0":"post-734257","1":"product","2":"type-product","3":"status-publish","5":"product_cat-ani-mektup-gunluk","6":"product_cat-edebiyat","7":"pa_cilt-ciltsiz","8":"pa_tur-kitap","9":"pa_yayinevi-dusbaz-kitaplar","10":"pa_yazar-chuck-palahniuk","12":"first","13":"instock","14":"sale","15":"shipping-taxable","16":"purchasable","17":"product-type-simple"},"_links":{"self":[{"href":"https:\/\/roveyayinevi.com.tr\/index.php\/wp-json\/wp\/v2\/product\/734257","targetHints":{"allow":["GET"]}}],"collection":[{"href":"https:\/\/roveyayinevi.com.tr\/index.php\/wp-json\/wp\/v2\/product"}],"about":[{"href":"https:\/\/roveyayinevi.com.tr\/index.php\/wp-json\/wp\/v2\/types\/product"}],"wp:attachment":[{"href":"https:\/\/roveyayinevi.com.tr\/index.php\/wp-json\/wp\/v2\/media?parent=734257"}],"wp:term":[{"taxonomy":"product_brand","embeddable":true,"href":"https:\/\/roveyayinevi.com.tr\/index.php\/wp-json\/wp\/v2\/product_brand?post=734257"},{"taxonomy":"product_cat","embeddable":true,"href":"https:\/\/roveyayinevi.com.tr\/index.php\/wp-json\/wp\/v2\/product_cat?post=734257"},{"taxonomy":"product_tag","embeddable":true,"href":"https:\/\/roveyayinevi.com.tr\/index.php\/wp-json\/wp\/v2\/product_tag?post=734257"}],"curies":[{"name":"wp","href":"https:\/\/api.w.org\/{rel}","templated":true}]}}