{"id":734256,"date":"2025-08-27T22:24:53","date_gmt":"2025-08-27T19:24:53","guid":{"rendered":"https:\/\/roveyayinevi.com.tr\/index.php\/urun\/selin-puskullu-bela\/"},"modified":"2026-04-16T02:42:02","modified_gmt":"2026-04-15T23:42:02","slug":"selin-puskullu-bela","status":"publish","type":"product","link":"https:\/\/roveyayinevi.com.tr\/index.php\/urun\/selin-puskullu-bela\/","title":{"rendered":"Selin P\u00fcsk\u00fcll\u00fc Bela"},"content":{"rendered":"<p>Selin\u2019le mutlaka kar\u015f\u0131la\u015fm\u0131\u015fs\u0131nd\u0131r. Okulun bah\u00e7esinde, koridorlar\u0131nda, s\u0131n\u0131fta ya da sokakta\u2026 Benzer \u015fakalar yapm\u0131\u015f, ortak kahkahalar atm\u0131\u015f, oyun arkada\u015f\u0131 bile olmu\u015fsundur. \u0130\u015fte onun ba\u015f\u0131ndan ge\u00e7enler var bu kitapta. Yok can\u0131m, onun bir hik\u00e2ye kahraman\u0131 oldu\u011funu da nereden \u00e7\u0131kar\u0131yorsun! Selin, bizim Selin i\u015fte&#8230;    Do\u011fan G\u00fcnd\u00fcz \u00f6nceki kitaplar\u0131ndan farkl\u0131 olarak, bu kez kahraman\u0131na bir isim veriyor. Selin her hik\u00e2yede okuyucunun merak ziline muzip\u00e7e bas\u0131yor ama ka\u00e7m\u0131yor, \u201cH\u0131nz\u0131rl\u0131klar\u0131mla i\u015fte kar\u015f\u0131n\u0131zday\u0131m,\u201d diyor. Do\u011fan G\u00fcnd\u00fcz\u2019\u00fcn duru bir o kadar da s\u00fcr\u00fckleyici anlat\u0131m\u0131yla bizle tan\u0131\u015ft\u0131rd\u0131\u011f\u0131 Selin, ill\u00fcstrat\u00f6r Nuray \u00c7ift\u00e7i\u2019nin yal\u0131n ve g\u00fc\u00e7l\u00fc \u00e7izgileri e\u015fli\u011finde g\u00fcl\u00fcms\u00fcyor hepimize. Anlataca\u011f\u0131 yepyeni hik\u00e2yeler de cebinde! <\/p>\n","protected":false},"excerpt":{"rendered":"<p>Selin\u2019le mutlaka kar\u015f\u0131la\u015fm\u0131\u015fs\u0131nd\u0131r. Okulun bah\u00e7esinde, koridorlar\u0131nda, s\u0131n\u0131fta ya da sokakta\u2026 Benzer \u015fakalar yapm\u0131\u015f, ortak kahkahalar atm\u0131\u015f, oyun arkada\u015f\u0131 bile olmu\u015fsundur. \u0130\u015fte onun ba\u015f\u0131ndan ge\u00e7enler var bu<span class=\"excerpt-hellip\"> [\u2026]<\/span><\/p>\n","protected":false},"featured_media":0,"template":"","meta":{"_monsterinsights_skip_tracking":false,"_monsterinsights_sitenote_active":false,"_monsterinsights_sitenote_note":"","_monsterinsights_sitenote_category":0},"product_brand":[],"product_cat":[12275,12274],"product_tag":[],"class_list":{"0":"post-734256","1":"product","2":"type-product","3":"status-publish","5":"product_cat-6-12-yas-kitaplari","6":"product_cat-cocuk-ve-genclik-kitaplari","7":"pa_cilt-ciltsiz","8":"pa_tur-kitap","9":"pa_yayinevi-can-cocuk-yayinlari","10":"pa_yazar-dogan-gunduz","12":"first","13":"instock","14":"sale","15":"shipping-taxable","16":"purchasable","17":"product-type-simple"},"_links":{"self":[{"href":"https:\/\/roveyayinevi.com.tr\/index.php\/wp-json\/wp\/v2\/product\/734256","targetHints":{"allow":["GET"]}}],"collection":[{"href":"https:\/\/roveyayinevi.com.tr\/index.php\/wp-json\/wp\/v2\/product"}],"about":[{"href":"https:\/\/roveyayinevi.com.tr\/index.php\/wp-json\/wp\/v2\/types\/product"}],"wp:attachment":[{"href":"https:\/\/roveyayinevi.com.tr\/index.php\/wp-json\/wp\/v2\/media?parent=734256"}],"wp:term":[{"taxonomy":"product_brand","embeddable":true,"href":"https:\/\/roveyayinevi.com.tr\/index.php\/wp-json\/wp\/v2\/product_brand?post=734256"},{"taxonomy":"product_cat","embeddable":true,"href":"https:\/\/roveyayinevi.com.tr\/index.php\/wp-json\/wp\/v2\/product_cat?post=734256"},{"taxonomy":"product_tag","embeddable":true,"href":"https:\/\/roveyayinevi.com.tr\/index.php\/wp-json\/wp\/v2\/product_tag?post=734256"}],"curies":[{"name":"wp","href":"https:\/\/api.w.org\/{rel}","templated":true}]}}