{"id":734249,"date":"2025-08-27T22:24:45","date_gmt":"2025-08-27T19:24:45","guid":{"rendered":"https:\/\/roveyayinevi.com.tr\/index.php\/urun\/mor-etekli-kadin\/"},"modified":"2026-04-16T02:42:02","modified_gmt":"2026-04-15T23:42:02","slug":"mor-etekli-kadin","status":"publish","type":"product","link":"https:\/\/roveyayinevi.com.tr\/index.php\/urun\/mor-etekli-kadin\/","title":{"rendered":"Mor Etekli Kad\u0131n"},"content":{"rendered":"<p>\u201cK\u0131sacas\u0131 \u015funu demek istiyorum: Ben uzun zamand\u0131r Mor Etekli Kad\u0131n\u2019\u0131n arkada\u015f\u0131 olmak istiyorum.\u201d   Mor Etekli Kad\u0131n kendi d\u00fcnyas\u0131nda ya\u015f\u0131yor. Varl\u0131\u011f\u0131yla \u00e7ekti\u011fi tepkilerin fark\u0131nda olmadan dola\u015f\u0131yor kalabal\u0131klar\u0131n aras\u0131nda. Her \u00f6\u011flen parktaki ayn\u0131 banka oturuyor, \u00e7\u00f6rek yiyor ve dikkatini \u00e7ekmeye \u00e7al\u0131\u015fan \u00e7ocuklar\u0131 g\u00f6rmezden geliyor.   Fark\u0131nda olmasa da Mor Etekli Kad\u0131n\u2019\u0131 izleyen biri var; daima g\u00f6r\u00fc\u015f alan\u0131n\u0131n hemen d\u0131\u015f\u0131nda duruyor, bindi\u011fi otob\u00fcs seferlerini, ne yedi\u011fini, kimlerle konu\u015ftu\u011funu not ediyor. Fakat Mor Etekli Kad\u0131n\u2019\u0131 g\u00f6zlemleyen ki\u015fi bir sap\u0131k de\u011fil. Bu, g\u00f6r\u00fcnd\u00fc\u011f\u00fcnden \u00e7ok daha karma\u015f\u0131k bir mesele\u2026   Bug\u00fcne kadar \u00fc\u00e7 kez Akutagawa \u00d6d\u00fcl\u00fc\u2019ne aday g\u00f6sterilen ve 2019 y\u0131l\u0131nda Mor Etekli Kad\u0131n\u2019la \u00f6d\u00fcl\u00fc kazanan Natsuko \u0130mamura, arkada\u015fl\u0131k ve saplant\u0131 \u00fczerine karanl\u0131k bir hik\u00e2ye anlat\u0131yor.   \u201cHuzursuz edici ve komik. Mor Etekli Kad\u0131n yaln\u0131zl\u0131kla tak\u0131nt\u0131n\u0131n \u00f6zl\u00fc, ilgin\u00e7 bir anlat\u0131m\u0131.\u201d  Paula Hawkins, Trendeki K\u0131z\u2019\u0131n yazar\u0131   \u201c\u00c7ok \u00e7arp\u0131c\u0131\u2026 \u0130tinal\u0131 ve inan\u0131lmaz keskin\u2026 Dengesiz, tuhaf bir d\u00fcnya yaratmay\u0131 ba\u015far\u0131yor.\u201d  Sayaka Murata, Kasiyer\u2019in yazar\u0131   \u201cAkl\u0131n\u0131zdan \u00e7\u0131kmayacak.\u201d Le\u00efla Slimani, Ho\u015f Na\u011fme\u2019nin yazar\u0131   \u201c\u0130mamura\u2019n\u0131n bir miktar s\u0131ra d\u0131\u015f\u0131 olan insanlar\u0131 anlatmakta ender g\u00f6r\u00fclen bir yetene\u011fi var\u2026\u201d Yoko Ogawa, Haf\u0131za Polisi\u2019nin yazar\u0131 <\/p>\n","protected":false},"excerpt":{"rendered":"<p>\u201cK\u0131sacas\u0131 \u015funu demek istiyorum: Ben uzun zamand\u0131r Mor Etekli Kad\u0131n\u2019\u0131n arkada\u015f\u0131 olmak istiyorum.\u201d Mor Etekli Kad\u0131n kendi d\u00fcnyas\u0131nda ya\u015f\u0131yor. Varl\u0131\u011f\u0131yla \u00e7ekti\u011fi tepkilerin fark\u0131nda olmadan dola\u015f\u0131yor kalabal\u0131klar\u0131n<span class=\"excerpt-hellip\"> [\u2026]<\/span><\/p>\n","protected":false},"featured_media":0,"template":"","meta":{"_monsterinsights_skip_tracking":false,"_monsterinsights_sitenote_active":false,"_monsterinsights_sitenote_note":"","_monsterinsights_sitenote_category":0},"product_brand":[],"product_cat":[12291,12711],"product_tag":[],"class_list":{"0":"post-734249","1":"product","2":"type-product","3":"status-publish","5":"product_cat-edebiyat","6":"product_cat-roman-oyku","7":"pa_cilt-ciltsiz","8":"pa_tur-kitap","9":"pa_yayinevi-can-yayinlari","10":"pa_yazar-natsuko-imamura","12":"first","13":"instock","14":"sale","15":"shipping-taxable","16":"purchasable","17":"product-type-simple"},"_links":{"self":[{"href":"https:\/\/roveyayinevi.com.tr\/index.php\/wp-json\/wp\/v2\/product\/734249","targetHints":{"allow":["GET"]}}],"collection":[{"href":"https:\/\/roveyayinevi.com.tr\/index.php\/wp-json\/wp\/v2\/product"}],"about":[{"href":"https:\/\/roveyayinevi.com.tr\/index.php\/wp-json\/wp\/v2\/types\/product"}],"wp:attachment":[{"href":"https:\/\/roveyayinevi.com.tr\/index.php\/wp-json\/wp\/v2\/media?parent=734249"}],"wp:term":[{"taxonomy":"product_brand","embeddable":true,"href":"https:\/\/roveyayinevi.com.tr\/index.php\/wp-json\/wp\/v2\/product_brand?post=734249"},{"taxonomy":"product_cat","embeddable":true,"href":"https:\/\/roveyayinevi.com.tr\/index.php\/wp-json\/wp\/v2\/product_cat?post=734249"},{"taxonomy":"product_tag","embeddable":true,"href":"https:\/\/roveyayinevi.com.tr\/index.php\/wp-json\/wp\/v2\/product_tag?post=734249"}],"curies":[{"name":"wp","href":"https:\/\/api.w.org\/{rel}","templated":true}]}}