{"id":734247,"date":"2025-08-27T22:24:43","date_gmt":"2025-08-27T19:24:43","guid":{"rendered":"https:\/\/roveyayinevi.com.tr\/index.php\/urun\/gececek-zaman\/"},"modified":"2026-04-16T02:42:02","modified_gmt":"2026-04-15T23:42:02","slug":"gececek-zaman","status":"publish","type":"product","link":"https:\/\/roveyayinevi.com.tr\/index.php\/urun\/gececek-zaman\/","title":{"rendered":"Ge\u00e7ecek Zaman"},"content":{"rendered":"<p>Mektup\u00e7uyum ben. Ya\u015fayan ve ya\u015fayacak olan herkese, bug\u00fcne ve gelecek zamanlara mektuplar g\u00f6nderiyorum. Mektuplar\u0131m\u0131n kimlere ula\u015faca\u011f\u0131n\u0131, hangi bulmacan\u0131n hangi zamanda, nerede \u00e7\u00f6z\u00fclece\u011fini bilmiyorum. Ama birilerinin bu zarflar\u0131 a\u00e7may\u0131 ak\u0131l edece\u011fini ve hitab\u0131n\u0131 \u00fcst\u00fcne alaca\u011f\u0131n\u0131 biliyorum. Orada oldu\u011funu biliyorum.   Mustafa \u00c7evikdo\u011fan, Ge\u00e7ecek Zaman\u2019da huzursuz d\u00fcnyalar kuruyor okurun g\u00f6z\u00fc \u00f6n\u00fcnde: \u015fifreli bulmacalar, bir orman\u0131n derinliklerinde kurulmu\u015f gizli ve tahrip g\u00fcc\u00fc y\u00fcksek bir yazarlar k\u00f6y\u00fc, kom\u015fu daireye dadanm\u0131\u015f bir orman cini. Bildi\u011fimiz d\u00fcnyaya daha \u00e7ok benzeyen \u00f6yk\u00fclerde bile \u2013ta\u015frada a\u015fk ac\u0131s\u0131 \u00e7eken bir akademisyen, sahaftan al\u0131nan bir kitaba d\u00fc\u015f\u00fclm\u00fc\u015f bir not\u2212 bu huzursuzlu\u011fun \u201ci\u00e7evurum\u201dunu izlemek m\u00fcmk\u00fcn. \u00c7evikdo\u011fan\u2019\u0131n kahramanlar\u0131, ge\u00e7ece\u011fini bilseler de tutsa\u011f\u0131 olduklar\u0131 bu zaman\u0131n i\u00e7inde nas\u0131l var olmalar\u0131 gerekti\u011fini bulmaya \u00e7al\u0131\u015f\u0131yor. Baz\u0131 edeb\u00ee tatlar\u0131n unutulmaya y\u00fcz tuttu\u011funu d\u00fc\u015f\u00fcn\u00fcp \u00fcz\u00fclenler i\u00e7in Ge\u00e7ecek Zaman renkli m\u00fcjdeler bar\u0131nd\u0131r\u0131yor.<\/p>\n","protected":false},"excerpt":{"rendered":"<p>Mektup\u00e7uyum ben. Ya\u015fayan ve ya\u015fayacak olan herkese, bug\u00fcne ve gelecek zamanlara mektuplar g\u00f6nderiyorum. Mektuplar\u0131m\u0131n kimlere ula\u015faca\u011f\u0131n\u0131, hangi bulmacan\u0131n hangi zamanda, nerede \u00e7\u00f6z\u00fclece\u011fini bilmiyorum. Ama birilerinin bu<span class=\"excerpt-hellip\"> [\u2026]<\/span><\/p>\n","protected":false},"featured_media":0,"template":"","meta":{"_monsterinsights_skip_tracking":false,"_monsterinsights_sitenote_active":false,"_monsterinsights_sitenote_note":"","_monsterinsights_sitenote_category":0},"product_brand":[],"product_cat":[12291,12711],"product_tag":[],"class_list":{"0":"post-734247","1":"product","2":"type-product","3":"status-publish","5":"product_cat-edebiyat","6":"product_cat-roman-oyku","7":"pa_cilt-ciltsiz","8":"pa_tur-kitap","9":"pa_yayinevi-can-yayinlari","10":"pa_yazar-mustafa-cevikdogan","12":"first","13":"instock","14":"sale","15":"shipping-taxable","16":"purchasable","17":"product-type-simple"},"_links":{"self":[{"href":"https:\/\/roveyayinevi.com.tr\/index.php\/wp-json\/wp\/v2\/product\/734247","targetHints":{"allow":["GET"]}}],"collection":[{"href":"https:\/\/roveyayinevi.com.tr\/index.php\/wp-json\/wp\/v2\/product"}],"about":[{"href":"https:\/\/roveyayinevi.com.tr\/index.php\/wp-json\/wp\/v2\/types\/product"}],"wp:attachment":[{"href":"https:\/\/roveyayinevi.com.tr\/index.php\/wp-json\/wp\/v2\/media?parent=734247"}],"wp:term":[{"taxonomy":"product_brand","embeddable":true,"href":"https:\/\/roveyayinevi.com.tr\/index.php\/wp-json\/wp\/v2\/product_brand?post=734247"},{"taxonomy":"product_cat","embeddable":true,"href":"https:\/\/roveyayinevi.com.tr\/index.php\/wp-json\/wp\/v2\/product_cat?post=734247"},{"taxonomy":"product_tag","embeddable":true,"href":"https:\/\/roveyayinevi.com.tr\/index.php\/wp-json\/wp\/v2\/product_tag?post=734247"}],"curies":[{"name":"wp","href":"https:\/\/api.w.org\/{rel}","templated":true}]}}