{"id":734246,"date":"2025-08-27T22:24:41","date_gmt":"2025-08-27T19:24:41","guid":{"rendered":"https:\/\/roveyayinevi.com.tr\/index.php\/urun\/ayisiginin-gokyuzu-atlasi\/"},"modified":"2026-04-16T02:42:02","modified_gmt":"2026-04-15T23:42:02","slug":"ayisiginin-gokyuzu-atlasi","status":"publish","type":"product","link":"https:\/\/roveyayinevi.com.tr\/index.php\/urun\/ayisiginin-gokyuzu-atlasi\/","title":{"rendered":"Ay\u0131\u015f\u0131\u011f\u0131&#8217;n\u0131n G\u00f6ky\u00fcz\u00fc Atlas\u0131"},"content":{"rendered":"<p>G\u00f6ky\u00fcz\u00fcne bak\u0131\u015f\u0131n\u0131z\u0131 de\u011fi\u015ftirecek, ke\u015fif dolu bir anlat\u0131&#8230;Aslan\u0131n g\u00fcc\u00fc, sonsuza dek hat\u0131rlans\u0131n diye nereye ta\u015f\u0131nd\u0131? Avc\u0131 bir prensesi b\u00fcy\u00fck bir ay\u0131ya \u00e7evirme fikri kimden \u00e7\u0131kt\u0131? Pegasus y\u0131ld\u0131zlara kadar nas\u0131l y\u00fckseldi?Ay\u0131\u015f\u0131\u011f\u0131&#8217;n\u0131n G\u00f6ky\u00fcz\u00fc Atlas\u0131 tak\u0131my\u0131ld\u0131zlar\u0131n\u0131n insanl\u0131\u011f\u0131n en eski \u00e7a\u011flar\u0131na uzanan hik\u00e2yelerini hem g\u00f6zlerde hem de zihinlerde canland\u0131r\u0131yor.  Her gece, y\u0131ld\u0131zlar\u0131 seyre dalan Ay\u0131\u015f\u0131\u011f\u0131, bir gece denizin \u00e7a\u011f\u0131ran sesini duyar ve sahile gitmeye karar verir. Tam da o s\u0131rada Aydede, cebinden \u00e7\u0131kard\u0131\u011f\u0131 haritayla y\u0131ld\u0131zlar\u0131n hi\u00e7 bilinmeyen hik\u00e2yesini anlatmaya haz\u0131rlan\u0131yordur&#8230; Eski \u00e7a\u011flara uzanan efsane ve s\u00f6ylenceleri astronomiye merak duyan bir k\u0131z \u00e7ocu\u011funun d\u00fc\u015f d\u00fcnyas\u0131 \u00fczerinden resmeden G\u00f6zen Kamaz, bu eseriyle g\u00f6ky\u00fcz\u00fcn\u00fcn bilinmeyenlerini birer birer a\u00e7\u0131\u011fa \u00e7\u0131kar\u0131yor.   Okuruyla tamamlanan bir hik\u00e2ye anlatan Ay\u0131\u015f\u0131\u011f\u0131&#8217;n\u0131n G\u00f6ky\u00fcz\u00fc Atlas\u0131, ara\u015ft\u0131rmaya sevk eden etkile\u015fimli sayfalar\u0131yla hem e\u011flendiriyor hem de Ay&#8217;\u0131n engin bilgileri \u0131\u015f\u0131\u011f\u0131nda benzersiz bir g\u00f6ksel seyir haritas\u0131 \u00e7iziyor.<\/p>\n","protected":false},"excerpt":{"rendered":"<p>G\u00f6ky\u00fcz\u00fcne bak\u0131\u015f\u0131n\u0131z\u0131 de\u011fi\u015ftirecek, ke\u015fif dolu bir anlat\u0131&#8230;Aslan\u0131n g\u00fcc\u00fc, sonsuza dek hat\u0131rlans\u0131n diye nereye ta\u015f\u0131nd\u0131? Avc\u0131 bir prensesi b\u00fcy\u00fck bir ay\u0131ya \u00e7evirme fikri kimden \u00e7\u0131kt\u0131? Pegasus y\u0131ld\u0131zlara<span class=\"excerpt-hellip\"> [\u2026]<\/span><\/p>\n","protected":false},"featured_media":0,"template":"","meta":{"_monsterinsights_skip_tracking":false,"_monsterinsights_sitenote_active":false,"_monsterinsights_sitenote_note":"","_monsterinsights_sitenote_category":0},"product_brand":[],"product_cat":[12275,12274],"product_tag":[],"class_list":{"0":"post-734246","1":"product","2":"type-product","3":"status-publish","5":"product_cat-6-12-yas-kitaplari","6":"product_cat-cocuk-ve-genclik-kitaplari","7":"pa_cilt-ciltsiz","8":"pa_tur-kitap","9":"pa_yayinevi-desen-yayinlari","10":"pa_yazar-gozen-kamaz","12":"first","13":"instock","14":"sale","15":"shipping-taxable","16":"purchasable","17":"product-type-simple"},"_links":{"self":[{"href":"https:\/\/roveyayinevi.com.tr\/index.php\/wp-json\/wp\/v2\/product\/734246","targetHints":{"allow":["GET"]}}],"collection":[{"href":"https:\/\/roveyayinevi.com.tr\/index.php\/wp-json\/wp\/v2\/product"}],"about":[{"href":"https:\/\/roveyayinevi.com.tr\/index.php\/wp-json\/wp\/v2\/types\/product"}],"wp:attachment":[{"href":"https:\/\/roveyayinevi.com.tr\/index.php\/wp-json\/wp\/v2\/media?parent=734246"}],"wp:term":[{"taxonomy":"product_brand","embeddable":true,"href":"https:\/\/roveyayinevi.com.tr\/index.php\/wp-json\/wp\/v2\/product_brand?post=734246"},{"taxonomy":"product_cat","embeddable":true,"href":"https:\/\/roveyayinevi.com.tr\/index.php\/wp-json\/wp\/v2\/product_cat?post=734246"},{"taxonomy":"product_tag","embeddable":true,"href":"https:\/\/roveyayinevi.com.tr\/index.php\/wp-json\/wp\/v2\/product_tag?post=734246"}],"curies":[{"name":"wp","href":"https:\/\/api.w.org\/{rel}","templated":true}]}}