{"id":734245,"date":"2025-08-27T22:24:40","date_gmt":"2025-08-27T19:24:40","guid":{"rendered":"https:\/\/roveyayinevi.com.tr\/index.php\/urun\/sevgi-masali-12\/"},"modified":"2026-04-16T02:42:02","modified_gmt":"2026-04-15T23:42:02","slug":"sevgi-masali-12","status":"publish","type":"product","link":"https:\/\/roveyayinevi.com.tr\/index.php\/urun\/sevgi-masali-12\/","title":{"rendered":"Sevgi Masal\u0131"},"content":{"rendered":"<p>Eski zamanlar\u0131n birinde bir padi\u015fahla alt\u0131 yedi ya\u015flar\u0131nda bir k\u0131z\u0131 vard\u0131. Bu k\u0131z\u0131n \u00e7ok say\u0131da cariyesi ve hizmet\u00e7ileri vard\u0131. Ko\u00e7 Ali ad\u0131nda kendisinden biraz b\u00fcy\u00fck bir de u\u015fa\u011f\u0131 vard\u0131. Yemek esnas\u0131nda k\u0131z\u0131n pe\u00e7etesi yere d\u00fc\u015fse, Ko\u00e7 Ali hemen al\u0131p ona verirdi. Top oynarken top e\u011fer uzaklara gitse, Ko\u00e7 Ali gidip getirirdi. Bazen k\u0131z\u0131n can\u0131 \u00e7elik \u00e7omak oynamak isterdi. Onun \u00e7elik \u00e7oma\u011f\u0131 ise alt\u0131n ve g\u00fcm\u00fc\u015ftendi. K\u0131z uyudu\u011funda cariyelere, hizmet\u00e7iler, u\u015faklar gelip bir \u015fey sormas\u0131n ve k\u0131z\u0131 rahats\u0131z etmesin diye Ko\u00e7 Ali kap\u0131da yat\u0131p uyurdu, bek\u00e7ilik ederdi. Padi\u015fah k\u0131z\u0131n\u0131n bir emri olsa, Ko\u00e7 Ali seve seve ko\u015fard\u0131. \u0130\u015fleri \u00f6yle d\u00fczenli yapard\u0131 ki k\u0131z elini bile kald\u0131rmazd\u0131. Ama Ko\u00e7 Ali padi\u015fah k\u0131z\u0131na \u00e2\u015f\u0131k olmu\u015ftu. Tertemiz bir sevgiyle seviyordu onu. Ko\u00e7 Ali\u2019ye g\u00f6re her \u015fey normaldi ve bu i\u015fte bir kusur yoktu. Sevmenin de ay\u0131b\u0131 kusurumu olurmu\u015f hi\u00e7? Padi\u015fah k\u0131z\u0131yla bah\u00e7ede beraberken, k\u0131z kelebek yakalarken, \u00e7elik \u00e7omak oynarken Ko\u00e7 Ali kendini ne kadarda \u00e7ok mutlu hissederdi. <\/p>\n","protected":false},"excerpt":{"rendered":"<p>Eski zamanlar\u0131n birinde bir padi\u015fahla alt\u0131 yedi ya\u015flar\u0131nda bir k\u0131z\u0131 vard\u0131. Bu k\u0131z\u0131n \u00e7ok say\u0131da cariyesi ve hizmet\u00e7ileri vard\u0131. Ko\u00e7 Ali ad\u0131nda kendisinden biraz b\u00fcy\u00fck bir<span class=\"excerpt-hellip\"> [\u2026]<\/span><\/p>\n","protected":false},"featured_media":0,"template":"","meta":{"_monsterinsights_skip_tracking":false,"_monsterinsights_sitenote_active":false,"_monsterinsights_sitenote_note":"","_monsterinsights_sitenote_category":0},"product_brand":[],"product_cat":[12274,12467],"product_tag":[],"class_list":{"0":"post-734245","1":"product","2":"type-product","3":"status-publish","5":"product_cat-cocuk-ve-genclik-kitaplari","6":"product_cat-dunya-klasikleri","7":"pa_cilt-ciltsiz","8":"pa_tur-kitap","9":"pa_yayinevi-sifir6-yayinevi","10":"pa_yazar-samed-behrengi","12":"first","13":"instock","14":"sale","15":"shipping-taxable","16":"purchasable","17":"product-type-simple"},"_links":{"self":[{"href":"https:\/\/roveyayinevi.com.tr\/index.php\/wp-json\/wp\/v2\/product\/734245","targetHints":{"allow":["GET"]}}],"collection":[{"href":"https:\/\/roveyayinevi.com.tr\/index.php\/wp-json\/wp\/v2\/product"}],"about":[{"href":"https:\/\/roveyayinevi.com.tr\/index.php\/wp-json\/wp\/v2\/types\/product"}],"wp:attachment":[{"href":"https:\/\/roveyayinevi.com.tr\/index.php\/wp-json\/wp\/v2\/media?parent=734245"}],"wp:term":[{"taxonomy":"product_brand","embeddable":true,"href":"https:\/\/roveyayinevi.com.tr\/index.php\/wp-json\/wp\/v2\/product_brand?post=734245"},{"taxonomy":"product_cat","embeddable":true,"href":"https:\/\/roveyayinevi.com.tr\/index.php\/wp-json\/wp\/v2\/product_cat?post=734245"},{"taxonomy":"product_tag","embeddable":true,"href":"https:\/\/roveyayinevi.com.tr\/index.php\/wp-json\/wp\/v2\/product_tag?post=734245"}],"curies":[{"name":"wp","href":"https:\/\/api.w.org\/{rel}","templated":true}]}}