{"id":734244,"date":"2025-08-27T22:24:39","date_gmt":"2025-08-27T19:24:39","guid":{"rendered":"https:\/\/roveyayinevi.com.tr\/index.php\/urun\/kucuk-kara-balik-19\/"},"modified":"2026-04-16T02:42:02","modified_gmt":"2026-04-15T23:42:02","slug":"kucuk-kara-balik-19","status":"publish","type":"product","link":"https:\/\/roveyayinevi.com.tr\/index.php\/urun\/kucuk-kara-balik-19\/","title":{"rendered":"K\u00fc\u00e7\u00fck Kara Bal\u0131k"},"content":{"rendered":"<p>K\u0131\u015f\u0131n en uzun gecesinde, denizin derinliklerinde ya\u015fayan ya\u015fl\u0131 bir bal\u0131k, \u00e7ocuklar\u0131 ve torunlar\u0131ndan olu\u015fan on iki bin bal\u0131\u011f\u0131 toplay\u0131p onlara \u015fu hik\u00e2yeyi anlatmaya ba\u015flad\u0131: \u201c\u00c7ok eski zamanlarda, annesiyle birlikte bir da\u011f k\u0131y\u0131s\u0131ndaki k\u00fc\u00e7\u00fck bir \u0131rmakta ya\u015fayan k\u00fc\u00e7\u00fck bir Kara Bal\u0131k varm\u0131\u015f. Evleri, geceleri alt\u0131nda uyuduklar\u0131, yosunlarla kapl\u0131, siyah bir kayan\u0131n arkas\u0131ndaym\u0131\u015f. K\u00fc\u00e7\u00fck Kara Bal\u0131k, ay \u0131\u015f\u0131\u011f\u0131n\u0131 bir kez bile olsa evlerinde g\u00f6rmenin \u00f6zlemiyle ya\u015farm\u0131\u015f. Anne ve K\u00fc\u00e7\u00fck Bal\u0131k sabahtan ak\u015fama kadar birlikte y\u00fczerlermi\u015f. Bazen di\u011fer bal\u0131klara kat\u0131l\u0131r, k\u00fc\u00e7\u00fck yar\u0131klara girip \u00e7\u0131karlarm\u0131\u015f. K\u00fc\u00e7\u00fck Bal\u0131k annesinin b\u0131rakt\u0131\u011f\u0131 on bin yumurtadan hayatta kalan tek yavruymu\u015f.K\u00fc\u00e7\u00fck Bal\u0131k g\u00fcnlerdir \u00e7ok d\u00fc\u015f\u00fcnceliymi\u015f, neredeyse hi\u00e7 konu\u015fmuyormu\u015f. Annesinin pe\u015fine tak\u0131l\u0131p sakince y\u00fcz\u00fcyor ama di\u011fer bal\u0131klarla hi\u00e7 oynam\u0131yormu\u015f. Anne bal\u0131k yavrusunun hasta oldu\u011funu ve yak\u0131nda iyile\u015fe- ce\u011fini d\u00fc\u015f\u00fcnm\u00fc\u015f ama i\u015fin asl\u0131 \u00f6yle de\u011filmi\u015f, K\u00fc\u00e7\u00fck Kara Bal\u0131\u011f\u0131n derdi ba\u015fkaym\u0131\u015f&#8221;<\/p>\n","protected":false},"excerpt":{"rendered":"<p>K\u0131\u015f\u0131n en uzun gecesinde, denizin derinliklerinde ya\u015fayan ya\u015fl\u0131 bir bal\u0131k, \u00e7ocuklar\u0131 ve torunlar\u0131ndan olu\u015fan on iki bin bal\u0131\u011f\u0131 toplay\u0131p onlara \u015fu hik\u00e2yeyi anlatmaya ba\u015flad\u0131: \u201c\u00c7ok eski<span class=\"excerpt-hellip\"> [\u2026]<\/span><\/p>\n","protected":false},"featured_media":0,"template":"","meta":{"_monsterinsights_skip_tracking":false,"_monsterinsights_sitenote_active":false,"_monsterinsights_sitenote_note":"","_monsterinsights_sitenote_category":0},"product_brand":[],"product_cat":[12274,12467],"product_tag":[],"class_list":{"0":"post-734244","1":"product","2":"type-product","3":"status-publish","5":"product_cat-cocuk-ve-genclik-kitaplari","6":"product_cat-dunya-klasikleri","7":"pa_cilt-ciltsiz","8":"pa_tur-kitap","9":"pa_yayinevi-sifir6-yayinevi","10":"pa_yazar-samed-behrengi","12":"first","13":"instock","14":"sale","15":"shipping-taxable","16":"purchasable","17":"product-type-simple"},"_links":{"self":[{"href":"https:\/\/roveyayinevi.com.tr\/index.php\/wp-json\/wp\/v2\/product\/734244","targetHints":{"allow":["GET"]}}],"collection":[{"href":"https:\/\/roveyayinevi.com.tr\/index.php\/wp-json\/wp\/v2\/product"}],"about":[{"href":"https:\/\/roveyayinevi.com.tr\/index.php\/wp-json\/wp\/v2\/types\/product"}],"wp:attachment":[{"href":"https:\/\/roveyayinevi.com.tr\/index.php\/wp-json\/wp\/v2\/media?parent=734244"}],"wp:term":[{"taxonomy":"product_brand","embeddable":true,"href":"https:\/\/roveyayinevi.com.tr\/index.php\/wp-json\/wp\/v2\/product_brand?post=734244"},{"taxonomy":"product_cat","embeddable":true,"href":"https:\/\/roveyayinevi.com.tr\/index.php\/wp-json\/wp\/v2\/product_cat?post=734244"},{"taxonomy":"product_tag","embeddable":true,"href":"https:\/\/roveyayinevi.com.tr\/index.php\/wp-json\/wp\/v2\/product_tag?post=734244"}],"curies":[{"name":"wp","href":"https:\/\/api.w.org\/{rel}","templated":true}]}}