{"id":734243,"date":"2025-08-27T22:24:38","date_gmt":"2025-08-27T19:24:38","guid":{"rendered":"https:\/\/roveyayinevi.com.tr\/index.php\/urun\/puskullu-deve-6\/"},"modified":"2026-04-16T02:42:02","modified_gmt":"2026-04-15T23:42:02","slug":"puskullu-deve-6","status":"publish","type":"product","link":"https:\/\/roveyayinevi.com.tr\/index.php\/urun\/puskullu-deve-6\/","title":{"rendered":"P\u00fcsk\u00fcll\u00fc Deve"},"content":{"rendered":"<p>Tahran\u2019da ba\u015f\u0131ma nelerin geldi\u011fini t\u00fcm\u00fcyle anlatmaya kalksayd\u0131m, san\u0131r\u0131m ciltler dolusu kitap olurdu ve siz o kitaplar\u0131 okurken yorgun d\u00fc\u015ferdiniz. Bu nedenle sadece son yirmi d\u00f6rt saatte ya\u015fad\u0131klar\u0131m\u0131 anlataca\u011f\u0131m. D\u00fc\u015f\u00fcn\u00fcyorum da bu \u00e7ok yorucu olmayacakt\u0131r. Elbette sizlere babamla Tahran\u2019a neden geldi\u011fimi anlatmam gerekiyor \u00f6ncelikle. Babam birka\u00e7 ayd\u0131r i\u015fsizdi. Sonunda annemi ve karde\u015flerimi geride b\u0131rakarak, elimi tuttu ve beraber Tahran\u2019a gittik. Birka\u00e7 tan\u0131d\u0131k ki\u015fi ve hem\u015ferilerim daha \u00f6nce Tahran\u2019a gidip i\u015f g\u00fc\u00e7 sahibi olmu\u015flard\u0131; biz de onlar\u0131 \u00f6rnek alarak oraya gittik. \u00d6rne\u011fin bir tan\u0131d\u0131\u011f\u0131m\u0131z\u0131n \u015fehirde bir d\u00fckk\u00e2n\u0131 vard\u0131 ve buz satard\u0131. Bir di\u011feri kullan\u0131lm\u0131\u015f k\u0131yafetler al\u0131p sat\u0131yordu. Bir di\u011feri ise portakal satmaktayd\u0131. Babam da ne yap\u0131p edip kendine bir tahta manav arabas\u0131 bulmu\u015f ve seyyar sat\u0131c\u0131l\u0131\u011fa ba\u015flam\u0131\u015ft\u0131. So\u011fan, patates, salatal\u0131k ve daha ba\u015fka sebzeler sat\u0131yordu. Ancak sadece karn\u0131m\u0131z\u0131 doyurmaya yetecek kadar para kazanabiliyor, k\u00f6ydeki anneme de bir \u015feyler g\u00f6nderi- yordu. Ben bazen babamla beraber i\u015fe \u00e7\u0131k\u0131yor, bazen de sokaklarda tek ba\u015f\u0131ma bo\u015f bo\u015f geziyor, ak\u015fam olunca da babam\u0131n yan\u0131na d\u00f6n\u00fcyordum. Bazen bir liral\u0131k \u00e7iklet, haf\u0131z fal\u0131 ve buna benzer \u015feyler satt\u0131\u011f\u0131m da oluyordu. \u015eimdi Tahran\u2019daki son yirmi d\u00f6rt saatimde neler oldu\u011funa d\u00f6nelim. <\/p>\n","protected":false},"excerpt":{"rendered":"<p>Tahran\u2019da ba\u015f\u0131ma nelerin geldi\u011fini t\u00fcm\u00fcyle anlatmaya kalksayd\u0131m, san\u0131r\u0131m ciltler dolusu kitap olurdu ve siz o kitaplar\u0131 okurken yorgun d\u00fc\u015ferdiniz. Bu nedenle sadece son yirmi d\u00f6rt saatte<span class=\"excerpt-hellip\"> [\u2026]<\/span><\/p>\n","protected":false},"featured_media":0,"template":"","meta":{"_monsterinsights_skip_tracking":false,"_monsterinsights_sitenote_active":false,"_monsterinsights_sitenote_note":"","_monsterinsights_sitenote_category":0},"product_brand":[],"product_cat":[12274,12467],"product_tag":[],"class_list":{"0":"post-734243","1":"product","2":"type-product","3":"status-publish","5":"product_cat-cocuk-ve-genclik-kitaplari","6":"product_cat-dunya-klasikleri","7":"pa_cilt-ciltsiz","8":"pa_tur-kitap","9":"pa_yayinevi-sifir6-yayinevi","10":"pa_yazar-samed-behrengi","12":"first","13":"instock","14":"sale","15":"shipping-taxable","16":"purchasable","17":"product-type-simple"},"_links":{"self":[{"href":"https:\/\/roveyayinevi.com.tr\/index.php\/wp-json\/wp\/v2\/product\/734243","targetHints":{"allow":["GET"]}}],"collection":[{"href":"https:\/\/roveyayinevi.com.tr\/index.php\/wp-json\/wp\/v2\/product"}],"about":[{"href":"https:\/\/roveyayinevi.com.tr\/index.php\/wp-json\/wp\/v2\/types\/product"}],"wp:attachment":[{"href":"https:\/\/roveyayinevi.com.tr\/index.php\/wp-json\/wp\/v2\/media?parent=734243"}],"wp:term":[{"taxonomy":"product_brand","embeddable":true,"href":"https:\/\/roveyayinevi.com.tr\/index.php\/wp-json\/wp\/v2\/product_brand?post=734243"},{"taxonomy":"product_cat","embeddable":true,"href":"https:\/\/roveyayinevi.com.tr\/index.php\/wp-json\/wp\/v2\/product_cat?post=734243"},{"taxonomy":"product_tag","embeddable":true,"href":"https:\/\/roveyayinevi.com.tr\/index.php\/wp-json\/wp\/v2\/product_tag?post=734243"}],"curies":[{"name":"wp","href":"https:\/\/api.w.org\/{rel}","templated":true}]}}