{"id":734241,"date":"2025-08-27T22:24:36","date_gmt":"2025-08-27T19:24:36","guid":{"rendered":"https:\/\/roveyayinevi.com.tr\/index.php\/urun\/kutsal-olani-arayabilmek\/"},"modified":"2026-04-12T02:49:22","modified_gmt":"2026-04-11T23:49:22","slug":"kutsal-olani-arayabilmek","status":"publish","type":"product","link":"https:\/\/roveyayinevi.com.tr\/index.php\/urun\/kutsal-olani-arayabilmek\/","title":{"rendered":"Kutsal Olan\u0131 Arayabilmek"},"content":{"rendered":"<p>\u201cHer arayan bulamaz ama bulanlar arayanlard\u0131r&#8230;\u201d \u2013 Bayezid Bestami Aray\u0131\u015f\u00e7\u0131n\u0131n ruhsal d\u00f6n\u00fc\u015f\u00fcm\u00fc i\u00e7sel heyecan\u0131 hissetmesiyle ba\u015flar. Bu da onu bir yolculu\u011fa s\u00fcr\u00fckler, tehlike ve tuzaklarla dolu bir aray\u0131\u015fa&#8230; Uzun s\u00fcre arad\u0131\u011f\u0131 \u201cKutsal Olan\u201dla bir araya geldi\u011findeyse yeni bir bilin\u00e7 seviyesine y\u00fckselir. Aray\u0131\u015f\u00e7\u0131 arad\u0131\u011f\u0131n\u0131 buldu\u011funda, par\u00e7alar\u0131n toplam\u0131ndan daha b\u00fcy\u00fck olan o ilahi hazineye kavu\u015fur. Uluslararas\u0131 \u00e7ok satanlar listesinde haftalarca bir numara olan, T\u00fcrkiye\u2019de de y\u00fcz binlerce okura ula\u015fmay\u0131 ba\u015faran Guy Finley bu kez evrensel hakikatin kap\u0131lar\u0131n\u0131 aral\u0131yor. Antik Yunan\u2019dan Uzakdo\u011fu\u2019ya, Mevlana\u2019dan Buda\u2019ya 5000 y\u0131ll\u0131k bir aray\u0131\u015f\u0131n, ruhun kendini ke\u015ffetme yolculu\u011funun bir manifestosunu sunuyor. Bu kitap do\u011fu\u015ftan var olan hakk\u0131n\u0131za sahip \u00e7\u0131kman\u0131z ve anlat\u0131lm\u0131\u015f en g\u00fczel hik\u00e2yenin yolculu\u011funda kendi yerinizi bulman\u0131z i\u00e7in size ilham olacak. <\/p>\n","protected":false},"excerpt":{"rendered":"<p>\u201cHer arayan bulamaz ama bulanlar arayanlard\u0131r&#8230;\u201d \u2013 Bayezid Bestami Aray\u0131\u015f\u00e7\u0131n\u0131n ruhsal d\u00f6n\u00fc\u015f\u00fcm\u00fc i\u00e7sel heyecan\u0131 hissetmesiyle ba\u015flar. Bu da onu bir yolculu\u011fa s\u00fcr\u00fckler, tehlike ve tuzaklarla dolu<span class=\"excerpt-hellip\"> [\u2026]<\/span><\/p>\n","protected":false},"featured_media":0,"template":"","meta":{"_monsterinsights_skip_tracking":false,"_monsterinsights_sitenote_active":false,"_monsterinsights_sitenote_note":"","_monsterinsights_sitenote_category":0},"product_brand":[],"product_cat":[12364,12376],"product_tag":[],"class_list":{"0":"post-734241","1":"product","2":"type-product","3":"status-publish","5":"product_cat-genel-konular","6":"product_cat-kisisel-gelisim","7":"pa_cilt-ciltsiz","8":"pa_tur-kitap","9":"pa_yayinevi-destek-yayinlari","10":"pa_yazar-guy-finley","12":"first","13":"instock","14":"sale","15":"shipping-taxable","16":"purchasable","17":"product-type-simple"},"_links":{"self":[{"href":"https:\/\/roveyayinevi.com.tr\/index.php\/wp-json\/wp\/v2\/product\/734241","targetHints":{"allow":["GET"]}}],"collection":[{"href":"https:\/\/roveyayinevi.com.tr\/index.php\/wp-json\/wp\/v2\/product"}],"about":[{"href":"https:\/\/roveyayinevi.com.tr\/index.php\/wp-json\/wp\/v2\/types\/product"}],"wp:attachment":[{"href":"https:\/\/roveyayinevi.com.tr\/index.php\/wp-json\/wp\/v2\/media?parent=734241"}],"wp:term":[{"taxonomy":"product_brand","embeddable":true,"href":"https:\/\/roveyayinevi.com.tr\/index.php\/wp-json\/wp\/v2\/product_brand?post=734241"},{"taxonomy":"product_cat","embeddable":true,"href":"https:\/\/roveyayinevi.com.tr\/index.php\/wp-json\/wp\/v2\/product_cat?post=734241"},{"taxonomy":"product_tag","embeddable":true,"href":"https:\/\/roveyayinevi.com.tr\/index.php\/wp-json\/wp\/v2\/product_tag?post=734241"}],"curies":[{"name":"wp","href":"https:\/\/api.w.org\/{rel}","templated":true}]}}