{"id":734238,"date":"2025-08-27T22:24:33","date_gmt":"2025-08-27T19:24:33","guid":{"rendered":"https:\/\/roveyayinevi.com.tr\/index.php\/urun\/carpma-ve-bolme-alistirmalari\/"},"modified":"2026-04-16T02:42:02","modified_gmt":"2026-04-15T23:42:02","slug":"carpma-ve-bolme-alistirmalari","status":"publish","type":"product","link":"https:\/\/roveyayinevi.com.tr\/index.php\/urun\/carpma-ve-bolme-alistirmalari\/","title":{"rendered":"\u00c7arpma ve B\u00f6lme Al\u0131\u015ft\u0131rmalar\u0131"},"content":{"rendered":"<p>\u00c7ocuklar\u0131n \u00f6\u011frenim hayatlar\u0131n\u0131 etkileyecek en \u00f6nemli zaman dilimidir okul \u00f6ncesi d\u00f6nemi. Okula ba\u015flamadan \u00e7ok daha erken ya\u015flarda \u00f6\u011frenilen say\u0131lar\u0131n peki\u015ftirilmesi de bu d\u00f6nemde olur. \u201c\u00c7arpma ve B\u00f6lme Al\u0131\u015ft\u0131rmalar\u0131\u201d kitab\u0131yla onlar\u0131 s\u0131kmadan, oyun yoluyla e\u011flenceli vakit ge\u00e7irmelerini sa\u011flayarak geli\u015fimini destekleyebilir ve can s\u0131k\u0131nt\u0131lar\u0131n\u0131 da giderebilirsiniz. Burada dikkat edilmesi gereken \u00f6ncelikli \u015fey, \u00e7ocuklarda bask\u0131 kurmadan sevebilecekleri y\u00f6ntemlerle bir \u015feyler \u00f6\u011fretmek olmal\u0131d\u0131r. Matemati\u011fin b\u00fcy\u00fcl\u00fc d\u00fcnyas\u0131na ad\u0131m atacaklar\u0131 bu reng\u00e2renk kitaplar\u0131 \u00e7ocuklar\u0131m\u0131z \u00e7ok sevecek.<\/p>\n","protected":false},"excerpt":{"rendered":"<p>\u00c7ocuklar\u0131n \u00f6\u011frenim hayatlar\u0131n\u0131 etkileyecek en \u00f6nemli zaman dilimidir okul \u00f6ncesi d\u00f6nemi. Okula ba\u015flamadan \u00e7ok daha erken ya\u015flarda \u00f6\u011frenilen say\u0131lar\u0131n peki\u015ftirilmesi de bu d\u00f6nemde olur. \u201c\u00c7arpma ve<span class=\"excerpt-hellip\"> [\u2026]<\/span><\/p>\n","protected":false},"featured_media":0,"template":"","meta":{"_monsterinsights_skip_tracking":false,"_monsterinsights_sitenote_active":false,"_monsterinsights_sitenote_note":"","_monsterinsights_sitenote_category":0},"product_brand":[],"product_cat":[12274,12518],"product_tag":[],"class_list":{"0":"post-734238","1":"product","2":"type-product","3":"status-publish","5":"product_cat-cocuk-ve-genclik-kitaplari","6":"product_cat-okul-oncesi-kitaplar","7":"pa_cilt-ciltsiz","8":"pa_tur-kitap","9":"pa_yayinevi-bicirik-yayinlari","10":"pa_yazar-tuba-ozturk","12":"first","13":"instock","14":"sale","15":"shipping-taxable","16":"purchasable","17":"product-type-simple"},"_links":{"self":[{"href":"https:\/\/roveyayinevi.com.tr\/index.php\/wp-json\/wp\/v2\/product\/734238","targetHints":{"allow":["GET"]}}],"collection":[{"href":"https:\/\/roveyayinevi.com.tr\/index.php\/wp-json\/wp\/v2\/product"}],"about":[{"href":"https:\/\/roveyayinevi.com.tr\/index.php\/wp-json\/wp\/v2\/types\/product"}],"wp:attachment":[{"href":"https:\/\/roveyayinevi.com.tr\/index.php\/wp-json\/wp\/v2\/media?parent=734238"}],"wp:term":[{"taxonomy":"product_brand","embeddable":true,"href":"https:\/\/roveyayinevi.com.tr\/index.php\/wp-json\/wp\/v2\/product_brand?post=734238"},{"taxonomy":"product_cat","embeddable":true,"href":"https:\/\/roveyayinevi.com.tr\/index.php\/wp-json\/wp\/v2\/product_cat?post=734238"},{"taxonomy":"product_tag","embeddable":true,"href":"https:\/\/roveyayinevi.com.tr\/index.php\/wp-json\/wp\/v2\/product_tag?post=734238"}],"curies":[{"name":"wp","href":"https:\/\/api.w.org\/{rel}","templated":true}]}}