{"id":734237,"date":"2025-08-27T22:24:32","date_gmt":"2025-08-27T19:24:32","guid":{"rendered":"https:\/\/roveyayinevi.com.tr\/index.php\/urun\/hizli-okuma-kolay-yazma-alistirmalari\/"},"modified":"2026-04-16T02:42:02","modified_gmt":"2026-04-15T23:42:02","slug":"hizli-okuma-kolay-yazma-alistirmalari","status":"publish","type":"product","link":"https:\/\/roveyayinevi.com.tr\/index.php\/urun\/hizli-okuma-kolay-yazma-alistirmalari\/","title":{"rendered":"H\u0131zl\u0131 Okuma Kolay Yazma Al\u0131\u015ft\u0131rmalar\u0131"},"content":{"rendered":"<p>Okul \u00f6ncesi d\u00f6nemi \u00e7ocuklar\u0131 ya\u015f olarak kendilerine ne verilirse onu \u00e7abucak \u00f6\u011frenmeye haz\u0131rd\u0131r. Tekrarlar ve okul d\u0131\u015f\u0131nda yap\u0131lan \u00e7al\u0131\u015fmalarla bu d\u00f6nem \u00e7ok verimli h\u00e2le getirilebilir. \u201cH\u0131zl\u0131 Okuma Kolay Yazma Al\u0131\u015ft\u0131rmalar\u0131\u201d kitab\u0131 tam da arad\u0131\u011f\u0131n\u0131z kaynak. Kitapta alfabetik olarak verilen al\u0131\u015ft\u0131rmalar ile harfler iyice peki\u015fecek, bo\u015fluk doldurma, e\u015fle\u015ftirme, boyama ve dikkat egzersizleriyle \u00f6\u011frenme \u00e7ok zevkli bir h\u00e2le d\u00f6n\u00fc\u015fecek. Al\u0131\u015ft\u0131rmalarda verilen harfler g\u00f6rsellerle destekleniyor, \u00e7ocuklar\u0131m\u0131z \u00f6\u011frenmenin renkli d\u00fcnyas\u0131nda bir yolculu\u011fa \u00e7\u0131k\u0131yorlar. <\/p>\n","protected":false},"excerpt":{"rendered":"<p>Okul \u00f6ncesi d\u00f6nemi \u00e7ocuklar\u0131 ya\u015f olarak kendilerine ne verilirse onu \u00e7abucak \u00f6\u011frenmeye haz\u0131rd\u0131r. Tekrarlar ve okul d\u0131\u015f\u0131nda yap\u0131lan \u00e7al\u0131\u015fmalarla bu d\u00f6nem \u00e7ok verimli h\u00e2le getirilebilir. \u201cH\u0131zl\u0131<span class=\"excerpt-hellip\"> [\u2026]<\/span><\/p>\n","protected":false},"featured_media":0,"template":"","meta":{"_monsterinsights_skip_tracking":false,"_monsterinsights_sitenote_active":false,"_monsterinsights_sitenote_note":"","_monsterinsights_sitenote_category":0},"product_brand":[],"product_cat":[12274,12518],"product_tag":[],"class_list":{"0":"post-734237","1":"product","2":"type-product","3":"status-publish","5":"product_cat-cocuk-ve-genclik-kitaplari","6":"product_cat-okul-oncesi-kitaplar","7":"pa_cilt-ciltsiz","8":"pa_tur-kitap","9":"pa_yayinevi-bicirik-yayinlari","10":"pa_yazar-tuba-ozturk","12":"first","13":"instock","14":"sale","15":"shipping-taxable","16":"purchasable","17":"product-type-simple"},"_links":{"self":[{"href":"https:\/\/roveyayinevi.com.tr\/index.php\/wp-json\/wp\/v2\/product\/734237","targetHints":{"allow":["GET"]}}],"collection":[{"href":"https:\/\/roveyayinevi.com.tr\/index.php\/wp-json\/wp\/v2\/product"}],"about":[{"href":"https:\/\/roveyayinevi.com.tr\/index.php\/wp-json\/wp\/v2\/types\/product"}],"wp:attachment":[{"href":"https:\/\/roveyayinevi.com.tr\/index.php\/wp-json\/wp\/v2\/media?parent=734237"}],"wp:term":[{"taxonomy":"product_brand","embeddable":true,"href":"https:\/\/roveyayinevi.com.tr\/index.php\/wp-json\/wp\/v2\/product_brand?post=734237"},{"taxonomy":"product_cat","embeddable":true,"href":"https:\/\/roveyayinevi.com.tr\/index.php\/wp-json\/wp\/v2\/product_cat?post=734237"},{"taxonomy":"product_tag","embeddable":true,"href":"https:\/\/roveyayinevi.com.tr\/index.php\/wp-json\/wp\/v2\/product_tag?post=734237"}],"curies":[{"name":"wp","href":"https:\/\/api.w.org\/{rel}","templated":true}]}}