{"id":734234,"date":"2025-08-27T22:24:28","date_gmt":"2025-08-27T19:24:28","guid":{"rendered":"https:\/\/roveyayinevi.com.tr\/index.php\/urun\/sayilari-tanima-ve-yazma-alistirmalari\/"},"modified":"2026-04-16T02:42:02","modified_gmt":"2026-04-15T23:42:02","slug":"sayilari-tanima-ve-yazma-alistirmalari","status":"publish","type":"product","link":"https:\/\/roveyayinevi.com.tr\/index.php\/urun\/sayilari-tanima-ve-yazma-alistirmalari\/","title":{"rendered":"Say\u0131lar\u0131 Tan\u0131ma ve Yazma Al\u0131\u015ft\u0131rmalar\u0131"},"content":{"rendered":"<p>Gelece\u011fimizi emanet edece\u011fimiz \u00e7ocuklar\u0131m\u0131z i\u00e7in haz\u0131rlanm\u0131\u015f harika bir kitap sizlerle. \u00c7ocuklar\u0131 erken d\u00f6nemde e\u011fitim hayat\u0131na haz\u0131rlayarak, okuldan alaca\u011f\u0131 baz\u0131 bilgileri daha h\u0131zl\u0131 bir \u015fekilde \u00f6\u011frenmesine yard\u0131mc\u0131 olabilirsiniz. \u201cSay\u0131lar\u0131 Tan\u0131ma ve Yazma Al\u0131\u015ft\u0131rmalar\u0131\u201d kitab\u0131 ile okul d\u00f6neminde laz\u0131m olacak temel konulara erkenden ba\u015flayabilir, yap\u0131lan al\u0131\u015ft\u0131rmalar ile e\u011flenceli vakit ge\u00e7irerek geli\u015fimlerine katk\u0131da bulunabilirsiniz. <\/p>\n","protected":false},"excerpt":{"rendered":"<p>Gelece\u011fimizi emanet edece\u011fimiz \u00e7ocuklar\u0131m\u0131z i\u00e7in haz\u0131rlanm\u0131\u015f harika bir kitap sizlerle. \u00c7ocuklar\u0131 erken d\u00f6nemde e\u011fitim hayat\u0131na haz\u0131rlayarak, okuldan alaca\u011f\u0131 baz\u0131 bilgileri daha h\u0131zl\u0131 bir \u015fekilde \u00f6\u011frenmesine yard\u0131mc\u0131<span class=\"excerpt-hellip\"> [\u2026]<\/span><\/p>\n","protected":false},"featured_media":0,"template":"","meta":{"_monsterinsights_skip_tracking":false,"_monsterinsights_sitenote_active":false,"_monsterinsights_sitenote_note":"","_monsterinsights_sitenote_category":0},"product_brand":[],"product_cat":[12274,12518],"product_tag":[],"class_list":{"0":"post-734234","1":"product","2":"type-product","3":"status-publish","5":"product_cat-cocuk-ve-genclik-kitaplari","6":"product_cat-okul-oncesi-kitaplar","7":"pa_cilt-ciltsiz","8":"pa_tur-kitap","9":"pa_yayinevi-bicirik-yayinlari","10":"pa_yazar-tuba-ozturk","12":"first","13":"instock","14":"sale","15":"shipping-taxable","16":"purchasable","17":"product-type-simple"},"_links":{"self":[{"href":"https:\/\/roveyayinevi.com.tr\/index.php\/wp-json\/wp\/v2\/product\/734234","targetHints":{"allow":["GET"]}}],"collection":[{"href":"https:\/\/roveyayinevi.com.tr\/index.php\/wp-json\/wp\/v2\/product"}],"about":[{"href":"https:\/\/roveyayinevi.com.tr\/index.php\/wp-json\/wp\/v2\/types\/product"}],"wp:attachment":[{"href":"https:\/\/roveyayinevi.com.tr\/index.php\/wp-json\/wp\/v2\/media?parent=734234"}],"wp:term":[{"taxonomy":"product_brand","embeddable":true,"href":"https:\/\/roveyayinevi.com.tr\/index.php\/wp-json\/wp\/v2\/product_brand?post=734234"},{"taxonomy":"product_cat","embeddable":true,"href":"https:\/\/roveyayinevi.com.tr\/index.php\/wp-json\/wp\/v2\/product_cat?post=734234"},{"taxonomy":"product_tag","embeddable":true,"href":"https:\/\/roveyayinevi.com.tr\/index.php\/wp-json\/wp\/v2\/product_tag?post=734234"}],"curies":[{"name":"wp","href":"https:\/\/api.w.org\/{rel}","templated":true}]}}