{"id":734233,"date":"2025-08-27T22:24:27","date_gmt":"2025-08-27T19:24:27","guid":{"rendered":"https:\/\/roveyayinevi.com.tr\/index.php\/urun\/toplama-ve-cikarma-alistirmalari\/"},"modified":"2026-04-16T02:42:02","modified_gmt":"2026-04-15T23:42:02","slug":"toplama-ve-cikarma-alistirmalari","status":"publish","type":"product","link":"https:\/\/roveyayinevi.com.tr\/index.php\/urun\/toplama-ve-cikarma-alistirmalari\/","title":{"rendered":"Toplama ve \u00c7\u0131karma Al\u0131\u015ft\u0131rmalar\u0131"},"content":{"rendered":"<p>Okul \u00f6ncesi d\u00f6nemi \u00e7ocuklar\u0131 ya\u015f olarak kendilerine ne verilirse onu \u00e7abucak \u00f6\u011frenmeye haz\u0131rd\u0131r. E\u011fer bu d\u00f6nemde iyi bir \u015fekilde matematik temelleri at\u0131lmazsa, ilk\u00f6\u011fretim hayat\u0131nda \u00e7ocuklar\u0131m\u0131z zorluklarla kar\u015f\u0131la\u015f\u0131rlar. Say\u0131 saymay\u0131 erken ya\u015fta \u00f6\u011frenen \u00e7ocuklar, aileleriyle birlikte zevkle yapacaklar\u0131 \u201cToplama ve \u00c7\u0131karma Al\u0131\u015ft\u0131rmalar\u0131\u201d kitab\u0131yla gelece\u011fe de haz\u0131rlanmaya ba\u015flayacaklar. Toplama ve \u00e7\u0131karma i\u015flemleri ile e\u011flenceli etkinlikler, problemler, reng\u00e2renk sayfalar, yavrular\u0131m\u0131z i\u00e7in haz\u0131rland\u0131 onlar\u0131 bekliyor. <\/p>\n","protected":false},"excerpt":{"rendered":"<p>Okul \u00f6ncesi d\u00f6nemi \u00e7ocuklar\u0131 ya\u015f olarak kendilerine ne verilirse onu \u00e7abucak \u00f6\u011frenmeye haz\u0131rd\u0131r. E\u011fer bu d\u00f6nemde iyi bir \u015fekilde matematik temelleri at\u0131lmazsa, ilk\u00f6\u011fretim hayat\u0131nda \u00e7ocuklar\u0131m\u0131z zorluklarla<span class=\"excerpt-hellip\"> [\u2026]<\/span><\/p>\n","protected":false},"featured_media":0,"template":"","meta":{"_monsterinsights_skip_tracking":false,"_monsterinsights_sitenote_active":false,"_monsterinsights_sitenote_note":"","_monsterinsights_sitenote_category":0},"product_brand":[],"product_cat":[12274,12518],"product_tag":[],"class_list":{"0":"post-734233","1":"product","2":"type-product","3":"status-publish","5":"product_cat-cocuk-ve-genclik-kitaplari","6":"product_cat-okul-oncesi-kitaplar","7":"pa_cilt-ciltsiz","8":"pa_tur-kitap","9":"pa_yayinevi-bicirik-yayinlari","10":"pa_yazar-tuba-ozturk","12":"first","13":"instock","14":"sale","15":"shipping-taxable","16":"purchasable","17":"product-type-simple"},"_links":{"self":[{"href":"https:\/\/roveyayinevi.com.tr\/index.php\/wp-json\/wp\/v2\/product\/734233","targetHints":{"allow":["GET"]}}],"collection":[{"href":"https:\/\/roveyayinevi.com.tr\/index.php\/wp-json\/wp\/v2\/product"}],"about":[{"href":"https:\/\/roveyayinevi.com.tr\/index.php\/wp-json\/wp\/v2\/types\/product"}],"wp:attachment":[{"href":"https:\/\/roveyayinevi.com.tr\/index.php\/wp-json\/wp\/v2\/media?parent=734233"}],"wp:term":[{"taxonomy":"product_brand","embeddable":true,"href":"https:\/\/roveyayinevi.com.tr\/index.php\/wp-json\/wp\/v2\/product_brand?post=734233"},{"taxonomy":"product_cat","embeddable":true,"href":"https:\/\/roveyayinevi.com.tr\/index.php\/wp-json\/wp\/v2\/product_cat?post=734233"},{"taxonomy":"product_tag","embeddable":true,"href":"https:\/\/roveyayinevi.com.tr\/index.php\/wp-json\/wp\/v2\/product_tag?post=734233"}],"curies":[{"name":"wp","href":"https:\/\/api.w.org\/{rel}","templated":true}]}}