{"id":734231,"date":"2025-08-27T22:24:25","date_gmt":"2025-08-27T19:24:25","guid":{"rendered":"https:\/\/roveyayinevi.com.tr\/index.php\/urun\/ekonomi-sozlugu-ciltli\/"},"modified":"2026-04-16T02:42:02","modified_gmt":"2026-04-15T23:42:02","slug":"ekonomi-sozlugu-ciltli","status":"publish","type":"product","link":"https:\/\/roveyayinevi.com.tr\/index.php\/urun\/ekonomi-sozlugu-ciltli\/","title":{"rendered":"Ekonomi S\u00f6zl\u00fc\u011f\u00fc (Ciltli)"},"content":{"rendered":"<p>Akademide neoliberalizmin uzun s\u00fcrm\u00fc\u015f yaz\u0131 r\u00fczg\u00e2rlara direnirken, mikroiktisat ve ekonometri \u00f6\u011frencileri \u201c\u00e7al\u0131\u015fma ya\u015fam\u0131\u201dna daha iyi haz\u0131rlarken, dijital para reklamlar\u0131 sokak panolar\u0131na iniyor ve \u201coyuncu\u201dlarla birlikte kavramlar, terimler \u00e7e\u015fitleniyor\u2026   Bilim olarak iktisat, ahl\u00e2k felsefesi olarak ba\u015flad\u0131\u011f\u0131 yolculu\u011funda fizik, biyolojiden ba\u015flayarak sosyoloji, tarih, siyaset gibi disiplinlerden ba\u011f\u0131ms\u0131zl\u0131\u011f\u0131n\u0131 kazan\u0131rken; bug\u00fcn tekrar b\u00fct\u00fcn bilimlerin kavram ve terimleri, ortakla\u015fmadan anlams\u0131z olmaya ba\u015fl\u0131yor\u2026   Ekonomi S\u00f6zl\u00fc\u011f\u00fc, bu kavram ve terimleri, tarihsel ve toplumsal s\u00fcre\u00e7 ve olgular i\u00e7ine yerle\u015ftirirken, biyografi, kuram ve okullarla da paralellik ve b\u00fct\u00fcnselli\u011fini g\u00f6stermeye \u00e7al\u0131\u015fan de\u011ferlendirmelerden sak\u0131nm\u0131yor ve okura da \u00f6nayak oluyor.   Ekonomi S\u00f6zl\u00fc\u011f\u00fc\u2019n\u00fcn geni\u015fletilmi\u015f bu yeni bask\u0131s\u0131, ele\u015ftirel, \u00f6zenli ve \u00f6zg\u00fcn diliyle, ku\u015fat\u0131c\u0131 bak\u0131\u015f\u0131yla, \u015fa\u015f\u0131rt\u0131c\u0131 kapsam\u0131yla, derinli\u011fiyle ve ayn\u0131 zamanda da alan\u0131n\u0131n temel bir ba\u015fvuru kayna\u011f\u0131\u2026 <\/p>\n","protected":false},"excerpt":{"rendered":"<p>Akademide neoliberalizmin uzun s\u00fcrm\u00fc\u015f yaz\u0131 r\u00fczg\u00e2rlara direnirken, mikroiktisat ve ekonometri \u00f6\u011frencileri \u201c\u00e7al\u0131\u015fma ya\u015fam\u0131\u201dna daha iyi haz\u0131rlarken, dijital para reklamlar\u0131 sokak panolar\u0131na iniyor ve \u201coyuncu\u201dlarla birlikte kavramlar,<span class=\"excerpt-hellip\"> [\u2026]<\/span><\/p>\n","protected":false},"featured_media":0,"template":"","meta":{"_monsterinsights_skip_tracking":false,"_monsterinsights_sitenote_active":false,"_monsterinsights_sitenote_note":"","_monsterinsights_sitenote_category":0},"product_brand":[],"product_cat":[12566,13611,87647],"product_tag":[],"class_list":{"0":"post-734231","1":"product","2":"type-product","3":"status-publish","5":"product_cat-egitim","6":"product_cat-sozlukler-ve-konusma-kilavuzlari","7":"product_cat-teknik-sozlukler","8":"pa_cilt-ciltli","9":"pa_tur-kitap","10":"pa_yayinevi-islik-yayinlari","11":"pa_yazar-islik-yayinlari-kolektif","13":"first","14":"instock","15":"sale","16":"shipping-taxable","17":"purchasable","18":"product-type-simple"},"_links":{"self":[{"href":"https:\/\/roveyayinevi.com.tr\/index.php\/wp-json\/wp\/v2\/product\/734231","targetHints":{"allow":["GET"]}}],"collection":[{"href":"https:\/\/roveyayinevi.com.tr\/index.php\/wp-json\/wp\/v2\/product"}],"about":[{"href":"https:\/\/roveyayinevi.com.tr\/index.php\/wp-json\/wp\/v2\/types\/product"}],"wp:attachment":[{"href":"https:\/\/roveyayinevi.com.tr\/index.php\/wp-json\/wp\/v2\/media?parent=734231"}],"wp:term":[{"taxonomy":"product_brand","embeddable":true,"href":"https:\/\/roveyayinevi.com.tr\/index.php\/wp-json\/wp\/v2\/product_brand?post=734231"},{"taxonomy":"product_cat","embeddable":true,"href":"https:\/\/roveyayinevi.com.tr\/index.php\/wp-json\/wp\/v2\/product_cat?post=734231"},{"taxonomy":"product_tag","embeddable":true,"href":"https:\/\/roveyayinevi.com.tr\/index.php\/wp-json\/wp\/v2\/product_tag?post=734231"}],"curies":[{"name":"wp","href":"https:\/\/api.w.org\/{rel}","templated":true}]}}