{"id":734230,"date":"2025-08-27T22:24:24","date_gmt":"2025-08-27T19:24:24","guid":{"rendered":"https:\/\/roveyayinevi.com.tr\/index.php\/urun\/gutenbergden-diderotya-bilginin-toplumsal-tarihi-1\/"},"modified":"2026-04-16T02:42:02","modified_gmt":"2026-04-15T23:42:02","slug":"gutenbergden-diderotya-bilginin-toplumsal-tarihi-1","status":"publish","type":"product","link":"https:\/\/roveyayinevi.com.tr\/index.php\/urun\/gutenbergden-diderotya-bilginin-toplumsal-tarihi-1\/","title":{"rendered":"Gutenberg&#8217;den Diderot&#8217;ya &#8211; Bilginin Toplumsal Tarihi 1"},"content":{"rendered":"<p>\u201cPeter Burke\u2019\u00fcn ara\u015ft\u0131rmac\u0131 ellerinde bilginin toplumsal tarihi kavram\u0131, felsefi k\u0131\u015fk\u0131rt\u0131c\u0131l\u0131\u011f\u0131n\u0131 etrafa sa\u00e7\u0131p makul, ihtiyatl\u0131 ve tarihsel olarak zengin bir hal al\u0131yor. \u00c7ok g\u00fczel yaz\u0131lm\u0131\u015f, herkesin okumas\u0131na uygun bir tarih sentezi.\u201d (Prof. Dr. Steven Shapin \/ Kaliforniya \u00dcniversitesi)                           Peter Burke bu kitapta, matbaan\u0131n icad\u0131ndan Encyclop\u00e9die\u2019nin yay\u0131mlan\u0131\u015f\u0131na kadar ge\u00e7en zamanda, Avrupa\u2019da bilginin \u00f6rg\u00fctlenmesindeki de\u011fi\u015fimleri incelemek \u00fczere sosyok\u00fclt\u00fcrel bir yakla\u015f\u0131m benimsiyor. Mannheim\u2019dan Foucault\u2019ya, de\u011fi\u015fik bilgi sosyolojilerini de\u011ferlendirdikten sonra bir toplumsal grup olarak ayd\u0131nlar\u0131 ve d\u00fc\u015f\u00fcnsel yarat\u0131y\u0131 destekleyici ya da engelleyici bir konumda olabilen toplumsal kurumlar\u0131  \u2013\u00f6zellikle de \u00fcniversiteleri ve akademileri\u2013 ele al\u0131yor.   Kitapta \u00e7e\u015fitli b\u00f6l\u00fcmler halinde bilgi co\u011frafyas\u0131, antropolojisi, siyaseti ve ekonomisi \u00fczerinde duruluyor. Bilginin toplanmas\u0131nda, s\u0131n\u0131fland\u0131r\u0131lmas\u0131nda, yay\u0131lmas\u0131nda ve bazen de gizlenmesinde \u015fehirlerin, akademilerin, devletlerin ve pazar\u0131n oynad\u0131\u011f\u0131 roller tart\u0131\u015f\u0131l\u0131yor. Son olarak okuyucu, dinleyici, izleyici ya da t\u00fcketicinin bilgi kar\u015f\u0131s\u0131ndaki konumu de\u011ferlendiriliyor ve bu ba\u011flamda 17. y\u00fczy\u0131lda hararetli tart\u0131\u015fmalara konu olan, bilginin g\u00fcvenilirli\u011fi sorunu inceleniyor.   Peter Burke, bilgiyi \u00e7o\u011ful olarak yani farkl\u0131 bi\u00e7imleriyle inceliyor. \u00d6zellikle bas\u0131l\u0131, di\u011fer bir deyi\u015fle akademik bilgi \u00fczerine yo\u011funla\u015fsa da matbaan\u0131n icad\u0131 ve Avrupa d\u0131\u015f\u0131ndaki d\u00fcnyan\u0131n ke\u015ffiyle birlikte ya\u015fanan bilgi \u201cpatlamas\u0131\u201dn\u0131n tarihini kad\u0131n\u2013erkek, teorik\u2013pratik, \u00fcst\u2013alt, Avrupal\u0131\u2013Avrupa d\u0131\u015f\u0131 gibi farkl\u0131 bilgiler aras\u0131nda ya\u015fanan kar\u015f\u0131l\u0131kl\u0131 bir etkile\u015fim s\u00fcreci olarak ele al\u0131yor.<\/p>\n","protected":false},"excerpt":{"rendered":"<p>\u201cPeter Burke\u2019\u00fcn ara\u015ft\u0131rmac\u0131 ellerinde bilginin toplumsal tarihi kavram\u0131, felsefi k\u0131\u015fk\u0131rt\u0131c\u0131l\u0131\u011f\u0131n\u0131 etrafa sa\u00e7\u0131p makul, ihtiyatl\u0131 ve tarihsel olarak zengin bir hal al\u0131yor. \u00c7ok g\u00fczel yaz\u0131lm\u0131\u015f, herkesin okumas\u0131na<span class=\"excerpt-hellip\"> [\u2026]<\/span><\/p>\n","protected":false},"featured_media":0,"template":"","meta":{"_monsterinsights_skip_tracking":false,"_monsterinsights_sitenote_active":false,"_monsterinsights_sitenote_note":"","_monsterinsights_sitenote_category":0},"product_brand":[],"product_cat":[12370,12304],"product_tag":[],"class_list":{"0":"post-734230","1":"product","2":"type-product","3":"status-publish","5":"product_cat-arastirma-inceleme","6":"product_cat-tarih","7":"pa_cilt-ciltsiz","8":"pa_tur-kitap","9":"pa_yayinevi-islik-yayinlari","10":"pa_yazar-peter-burke","12":"first","13":"instock","14":"sale","15":"shipping-taxable","16":"purchasable","17":"product-type-simple"},"_links":{"self":[{"href":"https:\/\/roveyayinevi.com.tr\/index.php\/wp-json\/wp\/v2\/product\/734230","targetHints":{"allow":["GET"]}}],"collection":[{"href":"https:\/\/roveyayinevi.com.tr\/index.php\/wp-json\/wp\/v2\/product"}],"about":[{"href":"https:\/\/roveyayinevi.com.tr\/index.php\/wp-json\/wp\/v2\/types\/product"}],"wp:attachment":[{"href":"https:\/\/roveyayinevi.com.tr\/index.php\/wp-json\/wp\/v2\/media?parent=734230"}],"wp:term":[{"taxonomy":"product_brand","embeddable":true,"href":"https:\/\/roveyayinevi.com.tr\/index.php\/wp-json\/wp\/v2\/product_brand?post=734230"},{"taxonomy":"product_cat","embeddable":true,"href":"https:\/\/roveyayinevi.com.tr\/index.php\/wp-json\/wp\/v2\/product_cat?post=734230"},{"taxonomy":"product_tag","embeddable":true,"href":"https:\/\/roveyayinevi.com.tr\/index.php\/wp-json\/wp\/v2\/product_tag?post=734230"}],"curies":[{"name":"wp","href":"https:\/\/api.w.org\/{rel}","templated":true}]}}