{"id":734229,"date":"2025-08-27T22:24:18","date_gmt":"2025-08-27T19:24:18","guid":{"rendered":"https:\/\/roveyayinevi.com.tr\/index.php\/urun\/kultur-tarihi\/"},"modified":"2026-04-16T02:42:02","modified_gmt":"2026-04-15T23:42:02","slug":"kultur-tarihi","status":"publish","type":"product","link":"https:\/\/roveyayinevi.com.tr\/index.php\/urun\/kultur-tarihi\/","title":{"rendered":"K\u00fclt\u00fcr Tarihi"},"content":{"rendered":"<p>\u201c\u0130\u015fte alandaki g\u00fcncel geli\u015fmeleri i\u00e7erecek bi\u00e7imde geni\u015fletilmi\u015f ak\u0131c\u0131 bir klasik. B\u00fct\u00fcn k\u00fclt\u00fcr tarihi ara\u015ft\u0131rmac\u0131lar\u0131 i\u00e7in olmazsa olmaz bir kitap, bir \u015fefin haz\u0131rlad\u0131\u011f\u0131 bir ziyafet.\u201d (Prof. Dr. Jay Winter \/ Yale \u00dcniversitesi)   \u201cPeter Burke yine yapaca\u011f\u0131n\u0131 yapt\u0131! Bu kolay anla\u015f\u0131l\u0131r kitap, k\u00fclt\u00fcr tarihini anlamak isteyen her okuru memnun edecektir.\u201d (Prof. Dr. Natalie Zemon Davis \/ Toronto \u00dcniversitesi)   \u201cBu yeni giri\u015f kitab\u0131, sadece \u0130ngilizce konu\u015fulan d\u00fcnyada de\u011fil, K\u0131ta Avrupas\u0131\u2019nda, Asya\u2019da, G\u00fcney Amerika\u2019da ve ba\u015fka yerlerde uyguland\u0131\u011f\u0131 haliyle, k\u00fclt\u00fcr tarihinin ge\u00e7mi\u015fi, \u015fimdiki durumu ve gelece\u011fi \u00fcst\u00fcne kaynaklara eri\u015fmek i\u00e7in bir k\u0131lavuzdur.   Burke, k\u00fclt\u00fcr tarihinin Jacob Burckhardt ve Johan Huizinga\u2019n\u0131n adlar\u0131yla \u00e7a\u011fr\u0131\u015ft\u0131r\u0131lan \u2018klasik\u2019 d\u00f6nemini ve Frederick Antal\u2019dan Edward Thompson\u2019a kadar, buna kar\u015f\u0131 \u00e7\u0131kan Marksist tepkiyi tart\u0131\u015fmakla ba\u015fl\u0131yor. Sonra, \u00e7o\u011fu kere \u2018Yeni K\u00fclt\u00fcr Tarihi\u2019 diye adland\u0131r\u0131lan yeni ku\u015fa\u011f\u0131n \u00e7al\u0131\u015fmalar\u0131 \u00fcst\u00fcnde odaklanarak, k\u00fclt\u00fcr tarihinin yak\u0131n zamanlardaki y\u00fckseli\u015finin haritas\u0131n\u0131 \u00e7\u0131kar\u0131yor. K\u00fclt\u00fcr tarihini kendi k\u00fclt\u00fcrel ba\u011flam\u0131na yerle\u015ftirirken, tarihsel d\u00fc\u015f\u00fcnme ve yaz\u0131ma yeni yakla\u015f\u0131mlarla, feminizmin ortaya \u00e7\u0131k\u0131\u015f\u0131, s\u00f6m\u00fcrgecilik\u2013sonras\u0131 incelemeleri ve i\u00e7inde k\u00fclt\u00fcr fikrinin gitgide daha b\u00fcy\u00fck bir rol oynad\u0131\u011f\u0131 g\u00fcndelik s\u00f6ylem aras\u0131ndaki ba\u011flant\u0131lara dikkati \u00e7ekiyor. K\u00fclt\u00fcr Tarihi k\u00fclt\u00fcr, antropoloji ve edebiyat incelemeleri i\u00e7in oldu\u011fu kadar b\u00fct\u00fcn tarih \u00f6\u011frencileri i\u00e7in de temel bir ders kitab\u0131d\u0131r.   D\u00fc\u015f\u00fcnce tarihinde bir \u2018kitaplar\u2019, bir de \u2018kitaplar\u2019 hakk\u0131nda yaz\u0131lm\u0131\u015f kitaplar vard\u0131r. Bu ikinci t\u00fcr kitaplar, ancak as\u0131l \u2018kitaplar\u2019\u0131n okunmas\u0131na yard\u0131mc\u0131 olarak anlam ve \u00f6nem ta\u015f\u0131rlar; ama onlar\u0131n yerine konulmamal\u0131, yaln\u0131z bunlar\u0131n okunmas\u0131yla yetinilmemelidir. Burke\u2019\u00fcn bu de\u011ferli \u00e7al\u0131\u015fmas\u0131, s\u00f6z\u00fcn\u00fc etti\u011fim ikinci t\u00fcrdendir; onun yol g\u00f6stericili\u011fiyle, de\u011findi\u011fi metinler okunup incelenmelidir.\u201d (Mete Tun\u00e7ay) <\/p>\n","protected":false},"excerpt":{"rendered":"<p>\u201c\u0130\u015fte alandaki g\u00fcncel geli\u015fmeleri i\u00e7erecek bi\u00e7imde geni\u015fletilmi\u015f ak\u0131c\u0131 bir klasik. B\u00fct\u00fcn k\u00fclt\u00fcr tarihi ara\u015ft\u0131rmac\u0131lar\u0131 i\u00e7in olmazsa olmaz bir kitap, bir \u015fefin haz\u0131rlad\u0131\u011f\u0131 bir ziyafet.\u201d (Prof. Dr.<span class=\"excerpt-hellip\"> [\u2026]<\/span><\/p>\n","protected":false},"featured_media":0,"template":"","meta":{"_monsterinsights_skip_tracking":false,"_monsterinsights_sitenote_active":false,"_monsterinsights_sitenote_note":"","_monsterinsights_sitenote_category":0},"product_brand":[],"product_cat":[12370,12304],"product_tag":[],"class_list":{"0":"post-734229","1":"product","2":"type-product","3":"status-publish","5":"product_cat-arastirma-inceleme","6":"product_cat-tarih","7":"pa_cilt-ciltsiz","8":"pa_tur-kitap","9":"pa_yayinevi-islik-yayinlari","10":"pa_yazar-peter-burke","12":"first","13":"instock","14":"sale","15":"shipping-taxable","16":"purchasable","17":"product-type-simple"},"_links":{"self":[{"href":"https:\/\/roveyayinevi.com.tr\/index.php\/wp-json\/wp\/v2\/product\/734229","targetHints":{"allow":["GET"]}}],"collection":[{"href":"https:\/\/roveyayinevi.com.tr\/index.php\/wp-json\/wp\/v2\/product"}],"about":[{"href":"https:\/\/roveyayinevi.com.tr\/index.php\/wp-json\/wp\/v2\/types\/product"}],"wp:attachment":[{"href":"https:\/\/roveyayinevi.com.tr\/index.php\/wp-json\/wp\/v2\/media?parent=734229"}],"wp:term":[{"taxonomy":"product_brand","embeddable":true,"href":"https:\/\/roveyayinevi.com.tr\/index.php\/wp-json\/wp\/v2\/product_brand?post=734229"},{"taxonomy":"product_cat","embeddable":true,"href":"https:\/\/roveyayinevi.com.tr\/index.php\/wp-json\/wp\/v2\/product_cat?post=734229"},{"taxonomy":"product_tag","embeddable":true,"href":"https:\/\/roveyayinevi.com.tr\/index.php\/wp-json\/wp\/v2\/product_tag?post=734229"}],"curies":[{"name":"wp","href":"https:\/\/api.w.org\/{rel}","templated":true}]}}