{"id":734228,"date":"2025-08-27T22:24:18","date_gmt":"2025-08-27T19:24:18","guid":{"rendered":"https:\/\/roveyayinevi.com.tr\/index.php\/urun\/virus-uc-aylik-kultur-sanat-ve-edebiyat-ortak-kitabi-sayi-9\/"},"modified":"2026-04-16T02:42:02","modified_gmt":"2026-04-15T23:42:02","slug":"virus-uc-aylik-kultur-sanat-ve-edebiyat-ortak-kitabi-sayi-9","status":"publish","type":"product","link":"https:\/\/roveyayinevi.com.tr\/index.php\/urun\/virus-uc-aylik-kultur-sanat-ve-edebiyat-ortak-kitabi-sayi-9\/","title":{"rendered":"Vir\u00fcs \u00dc\u00e7 Ayl\u0131k K\u00fclt\u00fcr Sanat ve Edebiyat Ortak Kitab\u0131 Say\u0131 &#8211; 9"},"content":{"rendered":"<p>V\u0130R\u00dcS\u2019\u00fcn ilk sekiz say\u0131s\u0131n\u0131 ilgiyle kar\u015f\u0131layan, sesimize ses veren herkese te\u015fekk\u00fcr ediyoruz\u2026 \u201cV\u0130R\u00dcS\u201d\u00fcn 9. say\u0131s\u0131 a\u015fa\u011f\u0131daki dostlar\u0131m\u0131zla birlikte elinizde\u2026               Mehmet Pesen Refik Durba\u015f Do\u011fan H\u0131zlan Ergin Sander Eugenio Montale Cevat \u00c7apan Ahmet Telli Cemil Kavuk\u00e7u G\u00fcnd\u00fcz Vassaf A. \u00d6mer T\u00fcrke\u015f Ali Cengizkan William Carlos Williams Sinan Fi\u015fek H\u00fcseyin Ferhad Selim \u0130leri Ay\u015fe Sar\u0131say\u0131n Akif Kurtulu\u015f \u0130smail Mert Ba\u015fat Mahmut Temizy\u00fcrek Haydar Erg\u00fclen Sarojini Naidu Bora Ercan Faruk Duman Neslihan \u00d6ndero\u011flu Miguel Hernandez Gilabert Ay\u015fe Nihal Akbulut Pablo Neruda Wicente Aleixandre Jorge Guill\u00e9n Tozan Alkan Mevl\u00e2n\u00e2 Cel\u00e2ledd\u00cen\u2013\u00ee R\u00fbm\u00ee Mehmet Kanar Aleksandr Yevs\u00fckov U\u011fur B\u00fcke Semiramis Ya\u011fc\u0131o\u011flu Jean\u2013Theodore Brutsch Kenan Sar\u0131alio\u011flu Prafull Shiledar \u00d6zge Cengiz Levent Turhan G\u00fcm\u00fc\u015f Turgut Toygar Ozan \u00d6ztepe Murat Ertel Bar\u0131\u015f \u00d6nder Mihail Arkadyevi\u00e7 Svetlov Esra Erdo\u011fan Tamer G\u00fclbek Halil \u015eahan Hrisa Spiropulu Tanos Zarangelis Aydanur Sara\u00e7 Serkan T\u00fcrk Ay\u00e7a Erdura Bircan \u00c7elik Zehra G\u00f6rgel Tun\u00e7 Kurt O\u011fuz Demiralp Tamer Levent Evrim Altu\u011f<\/p>\n","protected":false},"excerpt":{"rendered":"<p>V\u0130R\u00dcS\u2019\u00fcn ilk sekiz say\u0131s\u0131n\u0131 ilgiyle kar\u015f\u0131layan, sesimize ses veren herkese te\u015fekk\u00fcr ediyoruz\u2026 \u201cV\u0130R\u00dcS\u201d\u00fcn 9. say\u0131s\u0131 a\u015fa\u011f\u0131daki dostlar\u0131m\u0131zla birlikte elinizde\u2026 Mehmet Pesen Refik Durba\u015f Do\u011fan H\u0131zlan Ergin<span class=\"excerpt-hellip\"> [\u2026]<\/span><\/p>\n","protected":false},"featured_media":0,"template":"","meta":{"_monsterinsights_skip_tracking":false,"_monsterinsights_sitenote_active":false,"_monsterinsights_sitenote_note":"","_monsterinsights_sitenote_category":0},"product_brand":[],"product_cat":[13527],"product_tag":[],"class_list":{"0":"post-734228","1":"product","2":"type-product","3":"status-publish","5":"product_cat-sureli-yayinlar","6":"pa_cilt-ciltsiz","7":"pa_tur-dergi","8":"pa_yayinevi-virus-dergisi","9":"pa_yazar-islik-yayinlari-kolektif","11":"first","12":"instock","13":"sale","14":"shipping-taxable","15":"purchasable","16":"product-type-simple"},"_links":{"self":[{"href":"https:\/\/roveyayinevi.com.tr\/index.php\/wp-json\/wp\/v2\/product\/734228","targetHints":{"allow":["GET"]}}],"collection":[{"href":"https:\/\/roveyayinevi.com.tr\/index.php\/wp-json\/wp\/v2\/product"}],"about":[{"href":"https:\/\/roveyayinevi.com.tr\/index.php\/wp-json\/wp\/v2\/types\/product"}],"wp:attachment":[{"href":"https:\/\/roveyayinevi.com.tr\/index.php\/wp-json\/wp\/v2\/media?parent=734228"}],"wp:term":[{"taxonomy":"product_brand","embeddable":true,"href":"https:\/\/roveyayinevi.com.tr\/index.php\/wp-json\/wp\/v2\/product_brand?post=734228"},{"taxonomy":"product_cat","embeddable":true,"href":"https:\/\/roveyayinevi.com.tr\/index.php\/wp-json\/wp\/v2\/product_cat?post=734228"},{"taxonomy":"product_tag","embeddable":true,"href":"https:\/\/roveyayinevi.com.tr\/index.php\/wp-json\/wp\/v2\/product_tag?post=734228"}],"curies":[{"name":"wp","href":"https:\/\/api.w.org\/{rel}","templated":true}]}}