{"id":734227,"date":"2025-08-27T22:24:17","date_gmt":"2025-08-27T19:24:17","guid":{"rendered":"https:\/\/roveyayinevi.com.tr\/index.php\/urun\/katledilen-sair\/"},"modified":"2026-04-16T02:42:02","modified_gmt":"2026-04-15T23:42:02","slug":"katledilen-sair","status":"publish","type":"product","link":"https:\/\/roveyayinevi.com.tr\/index.php\/urun\/katledilen-sair\/","title":{"rendered":"Katledilen \u015eair"},"content":{"rendered":"<p>Guillaume Apollinaire (1880-1918): Polonyal\u0131 bir g\u00f6\u00e7menle \u0130talyan bir subay\u0131n o\u011flu olmas\u0131 d\u0131\u015f\u0131nda \u00e7ocuklu\u011fu hakk\u0131nda fazla bilgi yoktur. 20 ya\u015f\u0131ndayken geldi\u011fi Paris\u2019te avantgarde hareketlerin ortas\u0131nda bulunmu\u015f, \u015fiire y\u00f6n vermi\u015ftir. Katledilen \u015eair, \u015fiir, tiyatro gibi de\u011fi\u015fik t\u00fcrlerin yer yer \u00f6ne \u00e7\u0131kt\u0131\u011f\u0131, hem bi\u00e7im hem de i\u00e7erik olarak Apollinaire\u2019in yenilik\u00e7i ruhunu yans\u0131tan \u00f6yk\u00fclerden olu\u015fur. 1910-1915 y\u0131llar\u0131 aras\u0131nda yaz\u0131lan bu hik\u00e2yeler, \u015fairin I. D\u00fcnya Sava\u015f\u0131\u2019nda yaralan\u0131p Paris\u2019e getirildi\u011fi sene, 1916\u2019da yay\u0131mlanm\u0131\u015ft\u0131r.   *Katledilen \u015eair *Ay-Kral *Giovanni Moroni *G\u00f6zde *G\u00f6lgenin Gidi\u015fi *\u00d6l\u00fcmden Sonraki Ni\u015fanl\u0131 *Mavi G\u00f6z *Tanr\u0131salla\u015fan Sakat *Azize Adorata *Geveze An\u0131lar *Karma Kul\u00fcpte Kar\u015f\u0131la\u015fma *K\u00fc\u00e7\u00fck Modern B\u00fcy\u00fc Tarifleri *Kartal Av\u0131 *Arthur, Ge\u00e7mi\u015fin ve Gelece\u011fin Kral\u0131 *Dostumuz M\u00e9ritarte *Maskeli Asker, Yani Dirilen \u015eair Vakas\u0131 <\/p>\n","protected":false},"excerpt":{"rendered":"<p>Guillaume Apollinaire (1880-1918): Polonyal\u0131 bir g\u00f6\u00e7menle \u0130talyan bir subay\u0131n o\u011flu olmas\u0131 d\u0131\u015f\u0131nda \u00e7ocuklu\u011fu hakk\u0131nda fazla bilgi yoktur. 20 ya\u015f\u0131ndayken geldi\u011fi Paris\u2019te avantgarde hareketlerin ortas\u0131nda bulunmu\u015f, \u015fiire<span class=\"excerpt-hellip\"> [\u2026]<\/span><\/p>\n","protected":false},"featured_media":0,"template":"","meta":{"_monsterinsights_skip_tracking":false,"_monsterinsights_sitenote_active":false,"_monsterinsights_sitenote_note":"","_monsterinsights_sitenote_category":0},"product_brand":[],"product_cat":[12291,12711],"product_tag":[],"class_list":{"0":"post-734227","1":"product","2":"type-product","3":"status-publish","5":"product_cat-edebiyat","6":"product_cat-roman-oyku","7":"pa_cilt-ciltsiz","8":"pa_tur-kitap","9":"pa_yayinevi-is-bankasi-kultur-yayinlari","10":"pa_yazar-guillaume-apollinaire","12":"first","13":"instock","14":"sale","15":"shipping-taxable","16":"purchasable","17":"product-type-simple"},"_links":{"self":[{"href":"https:\/\/roveyayinevi.com.tr\/index.php\/wp-json\/wp\/v2\/product\/734227","targetHints":{"allow":["GET"]}}],"collection":[{"href":"https:\/\/roveyayinevi.com.tr\/index.php\/wp-json\/wp\/v2\/product"}],"about":[{"href":"https:\/\/roveyayinevi.com.tr\/index.php\/wp-json\/wp\/v2\/types\/product"}],"wp:attachment":[{"href":"https:\/\/roveyayinevi.com.tr\/index.php\/wp-json\/wp\/v2\/media?parent=734227"}],"wp:term":[{"taxonomy":"product_brand","embeddable":true,"href":"https:\/\/roveyayinevi.com.tr\/index.php\/wp-json\/wp\/v2\/product_brand?post=734227"},{"taxonomy":"product_cat","embeddable":true,"href":"https:\/\/roveyayinevi.com.tr\/index.php\/wp-json\/wp\/v2\/product_cat?post=734227"},{"taxonomy":"product_tag","embeddable":true,"href":"https:\/\/roveyayinevi.com.tr\/index.php\/wp-json\/wp\/v2\/product_tag?post=734227"}],"curies":[{"name":"wp","href":"https:\/\/api.w.org\/{rel}","templated":true}]}}