{"id":734217,"date":"2025-08-27T22:24:06","date_gmt":"2025-08-27T19:24:06","guid":{"rendered":"https:\/\/roveyayinevi.com.tr\/index.php\/urun\/asya-tarihi\/"},"modified":"2026-04-16T02:42:01","modified_gmt":"2026-04-15T23:42:01","slug":"asya-tarihi","status":"publish","type":"product","link":"https:\/\/roveyayinevi.com.tr\/index.php\/urun\/asya-tarihi\/","title":{"rendered":"Asya Tarihi"},"content":{"rendered":"<p>Zeki Velidi Togan, 1927\u2019den itibaren \u0130stanbul \u00dcniversitesi\u2019nde verdi\u011fi Umumi T\u00fcrk Tarihi derslerine \u201cT\u00fcrk tarihinin ancak Asya ve Avrupa milletleri tarihiyle birlikte \u00f6\u011frenilece\u011fi\u201d s\u00f6zleriyle ba\u015flar. Y\u0131llarca \u00fczerinde \u00e7al\u0131\u015ft\u0131\u011f\u0131 Asya tarihinin ders olarak \u00fcniversitede okutulabilmesi ise uzun u\u011fra\u015f\u0131lar\u0131n\u0131n sonucu ancak 1968- 1969 d\u00f6neminde m\u00fcmk\u00fcn olabilmi\u015ftir. \u201cAsya Tarihine Bir Bak\u0131\u015f\u201d ba\u015fl\u0131\u011f\u0131yla ba\u015flad\u0131\u011f\u0131 derslerde, \u00fc\u00e7 gruba ay\u0131rd\u0131\u011f\u0131 Asya devletlerinden T\u00fcrk tarihi a\u00e7\u0131s\u0131ndan \u00e7ok \u00f6nemli oldu\u011funu vurgulad\u0131\u011f\u0131 \u00c7in, Japonya ve Hindi-\u00c7ini\u2019yi en eski devirlerinden g\u00fcncel konular\u0131na kadar ele al\u0131r. Metot olarak tarih e\u011fitimi konusunda kaynak niteli\u011fi ta\u015f\u0131yan Asya Tarihi, \u0130stanbul \u00dcniversitesi Edebiyat Fak\u00fcltesi 1968-1969 ders y\u0131l\u0131 notlar\u0131na resimler ve haritalar eklenerek yay\u0131na haz\u0131rlanm\u0131\u015ft\u0131r. Asya Tarihi, Zeki Velidi Togan\u2019\u0131n her biri ayr\u0131 konularda bir kitap olacak \u015fekilde d\u00fc\u015f\u00fcnd\u00fc\u011f\u00fc 1960-1970 y\u0131llar\u0131na ait ders notlar\u0131ndan yay\u0131na haz\u0131rlanan ilk eserdir. <\/p>\n","protected":false},"excerpt":{"rendered":"<p>Zeki Velidi Togan, 1927\u2019den itibaren \u0130stanbul \u00dcniversitesi\u2019nde verdi\u011fi Umumi T\u00fcrk Tarihi derslerine \u201cT\u00fcrk tarihinin ancak Asya ve Avrupa milletleri tarihiyle birlikte \u00f6\u011frenilece\u011fi\u201d s\u00f6zleriyle ba\u015flar. Y\u0131llarca \u00fczerinde<span class=\"excerpt-hellip\"> [\u2026]<\/span><\/p>\n","protected":false},"featured_media":0,"template":"","meta":{"_monsterinsights_skip_tracking":false,"_monsterinsights_sitenote_active":false,"_monsterinsights_sitenote_note":"","_monsterinsights_sitenote_category":0},"product_brand":[],"product_cat":[12370,12304],"product_tag":[],"class_list":{"0":"post-734217","1":"product","2":"type-product","3":"status-publish","5":"product_cat-arastirma-inceleme","6":"product_cat-tarih","7":"pa_cilt-ciltsiz","8":"pa_tur-kitap","9":"pa_yayinevi-is-bankasi-kultur-yayinlari","10":"pa_yazar-a-zeki-velidi-togan","12":"first","13":"instock","14":"sale","15":"shipping-taxable","16":"purchasable","17":"product-type-simple"},"_links":{"self":[{"href":"https:\/\/roveyayinevi.com.tr\/index.php\/wp-json\/wp\/v2\/product\/734217","targetHints":{"allow":["GET"]}}],"collection":[{"href":"https:\/\/roveyayinevi.com.tr\/index.php\/wp-json\/wp\/v2\/product"}],"about":[{"href":"https:\/\/roveyayinevi.com.tr\/index.php\/wp-json\/wp\/v2\/types\/product"}],"wp:attachment":[{"href":"https:\/\/roveyayinevi.com.tr\/index.php\/wp-json\/wp\/v2\/media?parent=734217"}],"wp:term":[{"taxonomy":"product_brand","embeddable":true,"href":"https:\/\/roveyayinevi.com.tr\/index.php\/wp-json\/wp\/v2\/product_brand?post=734217"},{"taxonomy":"product_cat","embeddable":true,"href":"https:\/\/roveyayinevi.com.tr\/index.php\/wp-json\/wp\/v2\/product_cat?post=734217"},{"taxonomy":"product_tag","embeddable":true,"href":"https:\/\/roveyayinevi.com.tr\/index.php\/wp-json\/wp\/v2\/product_tag?post=734217"}],"curies":[{"name":"wp","href":"https:\/\/api.w.org\/{rel}","templated":true}]}}