{"id":734215,"date":"2025-08-27T22:24:04","date_gmt":"2025-08-27T19:24:04","guid":{"rendered":"https:\/\/roveyayinevi.com.tr\/index.php\/urun\/havuc-ve-guvercinler\/"},"modified":"2026-01-26T03:04:15","modified_gmt":"2026-01-26T00:04:15","slug":"havuc-ve-guvercinler","status":"publish","type":"product","link":"https:\/\/roveyayinevi.com.tr\/index.php\/urun\/havuc-ve-guvercinler\/","title":{"rendered":"Havu\u00e7 ve G\u00fcvercinler"},"content":{"rendered":"<p>\u0130\u015fte Havu\u00e7! Havu\u00e7 bir kedi, ama baz\u0131 huylar\u0131 di\u011fer kedilerinkine benzemiyor. Havu\u00e7, g\u00fcvercinleri kedilerden daha \u00e7ok sevdi\u011fine karar verdi! G\u00fcvercinlerle arkada\u015f olmak, onlar\u0131 yak\u0131ndan tan\u0131mak istiyor. Ama g\u00fcvercinler, Havu\u00e7\u2019un yakla\u015ft\u0131\u011f\u0131n\u0131 fark eder etmez ka\u00e7\u0131\u015f\u0131yorlar. Bakal\u0131m Havu\u00e7 bu soruna nas\u0131l bir \u00e7\u00f6z\u00fcm bulacak? <\/p>\n","protected":false},"excerpt":{"rendered":"<p>\u0130\u015fte Havu\u00e7! Havu\u00e7 bir kedi, ama baz\u0131 huylar\u0131 di\u011fer kedilerinkine benzemiyor. Havu\u00e7, g\u00fcvercinleri kedilerden daha \u00e7ok sevdi\u011fine karar verdi! G\u00fcvercinlerle arkada\u015f olmak, onlar\u0131 yak\u0131ndan tan\u0131mak istiyor.<span class=\"excerpt-hellip\"> [\u2026]<\/span><\/p>\n","protected":false},"featured_media":0,"template":"","meta":{"_monsterinsights_skip_tracking":false,"_monsterinsights_sitenote_active":false,"_monsterinsights_sitenote_note":"","_monsterinsights_sitenote_category":0},"product_brand":[],"product_cat":[12274,12518],"product_tag":[],"class_list":{"0":"post-734215","1":"product","2":"type-product","3":"status-publish","5":"product_cat-cocuk-ve-genclik-kitaplari","6":"product_cat-okul-oncesi-kitaplar","7":"pa_cilt-ciltsiz","8":"pa_tur-kitap","9":"pa_yayinevi-is-bankasi-kultur-yayinlari","10":"pa_yazar-katie-brosnan","12":"first","13":"instock","14":"sale","15":"shipping-taxable","16":"purchasable","17":"product-type-simple"},"_links":{"self":[{"href":"https:\/\/roveyayinevi.com.tr\/index.php\/wp-json\/wp\/v2\/product\/734215","targetHints":{"allow":["GET"]}}],"collection":[{"href":"https:\/\/roveyayinevi.com.tr\/index.php\/wp-json\/wp\/v2\/product"}],"about":[{"href":"https:\/\/roveyayinevi.com.tr\/index.php\/wp-json\/wp\/v2\/types\/product"}],"wp:attachment":[{"href":"https:\/\/roveyayinevi.com.tr\/index.php\/wp-json\/wp\/v2\/media?parent=734215"}],"wp:term":[{"taxonomy":"product_brand","embeddable":true,"href":"https:\/\/roveyayinevi.com.tr\/index.php\/wp-json\/wp\/v2\/product_brand?post=734215"},{"taxonomy":"product_cat","embeddable":true,"href":"https:\/\/roveyayinevi.com.tr\/index.php\/wp-json\/wp\/v2\/product_cat?post=734215"},{"taxonomy":"product_tag","embeddable":true,"href":"https:\/\/roveyayinevi.com.tr\/index.php\/wp-json\/wp\/v2\/product_tag?post=734215"}],"curies":[{"name":"wp","href":"https:\/\/api.w.org\/{rel}","templated":true}]}}