{"id":734214,"date":"2025-08-27T22:24:03","date_gmt":"2025-08-27T19:24:03","guid":{"rendered":"https:\/\/roveyayinevi.com.tr\/index.php\/urun\/jurgen-klopp\/"},"modified":"2026-04-16T02:42:01","modified_gmt":"2026-04-15T23:42:01","slug":"jurgen-klopp","status":"publish","type":"product","link":"https:\/\/roveyayinevi.com.tr\/index.php\/urun\/jurgen-klopp\/","title":{"rendered":"J\u00fcrgen Klopp"},"content":{"rendered":"<p>\u201cMesele futbolun g\u00fcc\u00fc, Liverpool\u2019daki insanlar\u0131n ve hatta t\u00fcm d\u00fcnyadaki Liverpool taraftarlar\u0131n\u0131n futbolla ya\u015f\u0131yor olmas\u0131. Buras\u0131 s\u0131radan bir kul\u00fcp de\u011fil, \u00e7ok \u00f6zel bir camia.\u201d J\u00fcrgen Klopp   Karizmatik Alman teknik direkt\u00f6r J\u00fcrgen Klopp, tek ba\u015f\u0131na Alman futbolundaki kabullenilmi\u015f m\u00fcesses nizam\u0131 y\u0131kt\u0131, Borussia Dortmund\u2019u yoktan var ederek yeniden Bundesliga \u015fampiyonluklar\u0131na ve \u015eampiyonlar Ligi finaline ta\u015f\u0131d\u0131. Bununla da yetinmedi; d\u00fcnyan\u0131n en g\u00f6zde futbol arenas\u0131 olan \u0130ngiltere Premier Ligi\u2019ne de ismini alt\u0131n harflerle yazd\u0131rd\u0131 ve Liverpool\u2019a kazand\u0131rd\u0131\u011f\u0131 iki dev kupayla, kul\u00fcb\u00fc o eski \u015fanl\u0131 g\u00fcnlerine d\u00f6nd\u00fcr\u00fcp Kop trib\u00fcn\u00fcn\u00fcn g\u00f6zdesi haline gelmeyi ba\u015fard\u0131. Kendi e\u015fsiz oyun felsefesine sahip olan Klopp, art\u0131k usta bir taktisyen olarak d\u00fcnya \u00e7ap\u0131nda b\u00fcy\u00fck bir sayg\u0131 g\u00f6r\u00fcyor. Futbola dair tutkusu ve insanlar\u0131 y\u00f6netmekteki becerileri sebebiyle oyuncular\u0131 taraf\u0131ndan \u00e7ok seviliyor; ayr\u0131ca cazibesi, zek\u00e2s\u0131 ve sahada oynatt\u0131\u011f\u0131 heyecan verici futbol, onu taraftarlar\u0131n ve futbolseverlerin g\u00f6nl\u00fcnde \u00e7ok ayr\u0131 bir yere koyuyor. Elinizdeki bu eser, \u2018s\u0131radan ve normal olan\u2019 J\u00fcrgen Klopp\u2019un ve futbol tarihine damga vuran dehas\u0131n\u0131n t\u00fcm \u00f6yk\u00fcs\u00fcn\u00fc her a\u00e7\u0131dan sizlere sunuyor. <\/p>\n","protected":false},"excerpt":{"rendered":"<p>\u201cMesele futbolun g\u00fcc\u00fc, Liverpool\u2019daki insanlar\u0131n ve hatta t\u00fcm d\u00fcnyadaki Liverpool taraftarlar\u0131n\u0131n futbolla ya\u015f\u0131yor olmas\u0131. Buras\u0131 s\u0131radan bir kul\u00fcp de\u011fil, \u00e7ok \u00f6zel bir camia.\u201d J\u00fcrgen Klopp Karizmatik<span class=\"excerpt-hellip\"> [\u2026]<\/span><\/p>\n","protected":false},"featured_media":0,"template":"","meta":{"_monsterinsights_skip_tracking":false,"_monsterinsights_sitenote_active":false,"_monsterinsights_sitenote_note":"","_monsterinsights_sitenote_category":0},"product_brand":[],"product_cat":[15563,15564],"product_tag":[],"class_list":{"0":"post-734214","1":"product","2":"type-product","3":"status-publish","5":"product_cat-hobi","6":"product_cat-spor","7":"pa_cilt-ciltsiz","8":"pa_tur-kitap","9":"pa_yayinevi-profil-kitap","10":"pa_yazar-elmar-neveling","12":"first","13":"instock","14":"sale","15":"shipping-taxable","16":"purchasable","17":"product-type-simple"},"_links":{"self":[{"href":"https:\/\/roveyayinevi.com.tr\/index.php\/wp-json\/wp\/v2\/product\/734214","targetHints":{"allow":["GET"]}}],"collection":[{"href":"https:\/\/roveyayinevi.com.tr\/index.php\/wp-json\/wp\/v2\/product"}],"about":[{"href":"https:\/\/roveyayinevi.com.tr\/index.php\/wp-json\/wp\/v2\/types\/product"}],"wp:attachment":[{"href":"https:\/\/roveyayinevi.com.tr\/index.php\/wp-json\/wp\/v2\/media?parent=734214"}],"wp:term":[{"taxonomy":"product_brand","embeddable":true,"href":"https:\/\/roveyayinevi.com.tr\/index.php\/wp-json\/wp\/v2\/product_brand?post=734214"},{"taxonomy":"product_cat","embeddable":true,"href":"https:\/\/roveyayinevi.com.tr\/index.php\/wp-json\/wp\/v2\/product_cat?post=734214"},{"taxonomy":"product_tag","embeddable":true,"href":"https:\/\/roveyayinevi.com.tr\/index.php\/wp-json\/wp\/v2\/product_tag?post=734214"}],"curies":[{"name":"wp","href":"https:\/\/api.w.org\/{rel}","templated":true}]}}