{"id":734213,"date":"2025-08-27T22:24:03","date_gmt":"2025-08-27T19:24:03","guid":{"rendered":"https:\/\/roveyayinevi.com.tr\/index.php\/urun\/ask-nedir-sokrates\/"},"modified":"2026-04-16T02:42:01","modified_gmt":"2026-04-15T23:42:01","slug":"ask-nedir-sokrates","status":"publish","type":"product","link":"https:\/\/roveyayinevi.com.tr\/index.php\/urun\/ask-nedir-sokrates\/","title":{"rendered":"A\u015fk Nedir Sokrates?"},"content":{"rendered":"<p>A\u015fk, insanl\u0131k tarihi boyunca bizi hep b\u00fcy\u00fcledi. Peki, felsefi bak\u0131\u015f a\u00e7\u0131s\u0131yla a\u015fk ne anlama geliyor? Nora Kreft bu soruya cevap vermek i\u00e7in ilgin\u00e7 bir yola ba\u015fvuruyor: Hayali bir ak\u015fam yeme\u011finde sekiz \u00fcnl\u00fc filozofu bir araya getirerek a\u015fk, dostluk ve arzu hakk\u0131nda tart\u0131\u015fmalar\u0131n\u0131 sa\u011fl\u0131yor. Sokrates, S\u00f8ren Kierkegaard ve Iris Murdoch gibi d\u00fc\u015f\u00fcn\u00fcrler bu kitab\u0131n i\u00e7inde kafa kafaya veriyor; a\u015fk ve bilgelik hakk\u0131nda fikir al\u0131\u015fveri\u015finde bulunuyor, fl\u00f6rt uygulamalar\u0131n\u0131n gereklili\u011fini tart\u0131\u015f\u0131yor ve a\u015fk\u0131n ki\u015fisel \u00f6zerkli\u011fi k\u0131s\u0131tlay\u0131p k\u0131s\u0131tlamad\u0131\u011f\u0131n\u0131 sorguluyorlar. Diyaloglar\u0131 hem e\u011flenceli hem de \u00f6\u011fretici olan A\u015fk nedir Sokrates? a\u015fk felsefesinin en s\u0131ra d\u0131\u015f\u0131 d\u00fc\u015f\u00fcncelerine dair m\u00fckemmel bir i\u00e7g\u00f6r\u00fc kazand\u0131r\u0131yor. <\/p>\n","protected":false},"excerpt":{"rendered":"<p>A\u015fk, insanl\u0131k tarihi boyunca bizi hep b\u00fcy\u00fcledi. Peki, felsefi bak\u0131\u015f a\u00e7\u0131s\u0131yla a\u015fk ne anlama geliyor? Nora Kreft bu soruya cevap vermek i\u00e7in ilgin\u00e7 bir yola ba\u015fvuruyor:<span class=\"excerpt-hellip\"> [\u2026]<\/span><\/p>\n","protected":false},"featured_media":0,"template":"","meta":{"_monsterinsights_skip_tracking":false,"_monsterinsights_sitenote_active":false,"_monsterinsights_sitenote_note":"","_monsterinsights_sitenote_category":0},"product_brand":[],"product_cat":[20351,12388],"product_tag":[],"class_list":{"0":"post-734213","1":"product","2":"type-product","3":"status-publish","5":"product_cat-dusunce","6":"product_cat-felsefe","7":"pa_cilt-ciltsiz","8":"pa_tur-kitap","9":"pa_yayinevi-profil-kitap","10":"pa_yazar-nora-kreft","12":"first","13":"instock","14":"sale","15":"shipping-taxable","16":"purchasable","17":"product-type-simple"},"_links":{"self":[{"href":"https:\/\/roveyayinevi.com.tr\/index.php\/wp-json\/wp\/v2\/product\/734213","targetHints":{"allow":["GET"]}}],"collection":[{"href":"https:\/\/roveyayinevi.com.tr\/index.php\/wp-json\/wp\/v2\/product"}],"about":[{"href":"https:\/\/roveyayinevi.com.tr\/index.php\/wp-json\/wp\/v2\/types\/product"}],"wp:attachment":[{"href":"https:\/\/roveyayinevi.com.tr\/index.php\/wp-json\/wp\/v2\/media?parent=734213"}],"wp:term":[{"taxonomy":"product_brand","embeddable":true,"href":"https:\/\/roveyayinevi.com.tr\/index.php\/wp-json\/wp\/v2\/product_brand?post=734213"},{"taxonomy":"product_cat","embeddable":true,"href":"https:\/\/roveyayinevi.com.tr\/index.php\/wp-json\/wp\/v2\/product_cat?post=734213"},{"taxonomy":"product_tag","embeddable":true,"href":"https:\/\/roveyayinevi.com.tr\/index.php\/wp-json\/wp\/v2\/product_tag?post=734213"}],"curies":[{"name":"wp","href":"https:\/\/api.w.org\/{rel}","templated":true}]}}