{"id":734210,"date":"2025-08-27T22:23:59","date_gmt":"2025-08-27T19:23:59","guid":{"rendered":"https:\/\/roveyayinevi.com.tr\/index.php\/urun\/kundakci-cin-polisiyesi-1\/"},"modified":"2025-09-11T12:57:15","modified_gmt":"2025-09-11T09:57:15","slug":"kundakci-cin-polisiyesi-1","status":"publish","type":"product","link":"https:\/\/roveyayinevi.com.tr\/index.php\/urun\/kundakci-cin-polisiyesi-1\/","title":{"rendered":"Kundak\u00e7\u0131 &#8211; \u00c7in Polisiyesi 1"},"content":{"rendered":"<p>\u201cYeni \u00c7in\u2019e dair etkileyici bir bak\u0131\u015f sunan, gizem, a\u015fk ve macera dolu bir hik\u00e2ye.\u201d -Kirkus Reviews   Pekin\u2019de bir parkta tuhaf bir \u015fekilde yanm\u0131\u015f bir ceset bulunur. K\u00fclt\u00fcr Devrimi s\u0131ras\u0131nda kaybetti\u011fi ailesine sayg\u0131s\u0131ndan \u00f6t\u00fcr\u00fc kendini mesle\u011fine adayan Dedektif Li Yan bu davay\u0131 \u00e7\u00f6zmek i\u00e7in yard\u0131ma ihtiya\u00e7 duyar.   Hazin ge\u00e7mi\u015fini ard\u0131nda b\u0131rakmak i\u00e7in Amerika\u2019dan \u00c7in\u2019e gelmi\u015f olan adli patolog Margaret Campbell bu kimli\u011fi belirsiz ceset \u00fczerinde \u00e7al\u0131\u015fmaya ba\u015flar. Ara\u015ft\u0131rmaya dahil olduk\u00e7a \u00e7ok ge\u00e7meden garip anormallikler ke\u015ffeder.   \u0130pu\u00e7lar\u0131n\u0131 takip ederken Li ve Margaret aras\u0131nda beklenmedik bir ortakl\u0131k geli\u015fir. K\u00fclt\u00fcrel farkl\u0131l\u0131klar\u0131n\u0131 bir kenara at\u0131p kendilerinin ve milyonlarca insan\u0131n hayat\u0131n\u0131 tehdit eden gizli bir plan\u0131 a\u00e7\u0131\u011fa \u00e7\u0131karmak onlar\u0131n g\u00f6revidir.   \u201cPeter May d\u00fcnyan\u0131n bir ucuna kadar takip edece\u011fim bir yazar.\u201d \u2013New York Times   \u201c\u015ea\u015f\u0131rt\u0131c\u0131 derecede orijinal ve \u00e7ok iyi yaz\u0131lm\u0131\u015f bir roman.\u201d \u2013Scotland on Sunday <\/p>\n","protected":false},"excerpt":{"rendered":"<p>\u201cYeni \u00c7in\u2019e dair etkileyici bir bak\u0131\u015f sunan, gizem, a\u015fk ve macera dolu bir hik\u00e2ye.\u201d -Kirkus Reviews Pekin\u2019de bir parkta tuhaf bir \u015fekilde yanm\u0131\u015f bir ceset bulunur.<span class=\"excerpt-hellip\"> [\u2026]<\/span><\/p>\n","protected":false},"featured_media":0,"template":"","meta":{"_monsterinsights_skip_tracking":false,"_monsterinsights_sitenote_active":false,"_monsterinsights_sitenote_note":"","_monsterinsights_sitenote_category":0},"product_brand":[],"product_cat":[12291,12711],"product_tag":[],"class_list":{"0":"post-734210","1":"product","2":"type-product","3":"status-publish","5":"product_cat-edebiyat","6":"product_cat-roman-oyku","7":"pa_cilt-ciltsiz","8":"pa_tur-kitap","9":"pa_yayinevi-alfa-yayinlari","10":"pa_yazar-peter-may","12":"first","13":"instock","14":"sale","15":"shipping-taxable","16":"purchasable","17":"product-type-simple"},"_links":{"self":[{"href":"https:\/\/roveyayinevi.com.tr\/index.php\/wp-json\/wp\/v2\/product\/734210","targetHints":{"allow":["GET"]}}],"collection":[{"href":"https:\/\/roveyayinevi.com.tr\/index.php\/wp-json\/wp\/v2\/product"}],"about":[{"href":"https:\/\/roveyayinevi.com.tr\/index.php\/wp-json\/wp\/v2\/types\/product"}],"wp:attachment":[{"href":"https:\/\/roveyayinevi.com.tr\/index.php\/wp-json\/wp\/v2\/media?parent=734210"}],"wp:term":[{"taxonomy":"product_brand","embeddable":true,"href":"https:\/\/roveyayinevi.com.tr\/index.php\/wp-json\/wp\/v2\/product_brand?post=734210"},{"taxonomy":"product_cat","embeddable":true,"href":"https:\/\/roveyayinevi.com.tr\/index.php\/wp-json\/wp\/v2\/product_cat?post=734210"},{"taxonomy":"product_tag","embeddable":true,"href":"https:\/\/roveyayinevi.com.tr\/index.php\/wp-json\/wp\/v2\/product_tag?post=734210"}],"curies":[{"name":"wp","href":"https:\/\/api.w.org\/{rel}","templated":true}]}}