{"id":734207,"date":"2025-08-27T22:23:56","date_gmt":"2025-08-27T19:23:56","guid":{"rendered":"https:\/\/roveyayinevi.com.tr\/index.php\/urun\/gece-parlayan-ciltli\/"},"modified":"2026-04-16T02:42:01","modified_gmt":"2026-04-15T23:42:01","slug":"gece-parlayan-ciltli","status":"publish","type":"product","link":"https:\/\/roveyayinevi.com.tr\/index.php\/urun\/gece-parlayan-ciltli\/","title":{"rendered":"Gece Parlayan (Ciltli)"},"content":{"rendered":"<p>Cesaret ve kahramanl\u0131k bula\u015f\u0131c\u0131d\u0131r.Tuba Kuma\u015f&#8217;\u0131n s\u00f6zc\u00fckleri ve Ahmet Uzun&#8217;un \u00e7izgileriyle karanl\u0131\u011f\u0131 ayd\u0131nl\u0131\u011fa kavu\u015fturan Gece Parlayan, okuru \u00f6nce g\u00f6klerin h\u00e2kimi Ay&#8217;\u0131n huzuruna \u00e7\u0131kar\u0131yor, ard\u0131ndan engin bir hayal \u00e2lemine s\u00fcr\u00fckl\u00fcyor. Ortak bir hedef u\u011fruna s\u0131rt s\u0131rta veren iki kafadar\u0131n dayan\u0131\u015fmas\u0131n\u0131 sayfalar\u0131na ta\u015f\u0131yan kitap; saklanmaktan ve sak\u0131nmaktan vazge\u00e7enlerin yoluna \u0131\u015f\u0131k sa\u00e7\u0131yor, \u00f6zg\u00fcvenlerini art\u0131rmalar\u0131 i\u00e7in miniklere ve pek tabii ki yeti\u015fkinlere cesaret a\u015f\u0131l\u0131yor.2019 Tudem Edebiyat \u00d6d\u00fclleri&#8217;nde \u00fc\u00e7\u00fcnc\u00fcl\u00fc\u011fe de\u011fer g\u00f6r\u00fclen bu \u0131\u015f\u0131lt\u0131l\u0131 eser, kararl\u0131l\u0131k ve azimle her t\u00fcrl\u00fc engelin \u00fcstesinden gelinebilece\u011fine inand\u0131r\u0131yor, kendi hik\u00e2yemizin kahraman\u0131 olmak i\u00e7in m\u00fcthi\u015f bir motivasyon sa\u011fl\u0131yor. Karanl\u0131ktan korkan Duman&#8217;\u0131n en b\u00fcy\u00fck dayana\u011f\u0131, sa\u00e7t\u0131\u011f\u0131 \u0131\u015f\u0131kla odas\u0131n\u0131 ayd\u0131nlatan Ay&#8217;d\u0131r. Duman, penceresinden g\u00f6ky\u00fcz\u00fcn\u00fc seyretti\u011fi puslu bir gecede, Ay&#8217;\u0131n etraf\u0131ndaki bulutlar\u0131 kurda benzetir. Kurdun kapkara t\u00fcyleri Ay&#8217;\u0131 sard\u0131k\u00e7a D\u00fcnya zifiri karanl\u0131\u011fa g\u00f6m\u00fcl\u00fcr. Duman kendini karanl\u0131ktan, Ay&#8217;\u0131 da kurtlardan korumak i\u00e7in yola \u00e7\u0131kt\u0131\u011f\u0131nda hem en b\u00fcy\u00fck korkusuyla y\u00fczle\u015fmi\u015f hem de en yak\u0131n arkada\u015f\u0131yla tan\u0131\u015fm\u0131\u015f olacakt\u0131r&#8230; Tuba Kuma\u015f&#8217;\u0131n \u015fiirsel \u00fcslubu ve Ahmet Uzun&#8217;un g\u00f6z al\u0131c\u0131 resimleriyle daha ilk sayfalar\u0131ndan g\u00f6n\u00fclleri \u00e7elen Gece Parlayan, Ay kadar parlak ve g\u00f6rkemli bir b\u00fcy\u00fcme hik\u00e2yesi anlat\u0131yor. Ba\u015far\u0131ya giden yolun kendine inanmaktan ge\u00e7ti\u011fini hat\u0131rlatan kitap, korkunun yerine cesareti koyanlar\u0131n rehberli\u011finde okurlar\u0131n\u0131 karanl\u0131\u011fa kar\u015f\u0131 ad\u0131m atmaya \u00e7a\u011f\u0131r\u0131yor.<\/p>\n","protected":false},"excerpt":{"rendered":"<p>Cesaret ve kahramanl\u0131k bula\u015f\u0131c\u0131d\u0131r.Tuba Kuma\u015f&#8217;\u0131n s\u00f6zc\u00fckleri ve Ahmet Uzun&#8217;un \u00e7izgileriyle karanl\u0131\u011f\u0131 ayd\u0131nl\u0131\u011fa kavu\u015fturan Gece Parlayan, okuru \u00f6nce g\u00f6klerin h\u00e2kimi Ay&#8217;\u0131n huzuruna \u00e7\u0131kar\u0131yor, ard\u0131ndan engin bir hayal<span class=\"excerpt-hellip\"> [\u2026]<\/span><\/p>\n","protected":false},"featured_media":0,"template":"","meta":{"_monsterinsights_skip_tracking":false,"_monsterinsights_sitenote_active":false,"_monsterinsights_sitenote_note":"","_monsterinsights_sitenote_category":0},"product_brand":[],"product_cat":[12913,12274],"product_tag":[],"class_list":{"0":"post-734207","1":"product","2":"type-product","3":"status-publish","5":"product_cat-3-6-yas-kitaplari","6":"product_cat-cocuk-ve-genclik-kitaplari","7":"pa_cilt-ciltli","8":"pa_tur-kitap","9":"pa_yayinevi-ucanbalik-yayincilik","10":"pa_yazar-tuba-kumas","12":"first","13":"instock","14":"sale","15":"shipping-taxable","16":"purchasable","17":"product-type-simple"},"_links":{"self":[{"href":"https:\/\/roveyayinevi.com.tr\/index.php\/wp-json\/wp\/v2\/product\/734207","targetHints":{"allow":["GET"]}}],"collection":[{"href":"https:\/\/roveyayinevi.com.tr\/index.php\/wp-json\/wp\/v2\/product"}],"about":[{"href":"https:\/\/roveyayinevi.com.tr\/index.php\/wp-json\/wp\/v2\/types\/product"}],"wp:attachment":[{"href":"https:\/\/roveyayinevi.com.tr\/index.php\/wp-json\/wp\/v2\/media?parent=734207"}],"wp:term":[{"taxonomy":"product_brand","embeddable":true,"href":"https:\/\/roveyayinevi.com.tr\/index.php\/wp-json\/wp\/v2\/product_brand?post=734207"},{"taxonomy":"product_cat","embeddable":true,"href":"https:\/\/roveyayinevi.com.tr\/index.php\/wp-json\/wp\/v2\/product_cat?post=734207"},{"taxonomy":"product_tag","embeddable":true,"href":"https:\/\/roveyayinevi.com.tr\/index.php\/wp-json\/wp\/v2\/product_tag?post=734207"}],"curies":[{"name":"wp","href":"https:\/\/api.w.org\/{rel}","templated":true}]}}