{"id":734202,"date":"2025-08-27T22:23:49","date_gmt":"2025-08-27T19:23:49","guid":{"rendered":"https:\/\/roveyayinevi.com.tr\/index.php\/urun\/kolaj\/"},"modified":"2026-04-16T02:42:01","modified_gmt":"2026-04-15T23:42:01","slug":"kolaj","status":"publish","type":"product","link":"https:\/\/roveyayinevi.com.tr\/index.php\/urun\/kolaj\/","title":{"rendered":"Kolaj"},"content":{"rendered":"<p>\u00d6nceden g\u00fcne\u015f sar\u0131s\u0131 olan sa\u00e7lar\u0131, \u015fimdi siyahlar&#8230; Ona \u2018mutsuz kad\u0131nlar sa\u00e7lar\u0131n\u0131 boyar, sen mutsuz musun?\u2019 diye sormak istiyorum, fakat \u00e7ok ge\u00e7meden vazge\u00e7iyorum bundan. Belki de bug\u00fcn i\u015fe gelmeden \u00f6nce a\u011flam\u0131\u015ft\u0131. Elleriyle y\u00fcz\u00fcn\u00fc saklam\u0131\u015f, avu\u00e7lar\u0131n\u0131n i\u00e7ine a\u011flam\u0131\u015ft\u0131. Belki de bug\u00fcn her \u015fey bitmi\u015fti onun i\u00e7in. K\u0131rm\u0131z\u0131 rujlu dudaklar\u0131na s\u0131k\u0131\u015ft\u0131rd\u0131\u011f\u0131 sigaras\u0131n\u0131 yakacak \u00e7akma\u011f\u0131n\u0131n gaz\u0131 ve koltu\u011funda oturdu\u011fu masan\u0131n, biraz \u00f6nce \u00e7ekmecesinden \u00e7\u0131kar\u0131p \u015faka\u011f\u0131na s\u0131k\u0131 s\u0131k\u0131ya dayayarak hi\u00e7 d\u00fc\u015f\u00fcnmeden teti\u011fini \u00e7ekti\u011fi silah\u0131n mermisi bile belki&#8230; Belki de bug\u00fcn a\u011flam\u0131\u015ft\u0131. Duraks\u0131z, nefes nefese ve bir \u00e7ocuk gibi h\u0131\u00e7k\u0131ra h\u0131\u00e7k\u0131ra belki&#8230; Belki ilk kez varl\u0131\u011f\u0131n\u0131n b\u00f6ylesine fark\u0131ndayd\u0131. Ve kahretsin! Bu g\u00fczel de\u011fildi&#8230; Sonu\u00e7 belliyken nedenin \u00f6nemi var m\u0131yd\u0131, bilmiyorum. Onu anlamak, d\u00fc\u015f\u00fcncesinin her k\u0131vr\u0131m\u0131na dokunmak istiyordum. Kimse kendi hayat\u0131n\u0131 ya\u015fam\u0131yordu ve \u00f6l\u00fcmlerimiz de buna d\u00e2hildi. Bizden \u00f6ncekilerin \u00f6\u011fretileri \u00fczerine kurulu olan d\u00fcnyada, istikrardan ba\u015fka \u015fey alm\u0131yor ve yine istikrardan ba\u015fka \u015fey b\u0131rakm\u0131yorduk. Dolu bir silah gibiyiz Mermi namluya s\u00fcr\u00fclm\u00fc\u015f Emniyeti a\u00e7\u0131kta Ve tetikte parmak Planl\u0131 bir intihar gibi&#8230; Ve mutlulu\u011fumuz elbise gibi s\u00f6k\u00fck Yalan haberler yazan gazeteler gibiyiz&#8230; Yan\u0131mdas\u0131n, yatakta S\u0131rt\u0131n bana d\u00f6n\u00fck \u00c7\u0131\u011fl\u0131k gibi d\u00f6k\u00fcl\u00fcyor susu\u015fundan T\u00fcm yenilgilerim<\/p>\n","protected":false},"excerpt":{"rendered":"<p>\u00d6nceden g\u00fcne\u015f sar\u0131s\u0131 olan sa\u00e7lar\u0131, \u015fimdi siyahlar&#8230; Ona \u2018mutsuz kad\u0131nlar sa\u00e7lar\u0131n\u0131 boyar, sen mutsuz musun?\u2019 diye sormak istiyorum, fakat \u00e7ok ge\u00e7meden vazge\u00e7iyorum bundan. Belki de bug\u00fcn<span class=\"excerpt-hellip\"> [\u2026]<\/span><\/p>\n","protected":false},"featured_media":0,"template":"","meta":{"_monsterinsights_skip_tracking":false,"_monsterinsights_sitenote_active":false,"_monsterinsights_sitenote_note":"","_monsterinsights_sitenote_category":0},"product_brand":[],"product_cat":[12291,12509],"product_tag":[],"class_list":{"0":"post-734202","1":"product","2":"type-product","3":"status-publish","5":"product_cat-edebiyat","6":"product_cat-siir","7":"pa_cilt-ciltsiz","8":"pa_tur-kitap","9":"pa_yayinevi-luna-yayinlari","10":"pa_yazar-kadir-uslu","12":"first","13":"instock","14":"sale","15":"shipping-taxable","16":"purchasable","17":"product-type-simple"},"_links":{"self":[{"href":"https:\/\/roveyayinevi.com.tr\/index.php\/wp-json\/wp\/v2\/product\/734202","targetHints":{"allow":["GET"]}}],"collection":[{"href":"https:\/\/roveyayinevi.com.tr\/index.php\/wp-json\/wp\/v2\/product"}],"about":[{"href":"https:\/\/roveyayinevi.com.tr\/index.php\/wp-json\/wp\/v2\/types\/product"}],"wp:attachment":[{"href":"https:\/\/roveyayinevi.com.tr\/index.php\/wp-json\/wp\/v2\/media?parent=734202"}],"wp:term":[{"taxonomy":"product_brand","embeddable":true,"href":"https:\/\/roveyayinevi.com.tr\/index.php\/wp-json\/wp\/v2\/product_brand?post=734202"},{"taxonomy":"product_cat","embeddable":true,"href":"https:\/\/roveyayinevi.com.tr\/index.php\/wp-json\/wp\/v2\/product_cat?post=734202"},{"taxonomy":"product_tag","embeddable":true,"href":"https:\/\/roveyayinevi.com.tr\/index.php\/wp-json\/wp\/v2\/product_tag?post=734202"}],"curies":[{"name":"wp","href":"https:\/\/api.w.org\/{rel}","templated":true}]}}