{"id":734200,"date":"2025-08-27T22:23:47","date_gmt":"2025-08-27T19:23:47","guid":{"rendered":"https:\/\/roveyayinevi.com.tr\/index.php\/urun\/daglar-ve-asklar\/"},"modified":"2026-04-16T02:42:01","modified_gmt":"2026-04-15T23:42:01","slug":"daglar-ve-asklar","status":"publish","type":"product","link":"https:\/\/roveyayinevi.com.tr\/index.php\/urun\/daglar-ve-asklar\/","title":{"rendered":"Da\u011flar ve A\u015fklar"},"content":{"rendered":"<p>Bir \u00e7i\u00e7e\u011fin intihar\u0131n\u0131 D\u00fc\u015fleyebilir misin Tanr\u0131m? Akl\u0131na yat\u0131yor mu, Ona verdi\u011fin topra\u011f\u0131 reddedi\u015fi? Sen daha \u00e7a\u011f\u0131rmadan O narin g\u00f6vdesiyle \u00f6l\u00fcme gidi\u015fi? \u00d6l\u00fclerimiz diyorum Tanr\u0131m, \u00d6l\u00fclerimiz, Acaba topra\u011f\u0131n alt\u0131nda da \u015fark\u0131lar s\u00f6yl\u00fcyor mu? <\/p>\n","protected":false},"excerpt":{"rendered":"<p>Bir \u00e7i\u00e7e\u011fin intihar\u0131n\u0131 D\u00fc\u015fleyebilir misin Tanr\u0131m? Akl\u0131na yat\u0131yor mu, Ona verdi\u011fin topra\u011f\u0131 reddedi\u015fi? Sen daha \u00e7a\u011f\u0131rmadan O narin g\u00f6vdesiyle \u00f6l\u00fcme gidi\u015fi? \u00d6l\u00fclerimiz diyorum Tanr\u0131m, \u00d6l\u00fclerimiz, Acaba<span class=\"excerpt-hellip\"> [\u2026]<\/span><\/p>\n","protected":false},"featured_media":0,"template":"","meta":{"_monsterinsights_skip_tracking":false,"_monsterinsights_sitenote_active":false,"_monsterinsights_sitenote_note":"","_monsterinsights_sitenote_category":0},"product_brand":[],"product_cat":[12291,12509],"product_tag":[],"class_list":{"0":"post-734200","1":"product","2":"type-product","3":"status-publish","5":"product_cat-edebiyat","6":"product_cat-siir","7":"pa_cilt-ciltsiz","8":"pa_tur-kitap","9":"pa_yayinevi-luna-yayinlari","10":"pa_yazar-meltem-eylul-berke","12":"first","13":"instock","14":"sale","15":"shipping-taxable","16":"purchasable","17":"product-type-simple"},"_links":{"self":[{"href":"https:\/\/roveyayinevi.com.tr\/index.php\/wp-json\/wp\/v2\/product\/734200","targetHints":{"allow":["GET"]}}],"collection":[{"href":"https:\/\/roveyayinevi.com.tr\/index.php\/wp-json\/wp\/v2\/product"}],"about":[{"href":"https:\/\/roveyayinevi.com.tr\/index.php\/wp-json\/wp\/v2\/types\/product"}],"wp:attachment":[{"href":"https:\/\/roveyayinevi.com.tr\/index.php\/wp-json\/wp\/v2\/media?parent=734200"}],"wp:term":[{"taxonomy":"product_brand","embeddable":true,"href":"https:\/\/roveyayinevi.com.tr\/index.php\/wp-json\/wp\/v2\/product_brand?post=734200"},{"taxonomy":"product_cat","embeddable":true,"href":"https:\/\/roveyayinevi.com.tr\/index.php\/wp-json\/wp\/v2\/product_cat?post=734200"},{"taxonomy":"product_tag","embeddable":true,"href":"https:\/\/roveyayinevi.com.tr\/index.php\/wp-json\/wp\/v2\/product_tag?post=734200"}],"curies":[{"name":"wp","href":"https:\/\/api.w.org\/{rel}","templated":true}]}}