{"id":734199,"date":"2025-08-27T22:23:46","date_gmt":"2025-08-27T19:23:46","guid":{"rendered":"https:\/\/roveyayinevi.com.tr\/index.php\/urun\/yaza-ozlem\/"},"modified":"2026-04-16T02:42:01","modified_gmt":"2026-04-15T23:42:01","slug":"yaza-ozlem","status":"publish","type":"product","link":"https:\/\/roveyayinevi.com.tr\/index.php\/urun\/yaza-ozlem\/","title":{"rendered":"Yaza \u00d6zlem"},"content":{"rendered":"<p>Yaz gecelerinde \u00e7ar\u015f\u0131n\u0131n i\u00e7inde, liman\u0131n biraz ilerisinde, denizin i\u00e7ine do\u011fru uzanan yolda y\u00fcr\u00fcy\u00fc\u015f yapmak \u00e7ok keyifliydi. Etraf\u0131 dalgak\u0131ranlarla \u00e7evrili bu yolun sonunda fener bulunurdu. Anderson ve arkada\u015flar\u0131 bu dalgak\u0131ranlardan dilek balonu u\u00e7ururlard\u0131. Dilek balonlar\u0131 gecenin karanl\u0131\u011f\u0131nda yava\u015f\u00e7a kaybolurdu. Balonun \u00fczerine ger\u00e7ekle\u015fmesini istedikleri dileklerini yaz\u0131p g\u00f6ky\u00fcz\u00fcne g\u00f6nderirlerdi. Dileklerinin kabul olmas\u0131 i\u00e7in balonlar g\u00f6ky\u00fcz\u00fcnde kayboluncaya kadar b\u00fct\u00fcn kalpleriyle dileklerini d\u00fc\u015f\u00fcn\u00fcrlerdi. <\/p>\n","protected":false},"excerpt":{"rendered":"<p>Yaz gecelerinde \u00e7ar\u015f\u0131n\u0131n i\u00e7inde, liman\u0131n biraz ilerisinde, denizin i\u00e7ine do\u011fru uzanan yolda y\u00fcr\u00fcy\u00fc\u015f yapmak \u00e7ok keyifliydi. Etraf\u0131 dalgak\u0131ranlarla \u00e7evrili bu yolun sonunda fener bulunurdu. Anderson ve<span class=\"excerpt-hellip\"> [\u2026]<\/span><\/p>\n","protected":false},"featured_media":0,"template":"","meta":{"_monsterinsights_skip_tracking":false,"_monsterinsights_sitenote_active":false,"_monsterinsights_sitenote_note":"","_monsterinsights_sitenote_category":0},"product_brand":[],"product_cat":[12275,12274],"product_tag":[],"class_list":{"0":"post-734199","1":"product","2":"type-product","3":"status-publish","5":"product_cat-6-12-yas-kitaplari","6":"product_cat-cocuk-ve-genclik-kitaplari","7":"pa_cilt-ciltsiz","8":"pa_tur-kitap","9":"pa_yayinevi-luna-cocuk-yayinlari","10":"pa_yazar-ayse-guldal-hasdemir","12":"first","13":"instock","14":"sale","15":"shipping-taxable","16":"purchasable","17":"product-type-simple"},"_links":{"self":[{"href":"https:\/\/roveyayinevi.com.tr\/index.php\/wp-json\/wp\/v2\/product\/734199","targetHints":{"allow":["GET"]}}],"collection":[{"href":"https:\/\/roveyayinevi.com.tr\/index.php\/wp-json\/wp\/v2\/product"}],"about":[{"href":"https:\/\/roveyayinevi.com.tr\/index.php\/wp-json\/wp\/v2\/types\/product"}],"wp:attachment":[{"href":"https:\/\/roveyayinevi.com.tr\/index.php\/wp-json\/wp\/v2\/media?parent=734199"}],"wp:term":[{"taxonomy":"product_brand","embeddable":true,"href":"https:\/\/roveyayinevi.com.tr\/index.php\/wp-json\/wp\/v2\/product_brand?post=734199"},{"taxonomy":"product_cat","embeddable":true,"href":"https:\/\/roveyayinevi.com.tr\/index.php\/wp-json\/wp\/v2\/product_cat?post=734199"},{"taxonomy":"product_tag","embeddable":true,"href":"https:\/\/roveyayinevi.com.tr\/index.php\/wp-json\/wp\/v2\/product_tag?post=734199"}],"curies":[{"name":"wp","href":"https:\/\/api.w.org\/{rel}","templated":true}]}}