{"id":734196,"date":"2025-08-27T22:23:43","date_gmt":"2025-08-27T19:23:43","guid":{"rendered":"https:\/\/roveyayinevi.com.tr\/index.php\/urun\/buyuk-turk-part-devleti\/"},"modified":"2026-04-16T02:42:01","modified_gmt":"2026-04-15T23:42:01","slug":"buyuk-turk-part-devleti","status":"publish","type":"product","link":"https:\/\/roveyayinevi.com.tr\/index.php\/urun\/buyuk-turk-part-devleti\/","title":{"rendered":"B\u00fcy\u00fck T\u00fcrk Part Devleti"},"content":{"rendered":"<p>Bu kitab\u0131n konusu Part (Parlar, Parf\u0131ya, Ersaklar) devletidir,ancak Anev medeniyeti ve onun d\u00fcnyan\u0131n di\u011fer k\u00fclt\u00fcr merkezleri ile ili\u015fkileri, bunun gibi de Anev medeniyeti ile \u0130.\u00d6. 2407. y\u0131lda temeli at\u0131lan Ersaklar devletinin aral\u0131\u011f\u0131ndaki d\u00f6nemle k\u0131saca tan\u0131\u015f olmay\u0131 konumuza bir giri\u015f h\u00fckm\u00fcnde gerekli bulduk. \u00c7\u00fcnk\u00fc Part devleti ve uygarl\u0131\u011f\u0131 bo\u015flukta ortaya \u00e7\u0131kmam\u0131\u015ft\u0131r veya ba\u015fka bir yerden gelme medeniyet de de\u011fildir. Tam tersine o,T\u00fcrkmenistan\u2019\u0131n kendi \u00fcr\u00fcn\u00fc ve Anev, Alt\u0131ntepe ve Mar\u0131 medeniyetlerinin yasal geli\u015fme ve m\u00fckemmelle\u015fme s\u00fcrecinin parlak bir b\u00f6l\u00fcm\u00fc ve devam\u0131d\u0131r. Biz T\u00fcrkmenistan\u2019\u0131n ve T\u00fcrkmen Ulusu\u2019nun tarihini en eski \u00e7a\u011flardan g\u00fcn\u00fcm\u00fcze kadar bir b\u00fct\u00fcnl\u00fckte ve devaml\u0131l\u0131kta ele almal\u0131y\u0131z. <\/p>\n","protected":false},"excerpt":{"rendered":"<p>Bu kitab\u0131n konusu Part (Parlar, Parf\u0131ya, Ersaklar) devletidir,ancak Anev medeniyeti ve onun d\u00fcnyan\u0131n di\u011fer k\u00fclt\u00fcr merkezleri ile ili\u015fkileri, bunun gibi de Anev medeniyeti ile \u0130.\u00d6. 2407.<span class=\"excerpt-hellip\"> [\u2026]<\/span><\/p>\n","protected":false},"featured_media":0,"template":"","meta":{"_monsterinsights_skip_tracking":false,"_monsterinsights_sitenote_active":false,"_monsterinsights_sitenote_note":"","_monsterinsights_sitenote_category":0},"product_brand":[],"product_cat":[12304,13650],"product_tag":[],"class_list":{"0":"post-734196","1":"product","2":"type-product","3":"status-publish","5":"product_cat-tarih","6":"product_cat-turk-tarihi-arastirmalari","7":"pa_cilt-ciltsiz","8":"pa_tur-kitap","9":"pa_yayinevi-altinordu-yayinlari","10":"pa_yazar-begmurat-gerey","12":"first","13":"instock","14":"sale","15":"shipping-taxable","16":"purchasable","17":"product-type-simple"},"_links":{"self":[{"href":"https:\/\/roveyayinevi.com.tr\/index.php\/wp-json\/wp\/v2\/product\/734196","targetHints":{"allow":["GET"]}}],"collection":[{"href":"https:\/\/roveyayinevi.com.tr\/index.php\/wp-json\/wp\/v2\/product"}],"about":[{"href":"https:\/\/roveyayinevi.com.tr\/index.php\/wp-json\/wp\/v2\/types\/product"}],"wp:attachment":[{"href":"https:\/\/roveyayinevi.com.tr\/index.php\/wp-json\/wp\/v2\/media?parent=734196"}],"wp:term":[{"taxonomy":"product_brand","embeddable":true,"href":"https:\/\/roveyayinevi.com.tr\/index.php\/wp-json\/wp\/v2\/product_brand?post=734196"},{"taxonomy":"product_cat","embeddable":true,"href":"https:\/\/roveyayinevi.com.tr\/index.php\/wp-json\/wp\/v2\/product_cat?post=734196"},{"taxonomy":"product_tag","embeddable":true,"href":"https:\/\/roveyayinevi.com.tr\/index.php\/wp-json\/wp\/v2\/product_tag?post=734196"}],"curies":[{"name":"wp","href":"https:\/\/api.w.org\/{rel}","templated":true}]}}