{"id":734193,"date":"2025-08-27T22:23:40","date_gmt":"2025-08-27T19:23:40","guid":{"rendered":"https:\/\/roveyayinevi.com.tr\/index.php\/urun\/cift-terapisi\/"},"modified":"2026-04-16T02:42:01","modified_gmt":"2026-04-15T23:42:01","slug":"cift-terapisi","status":"publish","type":"product","link":"https:\/\/roveyayinevi.com.tr\/index.php\/urun\/cift-terapisi\/","title":{"rendered":"\u00c7ift Terapisi"},"content":{"rendered":"<p>Psikoterapide G\u00fcncel Klinik Yakla\u015f\u0131mlar\u0131 Dizisi\u201c\u00c7ift Terapisi\u201d, psikolog, psikiyatr, sosyal hizmetli, dan\u0131\u015fman ve din adam\u0131 gibi geni\u015f bir profesyoneller grubu i\u00e7in rehber niteli\u011findedir. Alanlar\u0131ndaki uzmanlar taraf\u0131ndan yaz\u0131lan \u201c\u00c7ift Terapisi\u201d, etkili \u00e7ift tedavisi konusunda daha etik, esnek ve yarat\u0131c\u0131 yakla\u015f\u0131mlar\u0131 sergileyerek de\u011ferlendirme, h\u00fck\u00fcm verme, hipotez kurma ve test etmede paha bi\u00e7ilmez bir kaynak olacakt\u0131r. Bu kitab\u0131 hem profesyoneller hem de bu alana ilgi duyanlar i\u00e7in \u00e7ok yararl\u0131 buluyorum.Dr. Ellyn BaderCalifornia, Menlo Park The Couples InstituteDirekt\u00f6r Yard\u0131mc\u0131s\u0131\u201c\u00c7ift Terapisi\u201dnde, \u00f6zel terapi k\u0131lavuzlar\u0131, klinik \u00f6rneklerin bolca kullan\u0131ld\u0131\u011f\u0131 somut \u00f6neriler ve ayr\u0131nt\u0131l\u0131 hasta hik\u00e2yeleri sunulmaktad\u0131r. Niyetimiz okuru etkilemek, b\u00fcy\u00fclemek ya da gizli akademik tart\u0131\u015fmalara dipnot koymak de\u011fildir. Bunun yerine;\u2022 \u00c7ift Terapisinin Temelleri\u2022 \u00c7ift Terapisinde Mitler\u2022 Irklar, Etnik Gruplar Ve \u0130nan\u00e7lar Aras\u0131 \u0130li\u015fkiler\u2022 Homoseks\u00fcel \u00c7iftler\u2022 \u00c7ift Terapisinde Sa\u011fl\u0131k Konular\u0131\u2022 Zor \u00c7iftler\u2022 Ev \u0130\u00e7i \u015eiddet\u2022 Ebeveyn \u00c7iftlerba\u015fl\u0131klar\u0131ndan olu\u015fan her b\u00f6l\u00fcm, pratik i\u00e7indeki klinisyene pragmatik de\u011fer ta\u015f\u0131yan bir temel sunmak \u00fczere tasarlanm\u0131\u015ft\u0131r. Asl\u0131nda genel edit\u00f6r, cilt edit\u00f6rleri ve b\u00f6l\u00fcm yazarlar\u0131 olarak amac\u0131m\u0131z tektir. Hastalar\u0131m\u0131z\u0131n hayatlar\u0131na \u00f6nemli, acil ve somut katk\u0131lar yapmak.Irvin D. Yalom, M.D.Psikiyatri Profes\u00f6r\u00fcStanford \u00dcniversitesi, T\u0131p Fak\u00fcltesi<\/p>\n","protected":false},"excerpt":{"rendered":"<p>Psikoterapide G\u00fcncel Klinik Yakla\u015f\u0131mlar\u0131 Dizisi\u201c\u00c7ift Terapisi\u201d, psikolog, psikiyatr, sosyal hizmetli, dan\u0131\u015fman ve din adam\u0131 gibi geni\u015f bir profesyoneller grubu i\u00e7in rehber niteli\u011findedir. Alanlar\u0131ndaki uzmanlar taraf\u0131ndan yaz\u0131lan<span class=\"excerpt-hellip\"> [\u2026]<\/span><\/p>\n","protected":false},"featured_media":0,"template":"","meta":{"_monsterinsights_skip_tracking":false,"_monsterinsights_sitenote_active":false,"_monsterinsights_sitenote_note":"","_monsterinsights_sitenote_category":0},"product_brand":[],"product_cat":[12358,12357],"product_tag":[],"class_list":{"0":"post-734193","1":"product","2":"type-product","3":"status-publish","5":"product_cat-genel-psikoloji","6":"product_cat-psikoloji","7":"pa_cilt-ciltsiz","8":"pa_tur-kitap","9":"pa_yayinevi-pozitif-yayinlari","10":"pa_yazar-irvin-d-yalom-hilda-kessler","12":"first","13":"instock","14":"sale","15":"shipping-taxable","16":"purchasable","17":"product-type-simple"},"_links":{"self":[{"href":"https:\/\/roveyayinevi.com.tr\/index.php\/wp-json\/wp\/v2\/product\/734193","targetHints":{"allow":["GET"]}}],"collection":[{"href":"https:\/\/roveyayinevi.com.tr\/index.php\/wp-json\/wp\/v2\/product"}],"about":[{"href":"https:\/\/roveyayinevi.com.tr\/index.php\/wp-json\/wp\/v2\/types\/product"}],"wp:attachment":[{"href":"https:\/\/roveyayinevi.com.tr\/index.php\/wp-json\/wp\/v2\/media?parent=734193"}],"wp:term":[{"taxonomy":"product_brand","embeddable":true,"href":"https:\/\/roveyayinevi.com.tr\/index.php\/wp-json\/wp\/v2\/product_brand?post=734193"},{"taxonomy":"product_cat","embeddable":true,"href":"https:\/\/roveyayinevi.com.tr\/index.php\/wp-json\/wp\/v2\/product_cat?post=734193"},{"taxonomy":"product_tag","embeddable":true,"href":"https:\/\/roveyayinevi.com.tr\/index.php\/wp-json\/wp\/v2\/product_tag?post=734193"}],"curies":[{"name":"wp","href":"https:\/\/api.w.org\/{rel}","templated":true}]}}