{"id":734192,"date":"2025-08-27T22:23:39","date_gmt":"2025-08-27T19:23:39","guid":{"rendered":"https:\/\/roveyayinevi.com.tr\/index.php\/urun\/cocuk-terapisi\/"},"modified":"2026-04-16T02:42:00","modified_gmt":"2026-04-15T23:42:00","slug":"cocuk-terapisi","status":"publish","type":"product","link":"https:\/\/roveyayinevi.com.tr\/index.php\/urun\/cocuk-terapisi\/","title":{"rendered":"\u00c7ocuk Terapisi"},"content":{"rendered":"<p>Psikoterapide G\u00fcncel Klinik Yakla\u015f\u0131mlar\u0131 Dizisi\u201cBu kitap, tedavi masraflar\u0131n\u0131 en aza indirmek i\u00e7in \u00e7ocuklar\u0131n ruhsal a\u011fr\u0131s\u0131n\u0131 minimize etme modas\u0131n\u0131 izlemez, bunun yerine en iyiyi ba\u015farmalar\u0131 i\u00e7in klinisyenlere yard\u0131m eder.\u201dJohn E. Schowalter E., M.D.Yale \u00dcniversitesi \u00c7ocuk Psikiyatri ve Pediatrisi Profes\u00f6r\u00fcB\u00fcy\u00fck bir hassasiyet ve anlay\u0131\u015fla yaz\u0131lan \u00c7ocuk Terapisi, okula ba\u015flama ya\u015f\u0131 ile erken ergenlik d\u00f6nemi aras\u0131ndaki \u00e7ocuklar i\u00e7in etkili ve yetkin m\u00fcdahaleler sunmaktad\u0131r. Uzman yazarlar, bu ya\u015f grubuna \u00f6zg\u00fc problemlerin de\u011ferlendirilmesi ve tedavi edilmesi i\u00e7in \u00f6n saflarda yer alan klinisyenlere ve okuyuculara;\u2022 Genel Prensipler Ve Tedavi\u2022 Obsesif-Kompulsif Bozukluk, Fobiler VeTravma\u2022 Depresyon\u2022 Y\u0131k\u0131c\u0131 Davran\u0131\u015fsal Bozukluk\u2022 Konversiyon Ve Somatoform Bozukluklar\u0131\u2022 A\u011fr\u0131 Ve \u0130li\u015fkili Problemler\u2022 \u00c7ocuk Tacizi\u2022 Yeme Bozukluklar\u0131ba\u015fl\u0131klar\u0131ndan olu\u015fan sekiz b\u00f6l\u00fcmde doyurucu bilgi ve ara\u00e7lar sa\u011flamaktad\u0131r. \u00c7ocuk Terapisi, hem yarat\u0131c\u0131l\u0131\u011f\u0131 hem de esnekli\u011fi cesaretlendirerek; geli\u015fimsel sorunlar\u0131n ve hiperaktivite, depresyon, anksiyete, obsesyon, kompulsiyonlar, fobiler, yeme bozukluklar\u0131 ve travma ili\u015fkili problemlerin tedavisi \u00fczerine spesifik \u00f6nerilerde bulanmaktad\u0131r. Elinizdeki kitap, alt\u0131-on iki ya\u015f aras\u0131ndaki \u00e7ocuklar\u0131n tedavisindeki zorluklar\u0131 \u00e7\u00f6zmede \u00e7ok yararl\u0131 bir rehberdir.<\/p>\n","protected":false},"excerpt":{"rendered":"<p>Psikoterapide G\u00fcncel Klinik Yakla\u015f\u0131mlar\u0131 Dizisi\u201cBu kitap, tedavi masraflar\u0131n\u0131 en aza indirmek i\u00e7in \u00e7ocuklar\u0131n ruhsal a\u011fr\u0131s\u0131n\u0131 minimize etme modas\u0131n\u0131 izlemez, bunun yerine en iyiyi ba\u015farmalar\u0131 i\u00e7in klinisyenlere<span class=\"excerpt-hellip\"> [\u2026]<\/span><\/p>\n","protected":false},"featured_media":0,"template":"","meta":{"_monsterinsights_skip_tracking":false,"_monsterinsights_sitenote_active":false,"_monsterinsights_sitenote_note":"","_monsterinsights_sitenote_category":0},"product_brand":[],"product_cat":[12679,12357],"product_tag":[],"class_list":{"0":"post-734192","1":"product","2":"type-product","3":"status-publish","5":"product_cat-cocuk-psikolojisi","6":"product_cat-psikoloji","7":"pa_cilt-ciltsiz","8":"pa_tur-kitap","9":"pa_yayinevi-pozitif-yayinlari","10":"pa_yazar-irwin-d-yalom-hans-steiner","12":"first","13":"instock","14":"sale","15":"shipping-taxable","16":"purchasable","17":"product-type-simple"},"_links":{"self":[{"href":"https:\/\/roveyayinevi.com.tr\/index.php\/wp-json\/wp\/v2\/product\/734192","targetHints":{"allow":["GET"]}}],"collection":[{"href":"https:\/\/roveyayinevi.com.tr\/index.php\/wp-json\/wp\/v2\/product"}],"about":[{"href":"https:\/\/roveyayinevi.com.tr\/index.php\/wp-json\/wp\/v2\/types\/product"}],"wp:attachment":[{"href":"https:\/\/roveyayinevi.com.tr\/index.php\/wp-json\/wp\/v2\/media?parent=734192"}],"wp:term":[{"taxonomy":"product_brand","embeddable":true,"href":"https:\/\/roveyayinevi.com.tr\/index.php\/wp-json\/wp\/v2\/product_brand?post=734192"},{"taxonomy":"product_cat","embeddable":true,"href":"https:\/\/roveyayinevi.com.tr\/index.php\/wp-json\/wp\/v2\/product_cat?post=734192"},{"taxonomy":"product_tag","embeddable":true,"href":"https:\/\/roveyayinevi.com.tr\/index.php\/wp-json\/wp\/v2\/product_tag?post=734192"}],"curies":[{"name":"wp","href":"https:\/\/api.w.org\/{rel}","templated":true}]}}