{"id":734191,"date":"2025-08-27T22:23:39","date_gmt":"2025-08-27T19:23:39","guid":{"rendered":"https:\/\/roveyayinevi.com.tr\/index.php\/urun\/ergen-terapisi\/"},"modified":"2026-04-16T02:42:00","modified_gmt":"2026-04-15T23:42:00","slug":"ergen-terapisi","status":"publish","type":"product","link":"https:\/\/roveyayinevi.com.tr\/index.php\/urun\/ergen-terapisi\/","title":{"rendered":"Ergen Terapisi"},"content":{"rendered":"<p>Psikoterapide G\u00fcncel Klinik Yakla\u015f\u0131mlar\u0131 Dizisi\u201cErgen Terapisi, ergenli\u011fin biyopsikososyal biyopsisini vermektedir ve insan ya\u015fam\u0131n\u0131n bu en kafa kar\u0131\u015ft\u0131r\u0131c\u0131 geli\u015fim a\u015famas\u0131 s\u0131ras\u0131nda meydana gelen maj\u00f6r psikopatolojilerin tedavisindeki \u00f6nemli konular\u0131 anlatan a\u00e7\u0131k ve kapsaml\u0131 bir kitapt\u0131r.\u201dLawrence Stone, M.D.Amerikan \u00c7ocuk ve Ergen Psikiyatrisi Akademisi Ba\u015fkan\u0131\u201cErgenlikte ortaya \u00e7\u0131kan psikopatolojiler konusunda canl\u0131 vaka \u00f6rnekleri veren klinik bilgeli\u011fi dam\u0131t\u0131p toparlayan tutkulu bir \u00e7al\u0131\u015fma. Bu m\u00fckemmel kitap, psikiyatrik problemi olan gen\u00e7lerle \u00e7al\u0131\u015fman\u0131n heyecan\u0131n\u0131 ve meydan okuyan yanlar\u0131n\u0131 da ba\u015far\u0131yla aktar\u0131yor.\u201dGregory K. Fritz, M.D.Brown \u00dcniversitesi T\u0131p Fak\u00fcltesi Psikiyatri Profes\u00f6r\u00fc ve Direkt\u00f6r\u00fcErgen Terapisi;\u2022 Genel Prensipler Ve \u00d6zel Problemler\u2022 Y\u0131k\u0131c\u0131 (D\u0130STRUPT\u0130F) Davran\u0131\u015f Bozukluklar\u0131\u2022 Madde Kullan\u0131m\u0131 Ve Suistimali\u2022 Depresyon\u2022 Anksiyete Bozukluklar\u0131\u2022 Yeme Bozukluklar\u0131\u2022 Klinik Hastal\u0131klar Ve Somatizasyon\u2022 \u015eizofreni Ve Psikotik Bozukluklar\u2022 Psikiyatrik Travma Ve \u0130li\u015fkili Psikopatolojilerba\u015fl\u0131klar\u0131nda ergen geli\u015fimi \u00fczerine \u00f6zl\u00fc ve g\u00fcncel bilgiler vermenin yan\u0131 s\u0131ra anksiyete bozukluklar\u0131, depresyon, yeme bozukluklar\u0131, somatizasyon, davran\u0131m bozuklu\u011fu ve psikoz gibi rahats\u0131zl\u0131klar\u0131n etkili klinik tedavisi konusunda da ad\u0131m ad\u0131m rehberlik etmektedir. Yazarlar\u0131n her biri, ergen tedavisi konusunda uzmanl\u0131\u011fa sahiptir ve alanlar\u0131ndaki en son bilgiler ve klinik teknikleri sunmaktad\u0131rlar.<\/p>\n","protected":false},"excerpt":{"rendered":"<p>Psikoterapide G\u00fcncel Klinik Yakla\u015f\u0131mlar\u0131 Dizisi\u201cErgen Terapisi, ergenli\u011fin biyopsikososyal biyopsisini vermektedir ve insan ya\u015fam\u0131n\u0131n bu en kafa kar\u0131\u015ft\u0131r\u0131c\u0131 geli\u015fim a\u015famas\u0131 s\u0131ras\u0131nda meydana gelen maj\u00f6r psikopatolojilerin tedavisindeki \u00f6nemli<span class=\"excerpt-hellip\"> [\u2026]<\/span><\/p>\n","protected":false},"featured_media":0,"template":"","meta":{"_monsterinsights_skip_tracking":false,"_monsterinsights_sitenote_active":false,"_monsterinsights_sitenote_note":"","_monsterinsights_sitenote_category":0},"product_brand":[],"product_cat":[12679,12357],"product_tag":[],"class_list":{"0":"post-734191","1":"product","2":"type-product","3":"status-publish","5":"product_cat-cocuk-psikolojisi","6":"product_cat-psikoloji","7":"pa_cilt-ciltsiz","8":"pa_tur-kitap","9":"pa_yayinevi-pozitif-yayinlari","10":"pa_yazar-irwin-d-yalom-hans-steiner","12":"first","13":"instock","14":"sale","15":"shipping-taxable","16":"purchasable","17":"product-type-simple"},"_links":{"self":[{"href":"https:\/\/roveyayinevi.com.tr\/index.php\/wp-json\/wp\/v2\/product\/734191","targetHints":{"allow":["GET"]}}],"collection":[{"href":"https:\/\/roveyayinevi.com.tr\/index.php\/wp-json\/wp\/v2\/product"}],"about":[{"href":"https:\/\/roveyayinevi.com.tr\/index.php\/wp-json\/wp\/v2\/types\/product"}],"wp:attachment":[{"href":"https:\/\/roveyayinevi.com.tr\/index.php\/wp-json\/wp\/v2\/media?parent=734191"}],"wp:term":[{"taxonomy":"product_brand","embeddable":true,"href":"https:\/\/roveyayinevi.com.tr\/index.php\/wp-json\/wp\/v2\/product_brand?post=734191"},{"taxonomy":"product_cat","embeddable":true,"href":"https:\/\/roveyayinevi.com.tr\/index.php\/wp-json\/wp\/v2\/product_cat?post=734191"},{"taxonomy":"product_tag","embeddable":true,"href":"https:\/\/roveyayinevi.com.tr\/index.php\/wp-json\/wp\/v2\/product_tag?post=734191"}],"curies":[{"name":"wp","href":"https:\/\/api.w.org\/{rel}","templated":true}]}}