{"id":734190,"date":"2025-08-27T22:23:38","date_gmt":"2025-08-27T19:23:38","guid":{"rendered":"https:\/\/roveyayinevi.com.tr\/index.php\/urun\/cinsel-terapi\/"},"modified":"2026-04-16T02:42:00","modified_gmt":"2026-04-15T23:42:00","slug":"cinsel-terapi","status":"publish","type":"product","link":"https:\/\/roveyayinevi.com.tr\/index.php\/urun\/cinsel-terapi\/","title":{"rendered":"Cinsel Terapi"},"content":{"rendered":"<p>Psikoterapide G\u00fcncel Klinik Yakla\u015f\u0131mlar\u0131 Dizisi\u201cNihayet! \u0130ster fiziksel ister psikolojik olsun cinsel bozukluklarla ilgili sorunlar\u0131n hemen hemen hepsine yer veren \u00e7arp\u0131c\u0131 bir eser. Yazarlar\u0131n \u00fcslubu ger\u00e7ekten etkileyici ve doyurucu, \u00e7ok say\u0131da vaka \u00f6rne\u011fi yer al\u0131yor, empati ve anlama derecesi s\u0131ra d\u0131\u015f\u0131, psikologlar\u0131n, jinekologlar\u0131n, aile hekimlerinin ve tecr\u00fcbeli tecr\u00fcbesiz t\u00fcm psikiyatrlar\u0131n, bu kitaptan \u00e7ok yararlanaca\u011f\u0131n\u0131 d\u00fc\u015f\u00fcn\u00fcyorum.\u201dDr. Avodah K. OffitSeks TerapistiCinsel Terapi;\u2022 Cinsellik Hakk\u0131nda Konu\u015fmak Ve D\u00fc\u015f\u00fcnmek\u2022 Cinsel Yan\u0131t\u0131n Fizyolojisi Konusunda Terapistin Rehberi\u2022 Cinsel Bozukluklar\u0131n De\u011ferlendirilmesi\u2022 Cinsel \u0130\u015flevin T\u0131bbi De\u011ferlendirmesi\u2022 Tutku Ve \u0130\u00e7tenlik\u2022 Cinsel Bozukluklarda \u00c7iftlerin Tedavisi\u2022 Arzu Bozukluklar\u0131\u2022 Uyar\u0131lma Ve Orgazm Bozukluklar\u0131n\u0131n Tedavisi\u2022 Parafililerin Tedavisib\u00f6l\u00fcmlerinden olu\u015fan, klinik uzmanlar\u0131 ve hastalar\u0131 i\u00e7in b\u00fcy\u00fck bir bilgelikle ve empatiyle yaz\u0131lm\u0131\u015f bir ba\u015fucu eseridir. Hem yolun ba\u015f\u0131ndaki klinik uzmanlara, hem de tecr\u00fcbeli terapistlere hitap etmeyi ba\u015faran bu kitap, i\u015fe yararl\u0131l\u0131\u011f\u0131 kan\u0131tlanm\u0131\u015f tavsiyeler ve vaka \u00f6rnekleriyle doludur. Her bir b\u00f6l\u00fcm, cinsel sorunlar\u0131n tedavisinde elde etti\u011fi tecr\u00fcbeleri sunan, deneyimli terapist yazarlar taraf\u0131ndan ele al\u0131nm\u0131\u015ft\u0131r. Okuyucu, bu kitapta cinsel bozukluklara sahip hastalar\u0131n tedavisi s\u00fcreci boyunca rastlan\u0131lan \u00f6zel sorunlar\u0131n ortadan kald\u0131r\u0131lmas\u0131na y\u00f6nelik terap\u00f6tik y\u00f6ntemlerle ilgili doyurucu bilgiler bulacakt\u0131r.<\/p>\n","protected":false},"excerpt":{"rendered":"<p>Psikoterapide G\u00fcncel Klinik Yakla\u015f\u0131mlar\u0131 Dizisi\u201cNihayet! \u0130ster fiziksel ister psikolojik olsun cinsel bozukluklarla ilgili sorunlar\u0131n hemen hemen hepsine yer veren \u00e7arp\u0131c\u0131 bir eser. Yazarlar\u0131n \u00fcslubu ger\u00e7ekten etkileyici<span class=\"excerpt-hellip\"> [\u2026]<\/span><\/p>\n","protected":false},"featured_media":0,"template":"","meta":{"_monsterinsights_skip_tracking":false,"_monsterinsights_sitenote_active":false,"_monsterinsights_sitenote_note":"","_monsterinsights_sitenote_category":0},"product_brand":[],"product_cat":[35288,13365],"product_tag":[],"class_list":{"0":"post-734190","1":"product","2":"type-product","3":"status-publish","5":"product_cat-cinsellik-saglik","6":"product_cat-saglik","7":"pa_cilt-ciltsiz","8":"pa_tur-kitap","9":"pa_yayinevi-pozitif-yayinlari","10":"pa_yazar-walton-t-roth-irwin-d-yalom","12":"first","13":"instock","14":"sale","15":"shipping-taxable","16":"purchasable","17":"product-type-simple"},"_links":{"self":[{"href":"https:\/\/roveyayinevi.com.tr\/index.php\/wp-json\/wp\/v2\/product\/734190","targetHints":{"allow":["GET"]}}],"collection":[{"href":"https:\/\/roveyayinevi.com.tr\/index.php\/wp-json\/wp\/v2\/product"}],"about":[{"href":"https:\/\/roveyayinevi.com.tr\/index.php\/wp-json\/wp\/v2\/types\/product"}],"wp:attachment":[{"href":"https:\/\/roveyayinevi.com.tr\/index.php\/wp-json\/wp\/v2\/media?parent=734190"}],"wp:term":[{"taxonomy":"product_brand","embeddable":true,"href":"https:\/\/roveyayinevi.com.tr\/index.php\/wp-json\/wp\/v2\/product_brand?post=734190"},{"taxonomy":"product_cat","embeddable":true,"href":"https:\/\/roveyayinevi.com.tr\/index.php\/wp-json\/wp\/v2\/product_cat?post=734190"},{"taxonomy":"product_tag","embeddable":true,"href":"https:\/\/roveyayinevi.com.tr\/index.php\/wp-json\/wp\/v2\/product_tag?post=734190"}],"curies":[{"name":"wp","href":"https:\/\/api.w.org\/{rel}","templated":true}]}}