{"id":734187,"date":"2025-08-27T22:23:35","date_gmt":"2025-08-27T19:23:35","guid":{"rendered":"https:\/\/roveyayinevi.com.tr\/index.php\/urun\/hayat-seruveni-ve-vasiyetleriyle-zeki-muren\/"},"modified":"2026-04-16T02:42:00","modified_gmt":"2026-04-15T23:42:00","slug":"hayat-seruveni-ve-vasiyetleriyle-zeki-muren","status":"publish","type":"product","link":"https:\/\/roveyayinevi.com.tr\/index.php\/urun\/hayat-seruveni-ve-vasiyetleriyle-zeki-muren\/","title":{"rendered":"Hayat Ser\u00fcveni ve Vasiyetleriyle Zeki M\u00fcren"},"content":{"rendered":"<p>Her \u00fclkenin kendine \u00f6zg\u00fc ya\u015fayan ve ya\u015fat\u0131lan sanat de\u011ferleri vard\u0131r. Zeki M\u00fcren de bu \u00fclkenin yeti\u015ftirdi\u011fi k\u0131ymetli sanat de\u011ferlerinden biridir. Bu de\u011ferlerin ya\u015fat\u0131lmas\u0131, toplum nezdinde unutturulmam\u0131s\u0131 o \u00fclkenin sanata verdi\u011fi de\u011ferin a\u00e7\u0131k bir g\u00f6stergesidir. Elinizdeki bu kitap, T\u00fcrk musikisinde bir fenomen olan, T\u00fcrk milletinin g\u00f6nl\u00fcnde taht kurmu\u015f \u00abPa\u015fa\u00bb ve \u00abSanat G\u00fcne\u015fi\u00bb lakaplar\u0131yla kendisine toplum taraf\u0131ndan y\u00fcksek d\u00fczeyde k\u0131ymet verilen sanatk\u00e2r Zeki M\u00fcren\u2019i anlatmaktad\u0131r.<\/p>\n","protected":false},"excerpt":{"rendered":"<p>Her \u00fclkenin kendine \u00f6zg\u00fc ya\u015fayan ve ya\u015fat\u0131lan sanat de\u011ferleri vard\u0131r. Zeki M\u00fcren de bu \u00fclkenin yeti\u015ftirdi\u011fi k\u0131ymetli sanat de\u011ferlerinden biridir. Bu de\u011ferlerin ya\u015fat\u0131lmas\u0131, toplum nezdinde unutturulmam\u0131s\u0131<span class=\"excerpt-hellip\"> [\u2026]<\/span><\/p>\n","protected":false},"featured_media":0,"template":"","meta":{"_monsterinsights_skip_tracking":false,"_monsterinsights_sitenote_active":false,"_monsterinsights_sitenote_note":"","_monsterinsights_sitenote_category":0},"product_brand":[],"product_cat":[14009,12291],"product_tag":[],"class_list":{"0":"post-734187","1":"product","2":"type-product","3":"status-publish","5":"product_cat-biyografi-otobiyografi-edebiyat","6":"product_cat-edebiyat","7":"pa_cilt-ciltsiz","8":"pa_tur-kitap","9":"pa_yayinevi-imbik-yayinlari","10":"pa_yazar-suat-sancar","12":"first","13":"instock","14":"sale","15":"shipping-taxable","16":"purchasable","17":"product-type-simple"},"_links":{"self":[{"href":"https:\/\/roveyayinevi.com.tr\/index.php\/wp-json\/wp\/v2\/product\/734187","targetHints":{"allow":["GET"]}}],"collection":[{"href":"https:\/\/roveyayinevi.com.tr\/index.php\/wp-json\/wp\/v2\/product"}],"about":[{"href":"https:\/\/roveyayinevi.com.tr\/index.php\/wp-json\/wp\/v2\/types\/product"}],"wp:attachment":[{"href":"https:\/\/roveyayinevi.com.tr\/index.php\/wp-json\/wp\/v2\/media?parent=734187"}],"wp:term":[{"taxonomy":"product_brand","embeddable":true,"href":"https:\/\/roveyayinevi.com.tr\/index.php\/wp-json\/wp\/v2\/product_brand?post=734187"},{"taxonomy":"product_cat","embeddable":true,"href":"https:\/\/roveyayinevi.com.tr\/index.php\/wp-json\/wp\/v2\/product_cat?post=734187"},{"taxonomy":"product_tag","embeddable":true,"href":"https:\/\/roveyayinevi.com.tr\/index.php\/wp-json\/wp\/v2\/product_tag?post=734187"}],"curies":[{"name":"wp","href":"https:\/\/api.w.org\/{rel}","templated":true}]}}