{"id":734186,"date":"2025-08-27T22:23:34","date_gmt":"2025-08-27T19:23:34","guid":{"rendered":"https:\/\/roveyayinevi.com.tr\/index.php\/urun\/giriti-kaybetmenin-bitmeyen-acisi\/"},"modified":"2026-04-16T02:42:00","modified_gmt":"2026-04-15T23:42:00","slug":"giriti-kaybetmenin-bitmeyen-acisi","status":"publish","type":"product","link":"https:\/\/roveyayinevi.com.tr\/index.php\/urun\/giriti-kaybetmenin-bitmeyen-acisi\/","title":{"rendered":"Girit&#8217;i Kaybetmenin Bitmeyen Ac\u0131s\u0131"},"content":{"rendered":"<p>Osmanl\u0131\u2019n\u0131n 1669\u2019da Girit\u2019i fethetmesinin ard\u0131ndan Ada halk\u0131ndan \u0130slamiyet\u2019i se\u00e7enlerin bir k\u0131sm\u0131, ba\u015flayan Yunan isyanlar\u0131n\u0131n yaratt\u0131\u011f\u0131 korkunun etkisiyle zaman i\u00e7inde H\u0131ristiyanl\u0131\u011fa geri d\u00f6nm\u00fc\u015f; M\u00fcsl\u00fcman kalanlar ise Yunanlar taraf\u0131ndan T\u00fcrk olarak g\u00f6r\u00fclm\u00fc\u015ft\u00fcr. G\u00f6\u00e7e zorlanan T\u00fcrklerin mallar\u0131 \u00e7ok ucuza ya da zorla ellerinden al\u0131nm\u0131\u015f, sat\u0131\u015fa yana\u015fmayan T\u00fcrklerden baz\u0131lar\u0131 k\u00f6y meydanlar\u0131nda \u00e7\u0131r\u0131l\u00e7\u0131plak soyulup direklere ba\u011flanarak yak\u0131c\u0131 g\u00fcne\u015fin alt\u0131nda g\u00fcnlerce a\u00e7 ve susuz b\u0131rak\u0131lm\u0131\u015ft\u0131r. M\u00fcbadele ile Ada\u2019dan ayr\u0131lanlar ise evlerinin kap\u0131lar\u0131n\u0131 \u2018Belki d\u00f6neriz\u2019 d\u00fc\u015f\u00fcncesiyle kapat\u0131p anahtarlar\u0131 saklad\u0131lar. Ancak gemilere binip Anadolu k\u0131y\u0131lar\u0131na yakla\u015ft\u0131k\u00e7a, geri d\u00f6n\u00fc\u015f\u00fc olmayan yola girdikleri d\u00fc\u015f\u00fcncesi a\u011f\u0131r bas\u0131nca anahtarlar\u0131 denize att\u0131lar. Bu kitab\u0131 haz\u0131rlamama neden olan, uzun y\u0131llard\u0131r tan\u0131d\u0131\u011f\u0131m ve kendisine \u201cAnneanne\u201d dedi\u011fim Girit g\u00f6\u00e7meni Nil\u00fcfer Erbil\u2019in ailesinin ya\u015fad\u0131klar\u0131 da di\u011fer Giritli g\u00f6\u00e7menlerin ku\u015faktan ku\u015fa\u011fa aktar\u0131lan hik\u00e2yelerinden farkl\u0131 de\u011fildir.\u201cGidemem Girit\u2019ten gidememBen gidemem uzaklaraYolluyorlar beni uzaklaraBen gidemem uzaklara\u2026\u201d<\/p>\n","protected":false},"excerpt":{"rendered":"<p>Osmanl\u0131\u2019n\u0131n 1669\u2019da Girit\u2019i fethetmesinin ard\u0131ndan Ada halk\u0131ndan \u0130slamiyet\u2019i se\u00e7enlerin bir k\u0131sm\u0131, ba\u015flayan Yunan isyanlar\u0131n\u0131n yaratt\u0131\u011f\u0131 korkunun etkisiyle zaman i\u00e7inde H\u0131ristiyanl\u0131\u011fa geri d\u00f6nm\u00fc\u015f; M\u00fcsl\u00fcman kalanlar ise Yunanlar<span class=\"excerpt-hellip\"> [\u2026]<\/span><\/p>\n","protected":false},"featured_media":0,"template":"","meta":{"_monsterinsights_skip_tracking":false,"_monsterinsights_sitenote_active":false,"_monsterinsights_sitenote_note":"","_monsterinsights_sitenote_category":0},"product_brand":[],"product_cat":[12370,12304],"product_tag":[],"class_list":{"0":"post-734186","1":"product","2":"type-product","3":"status-publish","5":"product_cat-arastirma-inceleme","6":"product_cat-tarih","7":"pa_cilt-ciltsiz","8":"pa_tur-kitap","9":"pa_yayinevi-pankus-yayinlari","10":"pa_yazar-gurbuz-evren","12":"first","13":"instock","14":"sale","15":"shipping-taxable","16":"purchasable","17":"product-type-simple"},"_links":{"self":[{"href":"https:\/\/roveyayinevi.com.tr\/index.php\/wp-json\/wp\/v2\/product\/734186","targetHints":{"allow":["GET"]}}],"collection":[{"href":"https:\/\/roveyayinevi.com.tr\/index.php\/wp-json\/wp\/v2\/product"}],"about":[{"href":"https:\/\/roveyayinevi.com.tr\/index.php\/wp-json\/wp\/v2\/types\/product"}],"wp:attachment":[{"href":"https:\/\/roveyayinevi.com.tr\/index.php\/wp-json\/wp\/v2\/media?parent=734186"}],"wp:term":[{"taxonomy":"product_brand","embeddable":true,"href":"https:\/\/roveyayinevi.com.tr\/index.php\/wp-json\/wp\/v2\/product_brand?post=734186"},{"taxonomy":"product_cat","embeddable":true,"href":"https:\/\/roveyayinevi.com.tr\/index.php\/wp-json\/wp\/v2\/product_cat?post=734186"},{"taxonomy":"product_tag","embeddable":true,"href":"https:\/\/roveyayinevi.com.tr\/index.php\/wp-json\/wp\/v2\/product_tag?post=734186"}],"curies":[{"name":"wp","href":"https:\/\/api.w.org\/{rel}","templated":true}]}}