{"id":734185,"date":"2025-08-27T22:23:33","date_gmt":"2025-08-27T19:23:33","guid":{"rendered":"https:\/\/roveyayinevi.com.tr\/index.php\/urun\/ic-catisma-ve-dis-mudahale-kiskacinda-afganistan\/"},"modified":"2026-04-16T02:42:00","modified_gmt":"2026-04-15T23:42:00","slug":"ic-catisma-ve-dis-mudahale-kiskacinda-afganistan","status":"publish","type":"product","link":"https:\/\/roveyayinevi.com.tr\/index.php\/urun\/ic-catisma-ve-dis-mudahale-kiskacinda-afganistan\/","title":{"rendered":"\u0130\u00e7 \u00c7at\u0131\u015fma ve D\u0131\u015f M\u00fcdahale K\u0131skac\u0131nda Afganistan"},"content":{"rendered":"<p>Yak\u0131n dostumuz, uzaktaki kom\u015fumuz Afganistan. Kadim medeniyetlerin kav\u015fa\u011f\u0131nda emperyal g\u00fc\u00e7lerin d\u00f6v\u00fc\u015f alan\u0131. B\u00fcy\u00fck \u0130skender&#8217;den \u0130ngiliz \u0130mparatorlu\u011fu&#8217;na, SSCB&#8217;den ABD&#8217;ye kadar hi\u00e7bir g\u00fc\u00e7 buraya hakim olamam\u0131\u015f. Ama direni\u015f k\u00fclt\u00fcr\u00fcn\u00fcn timsali olan bu onurlu halk, sava\u015flar\u0131 kazansa da bar\u0131\u015f\u0131 hep kaybetmi\u015f; \u00fclkesini i\u00e7 \u00e7at\u0131\u015fmalar\u0131n y\u0131k\u0131m ve sefaletinden, \u015fiddet ve ba\u011fnazl\u0131k sarmal\u0131ndan kurtaramam\u0131\u015f. \u015eimdi de ABD ve m\u00fcttefikleri ka\u00e7arcas\u0131na \u00fclkelerine d\u00f6nerlerken, Afgan halk\u0131 bir kez daha makis\u0131s talihiyle ba\u015f ba\u015fa b\u0131rak\u0131l\u0131yor. Ge\u00e7mi\u015fte Afganistan&#8217;a kan a\u011flatm\u0131\u015f Taliban \u00f6rg\u00fct\u00fc ikinci kez iktidara y\u00fcr\u00fcyor. T\u00fcrkiye ba\u015fta olmak \u00fczere Bat\u0131 \u00fclkeleri yeni bir m\u00fclteci ak\u0131n\u0131yla kar\u015f\u0131 kar\u015f\u0131ya.Bu eserde Afganistan&#8217;\u0131n tarihi, sosyal ve siyasal yap\u0131s\u0131, \u00e7at\u0131\u015fma dinamikleri, iktidar kavgalar\u0131, d\u0131\u015f m\u00fcdahaleler ve bar\u0131\u015f form\u00fclleri bilimsel olarak inceleniyor. Dr. Ali R\u0131za Ku\u011fu, Afganistan&#8217;da d\u0131\u015far\u0131dan dayat\u0131lan hegemonik bir bar\u0131\u015f yerine, \u00fclkenin toprak b\u00fct\u00fcnl\u00fc\u011f\u00fc ve \u00fcniter yap\u0131s\u0131 i\u00e7inde, ortak kimli\u011fi g\u00fc\u00e7lendiren ancak \u00e7o\u011fulcu, g\u00fcvenlik ve \u00f6zg\u00fcrl\u00fck dengesini tutturmu\u015f, sivil toplumu destekleyen yerli bir bar\u0131\u015f\u0131n kal\u0131c\u0131 olabilece\u011finin alt\u0131n\u0131 \u00e7iziyor.<\/p>\n","protected":false},"excerpt":{"rendered":"<p>Yak\u0131n dostumuz, uzaktaki kom\u015fumuz Afganistan. Kadim medeniyetlerin kav\u015fa\u011f\u0131nda emperyal g\u00fc\u00e7lerin d\u00f6v\u00fc\u015f alan\u0131. B\u00fcy\u00fck \u0130skender&#8217;den \u0130ngiliz \u0130mparatorlu\u011fu&#8217;na, SSCB&#8217;den ABD&#8217;ye kadar hi\u00e7bir g\u00fc\u00e7 buraya hakim olamam\u0131\u015f. Ama direni\u015f<span class=\"excerpt-hellip\"> [\u2026]<\/span><\/p>\n","protected":false},"featured_media":0,"template":"","meta":{"_monsterinsights_skip_tracking":false,"_monsterinsights_sitenote_active":false,"_monsterinsights_sitenote_note":"","_monsterinsights_sitenote_category":0},"product_brand":[],"product_cat":[12338,12337],"product_tag":[],"class_list":{"0":"post-734185","1":"product","2":"type-product","3":"status-publish","5":"product_cat-dunya-siyaseti-ve-politikasi","6":"product_cat-politika-siyaset","7":"pa_cilt-ciltsiz","8":"pa_tur-kitap","9":"pa_yayinevi-pankus-yayinlari","10":"pa_yazar-ali-riza-kugu","12":"first","13":"instock","14":"sale","15":"shipping-taxable","16":"purchasable","17":"product-type-simple"},"_links":{"self":[{"href":"https:\/\/roveyayinevi.com.tr\/index.php\/wp-json\/wp\/v2\/product\/734185","targetHints":{"allow":["GET"]}}],"collection":[{"href":"https:\/\/roveyayinevi.com.tr\/index.php\/wp-json\/wp\/v2\/product"}],"about":[{"href":"https:\/\/roveyayinevi.com.tr\/index.php\/wp-json\/wp\/v2\/types\/product"}],"wp:attachment":[{"href":"https:\/\/roveyayinevi.com.tr\/index.php\/wp-json\/wp\/v2\/media?parent=734185"}],"wp:term":[{"taxonomy":"product_brand","embeddable":true,"href":"https:\/\/roveyayinevi.com.tr\/index.php\/wp-json\/wp\/v2\/product_brand?post=734185"},{"taxonomy":"product_cat","embeddable":true,"href":"https:\/\/roveyayinevi.com.tr\/index.php\/wp-json\/wp\/v2\/product_cat?post=734185"},{"taxonomy":"product_tag","embeddable":true,"href":"https:\/\/roveyayinevi.com.tr\/index.php\/wp-json\/wp\/v2\/product_tag?post=734185"}],"curies":[{"name":"wp","href":"https:\/\/api.w.org\/{rel}","templated":true}]}}